{"id":6404,"date":"2026-03-03T18:26:00","date_gmt":"2026-03-03T17:26:00","guid":{"rendered":"https:\/\/www.collectifetcie.fr\/?page_id=6404"},"modified":"2026-04-10T13:36:57","modified_gmt":"2026-04-10T11:36:57","slug":"fiesta","status":"publish","type":"page","link":"https:\/\/www.collectifetcie.fr\/index.php\/les-artistes\/lisa-pajon-hedi-tillette-de-clermont-tonnerre-theatre-irruptionnel\/fiesta\/","title":{"rendered":"FIESTA"},"content":{"rendered":"\n<div class=\"wp-block-columns is-layout-flex wp-container-core-columns-is-layout-9d6595d7 wp-block-columns-is-layout-flex\">\n<div class=\"wp-block-column is-layout-flow wp-block-column-is-layout-flow\" style=\"flex-basis:33.34%\">\n<div class=\"wp-block-columns is-layout-flex wp-container-core-columns-is-layout-9d6595d7 wp-block-columns-is-layout-flex\">\n<div class=\"wp-block-column is-layout-flow wp-block-column-is-layout-flow\" style=\"flex-basis:100%\">\n<div class=\"wp-block-group\"><div class=\"wp-block-group__inner-container is-layout-flow wp-block-group-is-layout-flow\">\n<figure class=\"wp-block-embed is-type-video is-provider-youtube wp-block-embed-youtube wp-embed-aspect-16-9 wp-has-aspect-ratio\"><div class=\"wp-block-embed__wrapper\">\n<iframe loading=\"lazy\" title=\"Teaser Fiesta\" width=\"640\" height=\"360\" src=\"https:\/\/www.youtube.com\/embed\/BwZQ3h0DUig?start=5&#038;feature=oembed\" frameborder=\"0\" allow=\"accelerometer; autoplay; clipboard-write; encrypted-media; gyroscope; picture-in-picture; web-share\" referrerpolicy=\"strict-origin-when-cross-origin\" allowfullscreen><\/iframe>\n<\/div><figcaption class=\"wp-element-caption\">r\u00e9alisation et montage C\u00e9cile Lahaie<\/figcaption><\/figure>\n<\/div><\/div>\n<\/div>\n<\/div>\n<\/div>\n\n\n\n<div class=\"wp-block-column is-layout-flow wp-block-column-is-layout-flow\" style=\"flex-basis:33.34%\"><div class=\"wp-block-image\">\n<figure class=\"aligncenter size-full\"><img loading=\"lazy\" decoding=\"async\" width=\"300\" height=\"200\" src=\"https:\/\/www.collectifetcie.fr\/wp-content\/uploads\/2026\/03\/Copy-of-EDITED-HD-8C7A2853-300x200-1.jpg\" alt=\"\" class=\"wp-image-6417\"\/><figcaption class=\"wp-element-caption\">\u00a9mathieucamillecolin<\/figcaption><\/figure>\n<\/div><\/div>\n\n\n\n<div class=\"wp-block-column is-layout-flow wp-block-column-is-layout-flow\" style=\"flex-basis:33.33%\">\n<figure class=\"wp-block-image size-full\"><img loading=\"lazy\" decoding=\"async\" width=\"300\" height=\"200\" src=\"https:\/\/www.collectifetcie.fr\/wp-content\/uploads\/2026\/03\/Copy-of-EDITED-HD-8C7A2612-300x200-1.jpg\" alt=\"\" class=\"wp-image-6419\"\/><figcaption class=\"wp-element-caption\">\u00a9mathieucamillecolin<\/figcaption><\/figure>\n<\/div>\n<\/div>\n\n\n\n<p class=\"has-text-align-center has-white-color has-text-color has-background has-medium-font-size\" style=\"background-color:#007c89\"><strong><strong>g\u00e9n\u00e9rique \/ r\u00e9sum\u00e9 \/ dossiers \/ calendrier <\/strong><\/strong><\/p>\n\n\n\n<div class=\"wp-block-columns is-layout-flex wp-container-core-columns-is-layout-9d6595d7 wp-block-columns-is-layout-flex\">\n<div class=\"wp-block-column is-layout-flow wp-block-column-is-layout-flow\">\n<p class=\"has-background\" id=\"g\u00e9n\u00e9rique\" style=\"background-color:#bfd541;font-size:15px\"><strong><br><\/strong>texte <strong><strong>Gwendoline Soublin<br><\/strong><\/strong>mise en sc\u00e8ne <strong><strong>Julie Pilod<\/strong><\/strong><br>sc\u00e9nographie, costumes <strong>Solenne Mockelyn<\/strong><br>cr\u00e9ation lumi\u00e8re <strong>Kelig Le Bars<br><\/strong>cr\u00e9ation son <strong>Nicolas Delbart<\/strong><br><br>avec<br><strong>Lisa Pajon<\/strong><br><strong>Olivier Sangwa<\/strong><br><strong>H\u00e9di Tillette de Clermont-Tonnerre<\/strong><br><strong>Carles Romero Vidal<\/strong><\/p>\n\n\n\n<p class=\"has-text-color\" style=\"color:#007c89;font-size:17px\"><strong>CAPTATION SUR DEMANDE<\/strong><br><br><\/p>\n<\/div>\n\n\n\n<div class=\"wp-block-column is-layout-flow wp-block-column-is-layout-flow\">\n<p id=\"r\u00e9sum\u00e9\" style=\"font-size:15px\">Quatre amis se retrouvent chaque ann\u00e9e pour f\u00eater et redonner vie \u00e0 Nono, leur ami d&rsquo;enfance si myst\u00e9rieux. Ce sera pour eux l&rsquo;occasion de revivre une ann\u00e9e bien particuli\u00e8re.<br>Depuis toujours Nono n&rsquo;a qu&rsquo;une id\u00e9e en t\u00eate : faire une gigantesque fiesta pour ses dix ans avec sa bande amis. Parce que 10 ans, c&rsquo;est un \u00e2ge important, lumineux o\u00f9 l&rsquo;on n&rsquo;est plus tout \u00e0 fait tr\u00e8s petit mais pas encore tout \u00e0 fait trop grand<br>Seulement quand la temp\u00eate <em>Marie-Th\u00e9r\u00e8se <\/em>d\u00e9barque et fait souffler sur le pays ses bourrasques furieuses, tout est remis en question. Les autorit\u00e9s ordonnent aux citoyens de rester chez eux. La bande de copains se retrouve enferm\u00e9e dans leur immeuble. Nono, seul dans l&rsquo;immeuble d&rsquo;en face communique avec ses copains en leur lan\u00e7ant des boulettes de papier. Hors de question pour lui d&rsquo;annuler son anniversaire. Les copains s&rsquo;interrogent : Faut-il braver la bourrasque mortelle pour c\u00e9l\u00e9brer Nono ou s&rsquo;enfermer \u00e0 quadruple tours chez soi ? Dix ans, au fond, \u00e7a compte vraiment ?<br>Comment se dire \u00ab je t&rsquo;aime \u00bb s&rsquo;il n&rsquo;y a plus de fiesta !<\/p>\n<\/div>\n\n\n\n<div class=\"wp-block-column is-layout-flow wp-block-column-is-layout-flow\">\n<p class=\"has-black-color has-text-color has-background has-small-font-size\" style=\"background-color:#bfd541\"><strong>production <\/strong>Th\u00e9\u00e2tre Irruptionnel <strong>Coproduction <\/strong>Th\u00e9\u00e2tre de Verdure du Jardin Shakespeare, avec le soutien de la Ville de Paris et de la R\u00e9gion Ile-de-France<br><br>Remerciements&nbsp;: C\u00e9cile Kretschmar, Amina Rezig, Andr\u00e9 Robert, Flavien Gaudon, Mariane Gra\u00e7a, Marc Gini\u00e8res et les enfants&nbsp;: Alice, Wanda, Adrielle, Ezechiel, Jo\u00ebl, Eden et N\u00e9ria.<br><br>Le Th\u00e9\u00e2tre Irruptionnel est conventionn\u00e9 par la R\u00e9gion Nouvelle-Aquitaine depuis 2019 et soutenu par la DRAC Nouvelle-Aquitaine.<strong><br><\/strong><br><\/p>\n\n\n\n<p class=\"has-text-color\" style=\"color:#007c89\"><strong>DUREE 50mn<\/strong><\/p>\n\n\n\n<p class=\"has-text-color has-link-color wp-elements-000cf347677f556f9887a83010742862\" style=\"color:#007c89\">Ce spectacle est propos\u00e9 dans diff\u00e9rents formats :<br>&#8211; <strong><strong>pour le plein air<\/strong><\/strong><br>&#8211; <strong>pour la salle<\/strong> <br>(en recherche de r\u00e9sidence de cr\u00e9ation version salle 2026\/27)<br><\/p>\n\n\n\n<p class=\"has-black-color has-text-color has-background has-small-font-size\" style=\"background-color:#bfd541\"><strong>Contact <\/strong><br><strong>Adminsitration<br><\/strong>Fanny LAURENT &#8211; 06 99 45 88 76 theatre.irruptionnel.cie@gmail.com<br><br><strong>diffusion<br><\/strong>Estelle Delorme 06 77 13 30 88 &#8211; estelle.delorme@collectifetcie.fr<br>G\u00e9raldine Morier-Genoud <br>06 20 41 41 25<br>geraldine.moriergenoud@collectifetcie.fr<\/p>\n<\/div>\n<\/div>\n\n\n\n<div class=\"wp-block-buttons is-horizontal is-content-justification-space-between is-layout-flex wp-container-core-buttons-is-layout-9262d1ff wp-block-buttons-is-layout-flex\">\n<div class=\"wp-block-button is-style-fill\"><a class=\"wp-block-button__link has-white-color has-text-color has-background wp-element-button\" href=\"https:\/\/www.collectifetcie.fr\/wp-content\/uploads\/2026\/03\/Dossier-Diff-Fiesta-09-03-26.pdf\" style=\"background-color:#bfd451\"><strong>Dossier de diffusion<\/strong><\/a><\/div>\n<\/div>\n\n\n\n<div style=\"height:11px\" aria-hidden=\"true\" class=\"wp-block-spacer\"><\/div>\n\n\n\n<p class=\"has-white-color has-text-color has-background has-medium-font-size\" style=\"background-color:#007c89\"><strong>DIFFUSION  2025<\/strong>\/26<\/p>\n\n\n\n<p style=\"font-size:14px\"><strong><a href=\"https:\/\/letheatredeverdure.com\/\">Saison du Th\u00e9\u00e2tre de Verdure<\/a> Bois de Boulogne &#8211; Paris \u00e9dition 2026 <\/strong>> <strong>du 30 mai au 04 juillet 2026<\/strong><br><em>repr\u00e9sentations en plein air<\/em><strong><br>vendredi 29 mai <\/strong>2026 &#8211; 10h (repr\u00e9sentation scolaire)<br><strong>samedi 30 mai <\/strong>2026 &#8211; 11H<br><strong>jeudi 04 juin<\/strong> 2026 &#8211; 10h (repr\u00e9sentation scolaire)<br><strong>samedi 06 juin <\/strong>2026 &#8211; 11H<br><strong>dimanche 07 juin <\/strong>2026 &#8211; 11H<br><strong>samedi 13 juin <\/strong>2026 &#8211; 11H<br><strong>dimanche 14 juin <\/strong>2026 &#8211; 11H<br><strong>lundi 15 juin  <\/strong>2026 &#8211; 10h (repr\u00e9sentation scolaire)<br><strong>vendredi 19 juin  <\/strong>2026 &#8211; 10h (repr\u00e9sentation scolaire)<br><strong>samedi 20 juin <\/strong>2026 &#8211; 11H<br><strong>dimanche 21 juin <\/strong>2026 &#8211; 11H<br><strong>samedi 27 juin <\/strong>2026 &#8211; 11H<br><strong>dimanche 28 juin <\/strong>2026 &#8211; 11H<br><strong>samedi <\/strong>4 Juillet 2026 &#8211; 11h<\/p>\n\n\n\n<p style=\"font-size:14px\"><a href=\"https:\/\/www.clamart.fr\/fr\/annuaire-des-equipements\/theatre-de-verdure\"><strong>Th\u00e9\u00e2tre de Verdure de Clamart<\/strong><\/a><br><em>repr\u00e9sentation en plein air<\/em><br><strong>dimanche 31 mai <\/strong>2026 &#8211; 11H<br><\/p>\n\n\n\n<p><\/p>\n\n\n\n<p><\/p>\n\n\n\n<p><\/p>\n","protected":false},"excerpt":{"rendered":"<p>g\u00e9n\u00e9rique \/ r\u00e9sum\u00e9 \/ dossiers \/ calendrier texte Gwendoline Soublinmise en sc\u00e8ne Julie Pilodsc\u00e9nographie, costumes Solenne Mockelyncr\u00e9ation lumi\u00e8re Kelig Le Barscr\u00e9ation son Nicolas Delbart avecLisa PajonOlivier SangwaH\u00e9di Tillette de Clermont-TonnerreCarles Romero Vidal CAPTATION SUR DEMANDE Quatre amis se retrouvent chaque ann\u00e9e pour f\u00eater et redonner vie \u00e0 Nono, leur ami d&rsquo;enfance si myst\u00e9rieux. Ce sera [&hellip;]<\/p>\n","protected":false},"author":1,"featured_media":0,"parent":4609,"menu_order":1,"comment_status":"closed","ping_status":"closed","template":"template-full.php","meta":{"footnotes":""},"class_list":["post-6404","page","type-page","status-publish","hentry"],"yoast_head":"<!-- This site is optimized with the Yoast SEO plugin v27.4 - https:\/\/yoast.com\/product\/yoast-seo-wordpress\/ -->\n<title>FIESTA - collectif et compagnie<\/title>\n<meta name=\"robots\" content=\"index, follow, max-snippet:-1, max-image-preview:large, max-video-preview:-1\" \/>\n<link rel=\"canonical\" href=\"https:\/\/www.collectifetcie.fr\/index.php\/les-artistes\/lisa-pajon-hedi-tillette-de-clermont-tonnerre-theatre-irruptionnel\/fiesta\/\" \/>\n<meta property=\"og:locale\" content=\"fr_FR\" \/>\n<meta property=\"og:type\" content=\"article\" \/>\n<meta property=\"og:title\" content=\"FIESTA - collectif et compagnie\" \/>\n<meta property=\"og:description\" content=\"g\u00e9n\u00e9rique \/ r\u00e9sum\u00e9 \/ dossiers \/ calendrier texte Gwendoline Soublinmise en sc\u00e8ne Julie Pilodsc\u00e9nographie, costumes Solenne Mockelyncr\u00e9ation lumi\u00e8re Kelig Le Barscr\u00e9ation son Nicolas Delbart avecLisa PajonOlivier SangwaH\u00e9di Tillette de Clermont-TonnerreCarles Romero Vidal CAPTATION SUR DEMANDE Quatre amis se retrouvent chaque ann\u00e9e pour f\u00eater et redonner vie \u00e0 Nono, leur ami d&rsquo;enfance si myst\u00e9rieux. Ce sera [&hellip;]\" \/>\n<meta property=\"og:url\" content=\"https:\/\/www.collectifetcie.fr\/index.php\/les-artistes\/lisa-pajon-hedi-tillette-de-clermont-tonnerre-theatre-irruptionnel\/fiesta\/\" \/>\n<meta property=\"og:site_name\" content=\"collectif et compagnie\" \/>\n<meta property=\"article:modified_time\" content=\"2026-04-10T11:36:57+00:00\" \/>\n<meta property=\"og:image\" content=\"https:\/\/www.collectifetcie.fr\/wp-content\/uploads\/2026\/03\/Copy-of-EDITED-HD-8C7A2853-300x200-1.jpg\" \/>\n\t<meta property=\"og:image:width\" content=\"300\" \/>\n\t<meta property=\"og:image:height\" content=\"200\" \/>\n\t<meta property=\"og:image:type\" content=\"image\/jpeg\" \/>\n<meta name=\"twitter:card\" content=\"summary_large_image\" \/>\n<meta name=\"twitter:label1\" content=\"Dur\u00e9e de lecture estim\u00e9e\" \/>\n\t<meta name=\"twitter:data1\" content=\"3 minutes\" \/>\n<script type=\"application\/ld+json\" class=\"yoast-schema-graph\">{\"@context\":\"https:\\\/\\\/schema.org\",\"@graph\":[{\"@type\":\"WebPage\",\"@id\":\"https:\\\/\\\/www.collectifetcie.fr\\\/index.php\\\/les-artistes\\\/lisa-pajon-hedi-tillette-de-clermont-tonnerre-theatre-irruptionnel\\\/fiesta\\\/\",\"url\":\"https:\\\/\\\/www.collectifetcie.fr\\\/index.php\\\/les-artistes\\\/lisa-pajon-hedi-tillette-de-clermont-tonnerre-theatre-irruptionnel\\\/fiesta\\\/\",\"name\":\"FIESTA - collectif et compagnie\",\"isPartOf\":{\"@id\":\"https:\\\/\\\/www.collectifetcie.fr\\\/#website\"},\"primaryImageOfPage\":{\"@id\":\"https:\\\/\\\/www.collectifetcie.fr\\\/index.php\\\/les-artistes\\\/lisa-pajon-hedi-tillette-de-clermont-tonnerre-theatre-irruptionnel\\\/fiesta\\\/#primaryimage\"},\"image\":{\"@id\":\"https:\\\/\\\/www.collectifetcie.fr\\\/index.php\\\/les-artistes\\\/lisa-pajon-hedi-tillette-de-clermont-tonnerre-theatre-irruptionnel\\\/fiesta\\\/#primaryimage\"},\"thumbnailUrl\":\"https:\\\/\\\/www.collectifetcie.fr\\\/wp-content\\\/uploads\\\/2026\\\/03\\\/Copy-of-EDITED-HD-8C7A2853-300x200-1.jpg\",\"datePublished\":\"2026-03-03T17:26:00+00:00\",\"dateModified\":\"2026-04-10T11:36:57+00:00\",\"breadcrumb\":{\"@id\":\"https:\\\/\\\/www.collectifetcie.fr\\\/index.php\\\/les-artistes\\\/lisa-pajon-hedi-tillette-de-clermont-tonnerre-theatre-irruptionnel\\\/fiesta\\\/#breadcrumb\"},\"inLanguage\":\"fr-FR\",\"potentialAction\":[{\"@type\":\"ReadAction\",\"target\":[\"https:\\\/\\\/www.collectifetcie.fr\\\/index.php\\\/les-artistes\\\/lisa-pajon-hedi-tillette-de-clermont-tonnerre-theatre-irruptionnel\\\/fiesta\\\/\"]}]},{\"@type\":\"ImageObject\",\"inLanguage\":\"fr-FR\",\"@id\":\"https:\\\/\\\/www.collectifetcie.fr\\\/index.php\\\/les-artistes\\\/lisa-pajon-hedi-tillette-de-clermont-tonnerre-theatre-irruptionnel\\\/fiesta\\\/#primaryimage\",\"url\":\"https:\\\/\\\/www.collectifetcie.fr\\\/wp-content\\\/uploads\\\/2026\\\/03\\\/Copy-of-EDITED-HD-8C7A2853-300x200-1.jpg\",\"contentUrl\":\"https:\\\/\\\/www.collectifetcie.fr\\\/wp-content\\\/uploads\\\/2026\\\/03\\\/Copy-of-EDITED-HD-8C7A2853-300x200-1.jpg\",\"width\":300,\"height\":200},{\"@type\":\"BreadcrumbList\",\"@id\":\"https:\\\/\\\/www.collectifetcie.fr\\\/index.php\\\/les-artistes\\\/lisa-pajon-hedi-tillette-de-clermont-tonnerre-theatre-irruptionnel\\\/fiesta\\\/#breadcrumb\",\"itemListElement\":[{\"@type\":\"ListItem\",\"position\":1,\"name\":\"Accueil\",\"item\":\"https:\\\/\\\/www.collectifetcie.fr\\\/\"},{\"@type\":\"ListItem\",\"position\":2,\"name\":\"Artistes et compagnies\",\"item\":\"https:\\\/\\\/www.collectifetcie.fr\\\/index.php\\\/les-artistes\\\/\"},{\"@type\":\"ListItem\",\"position\":3,\"name\":\"Lisa Pajon &amp; H\u00e9di Tillette de Clermont-Tonnerre > Th\u00e9\u00e2tre Irruptionnel\",\"item\":\"https:\\\/\\\/www.collectifetcie.fr\\\/index.php\\\/les-artistes\\\/lisa-pajon-hedi-tillette-de-clermont-tonnerre-theatre-irruptionnel\\\/\"},{\"@type\":\"ListItem\",\"position\":4,\"name\":\"FIESTA\"}]},{\"@type\":\"WebSite\",\"@id\":\"https:\\\/\\\/www.collectifetcie.fr\\\/#website\",\"url\":\"https:\\\/\\\/www.collectifetcie.fr\\\/\",\"name\":\"collectif et compagnie\",\"description\":\"\",\"publisher\":{\"@id\":\"https:\\\/\\\/www.collectifetcie.fr\\\/#organization\"},\"potentialAction\":[{\"@type\":\"SearchAction\",\"target\":{\"@type\":\"EntryPoint\",\"urlTemplate\":\"https:\\\/\\\/www.collectifetcie.fr\\\/?s={search_term_string}\"},\"query-input\":{\"@type\":\"PropertyValueSpecification\",\"valueRequired\":true,\"valueName\":\"search_term_string\"}}],\"inLanguage\":\"fr-FR\"},{\"@type\":\"Organization\",\"@id\":\"https:\\\/\\\/www.collectifetcie.fr\\\/#organization\",\"name\":\"collectif et compagnie\",\"url\":\"https:\\\/\\\/www.collectifetcie.fr\\\/\",\"logo\":{\"@type\":\"ImageObject\",\"inLanguage\":\"fr-FR\",\"@id\":\"https:\\\/\\\/www.collectifetcie.fr\\\/#\\\/schema\\\/logo\\\/image\\\/\",\"url\":\"https:\\\/\\\/www.collectifetcie.fr\\\/wp-content\\\/uploads\\\/2025\\\/09\\\/cropped-Bandeau-Site-04-09-25-OK.jpg\",\"contentUrl\":\"https:\\\/\\\/www.collectifetcie.fr\\\/wp-content\\\/uploads\\\/2025\\\/09\\\/cropped-Bandeau-Site-04-09-25-OK.jpg\",\"width\":1616,\"height\":234,\"caption\":\"collectif et compagnie\"},\"image\":{\"@id\":\"https:\\\/\\\/www.collectifetcie.fr\\\/#\\\/schema\\\/logo\\\/image\\\/\"}}]}<\/script>\n<!-- \/ Yoast SEO plugin. -->","yoast_head_json":{"title":"FIESTA - collectif et compagnie","robots":{"index":"index","follow":"follow","max-snippet":"max-snippet:-1","max-image-preview":"max-image-preview:large","max-video-preview":"max-video-preview:-1"},"canonical":"https:\/\/www.collectifetcie.fr\/index.php\/les-artistes\/lisa-pajon-hedi-tillette-de-clermont-tonnerre-theatre-irruptionnel\/fiesta\/","og_locale":"fr_FR","og_type":"article","og_title":"FIESTA - collectif et compagnie","og_description":"g\u00e9n\u00e9rique \/ r\u00e9sum\u00e9 \/ dossiers \/ calendrier texte Gwendoline Soublinmise en sc\u00e8ne Julie Pilodsc\u00e9nographie, costumes Solenne Mockelyncr\u00e9ation lumi\u00e8re Kelig Le Barscr\u00e9ation son Nicolas Delbart avecLisa PajonOlivier SangwaH\u00e9di Tillette de Clermont-TonnerreCarles Romero Vidal CAPTATION SUR DEMANDE Quatre amis se retrouvent chaque ann\u00e9e pour f\u00eater et redonner vie \u00e0 Nono, leur ami d&rsquo;enfance si myst\u00e9rieux. Ce sera [&hellip;]","og_url":"https:\/\/www.collectifetcie.fr\/index.php\/les-artistes\/lisa-pajon-hedi-tillette-de-clermont-tonnerre-theatre-irruptionnel\/fiesta\/","og_site_name":"collectif et compagnie","article_modified_time":"2026-04-10T11:36:57+00:00","og_image":[{"width":300,"height":200,"url":"https:\/\/www.collectifetcie.fr\/wp-content\/uploads\/2026\/03\/Copy-of-EDITED-HD-8C7A2853-300x200-1.jpg","type":"image\/jpeg"}],"twitter_card":"summary_large_image","twitter_misc":{"Dur\u00e9e de lecture estim\u00e9e":"3 minutes"},"schema":{"@context":"https:\/\/schema.org","@graph":[{"@type":"WebPage","@id":"https:\/\/www.collectifetcie.fr\/index.php\/les-artistes\/lisa-pajon-hedi-tillette-de-clermont-tonnerre-theatre-irruptionnel\/fiesta\/","url":"https:\/\/www.collectifetcie.fr\/index.php\/les-artistes\/lisa-pajon-hedi-tillette-de-clermont-tonnerre-theatre-irruptionnel\/fiesta\/","name":"FIESTA - collectif et compagnie","isPartOf":{"@id":"https:\/\/www.collectifetcie.fr\/#website"},"primaryImageOfPage":{"@id":"https:\/\/www.collectifetcie.fr\/index.php\/les-artistes\/lisa-pajon-hedi-tillette-de-clermont-tonnerre-theatre-irruptionnel\/fiesta\/#primaryimage"},"image":{"@id":"https:\/\/www.collectifetcie.fr\/index.php\/les-artistes\/lisa-pajon-hedi-tillette-de-clermont-tonnerre-theatre-irruptionnel\/fiesta\/#primaryimage"},"thumbnailUrl":"https:\/\/www.collectifetcie.fr\/wp-content\/uploads\/2026\/03\/Copy-of-EDITED-HD-8C7A2853-300x200-1.jpg","datePublished":"2026-03-03T17:26:00+00:00","dateModified":"2026-04-10T11:36:57+00:00","breadcrumb":{"@id":"https:\/\/www.collectifetcie.fr\/index.php\/les-artistes\/lisa-pajon-hedi-tillette-de-clermont-tonnerre-theatre-irruptionnel\/fiesta\/#breadcrumb"},"inLanguage":"fr-FR","potentialAction":[{"@type":"ReadAction","target":["https:\/\/www.collectifetcie.fr\/index.php\/les-artistes\/lisa-pajon-hedi-tillette-de-clermont-tonnerre-theatre-irruptionnel\/fiesta\/"]}]},{"@type":"ImageObject","inLanguage":"fr-FR","@id":"https:\/\/www.collectifetcie.fr\/index.php\/les-artistes\/lisa-pajon-hedi-tillette-de-clermont-tonnerre-theatre-irruptionnel\/fiesta\/#primaryimage","url":"https:\/\/www.collectifetcie.fr\/wp-content\/uploads\/2026\/03\/Copy-of-EDITED-HD-8C7A2853-300x200-1.jpg","contentUrl":"https:\/\/www.collectifetcie.fr\/wp-content\/uploads\/2026\/03\/Copy-of-EDITED-HD-8C7A2853-300x200-1.jpg","width":300,"height":200},{"@type":"BreadcrumbList","@id":"https:\/\/www.collectifetcie.fr\/index.php\/les-artistes\/lisa-pajon-hedi-tillette-de-clermont-tonnerre-theatre-irruptionnel\/fiesta\/#breadcrumb","itemListElement":[{"@type":"ListItem","position":1,"name":"Accueil","item":"https:\/\/www.collectifetcie.fr\/"},{"@type":"ListItem","position":2,"name":"Artistes et compagnies","item":"https:\/\/www.collectifetcie.fr\/index.php\/les-artistes\/"},{"@type":"ListItem","position":3,"name":"Lisa Pajon &amp; H\u00e9di Tillette de Clermont-Tonnerre > Th\u00e9\u00e2tre Irruptionnel","item":"https:\/\/www.collectifetcie.fr\/index.php\/les-artistes\/lisa-pajon-hedi-tillette-de-clermont-tonnerre-theatre-irruptionnel\/"},{"@type":"ListItem","position":4,"name":"FIESTA"}]},{"@type":"WebSite","@id":"https:\/\/www.collectifetcie.fr\/#website","url":"https:\/\/www.collectifetcie.fr\/","name":"collectif et compagnie","description":"","publisher":{"@id":"https:\/\/www.collectifetcie.fr\/#organization"},"potentialAction":[{"@type":"SearchAction","target":{"@type":"EntryPoint","urlTemplate":"https:\/\/www.collectifetcie.fr\/?s={search_term_string}"},"query-input":{"@type":"PropertyValueSpecification","valueRequired":true,"valueName":"search_term_string"}}],"inLanguage":"fr-FR"},{"@type":"Organization","@id":"https:\/\/www.collectifetcie.fr\/#organization","name":"collectif et compagnie","url":"https:\/\/www.collectifetcie.fr\/","logo":{"@type":"ImageObject","inLanguage":"fr-FR","@id":"https:\/\/www.collectifetcie.fr\/#\/schema\/logo\/image\/","url":"https:\/\/www.collectifetcie.fr\/wp-content\/uploads\/2025\/09\/cropped-Bandeau-Site-04-09-25-OK.jpg","contentUrl":"https:\/\/www.collectifetcie.fr\/wp-content\/uploads\/2025\/09\/cropped-Bandeau-Site-04-09-25-OK.jpg","width":1616,"height":234,"caption":"collectif et compagnie"},"image":{"@id":"https:\/\/www.collectifetcie.fr\/#\/schema\/logo\/image\/"}}]}},"_links":{"self":[{"href":"https:\/\/www.collectifetcie.fr\/index.php\/wp-json\/wp\/v2\/pages\/6404","targetHints":{"allow":["GET"]}}],"collection":[{"href":"https:\/\/www.collectifetcie.fr\/index.php\/wp-json\/wp\/v2\/pages"}],"about":[{"href":"https:\/\/www.collectifetcie.fr\/index.php\/wp-json\/wp\/v2\/types\/page"}],"author":[{"embeddable":true,"href":"https:\/\/www.collectifetcie.fr\/index.php\/wp-json\/wp\/v2\/users\/1"}],"replies":[{"embeddable":true,"href":"https:\/\/www.collectifetcie.fr\/index.php\/wp-json\/wp\/v2\/comments?post=6404"}],"version-history":[{"count":17,"href":"https:\/\/www.collectifetcie.fr\/index.php\/wp-json\/wp\/v2\/pages\/6404\/revisions"}],"predecessor-version":[{"id":6526,"href":"https:\/\/www.collectifetcie.fr\/index.php\/wp-json\/wp\/v2\/pages\/6404\/revisions\/6526"}],"up":[{"embeddable":true,"href":"https:\/\/www.collectifetcie.fr\/index.php\/wp-json\/wp\/v2\/pages\/4609"}],"wp:attachment":[{"href":"https:\/\/www.collectifetcie.fr\/index.php\/wp-json\/wp\/v2\/media?parent=6404"}],"curies":[{"name":"wp","href":"https:\/\/api.w.org\/{rel}","templated":true}]}}