{"id":6158,"date":"2025-12-18T14:15:45","date_gmt":"2025-12-18T13:15:45","guid":{"rendered":"https:\/\/www.collectifetcie.fr\/?page_id=6158"},"modified":"2026-01-26T16:25:37","modified_gmt":"2026-01-26T15:25:37","slug":"la-tribu-titre-provisoire","status":"publish","type":"page","link":"https:\/\/www.collectifetcie.fr\/index.php\/les-artistes\/lauren-houda-hussein-ido-shaked-theatre-majaz-2\/la-tribu-titre-provisoire\/","title":{"rendered":"LA TRIBU (titre provisoire)"},"content":{"rendered":"\n<div class=\"wp-block-columns is-layout-flex wp-container-core-columns-is-layout-9d6595d7 wp-block-columns-is-layout-flex\">\n<div class=\"wp-block-column is-layout-flow wp-block-column-is-layout-flow\" style=\"flex-basis:33.34%\">\n<figure class=\"wp-block-gallery has-nested-images columns-default is-cropped wp-block-gallery-1 is-layout-flex wp-block-gallery-is-layout-flex\">\n<figure class=\"wp-block-image size-full\"><img loading=\"lazy\" decoding=\"async\" width=\"886\" height=\"591\" data-id=\"6166\" src=\"https:\/\/www.collectifetcie.fr\/wp-content\/uploads\/2025\/12\/carre-site-jaune.ind_-edited.jpg\" alt=\"\" class=\"wp-image-6166\" srcset=\"https:\/\/www.collectifetcie.fr\/wp-content\/uploads\/2025\/12\/carre-site-jaune.ind_-edited.jpg 886w, https:\/\/www.collectifetcie.fr\/wp-content\/uploads\/2025\/12\/carre-site-jaune.ind_-edited-300x200.jpg 300w, https:\/\/www.collectifetcie.fr\/wp-content\/uploads\/2025\/12\/carre-site-jaune.ind_-edited-768x512.jpg 768w\" sizes=\"auto, (max-width: 886px) 100vw, 886px\" \/><\/figure>\n<\/figure>\n<\/div>\n\n\n\n<div class=\"wp-block-column is-layout-flow wp-block-column-is-layout-flow\" style=\"flex-basis:33.34%\">\n<figure class=\"wp-block-gallery has-nested-images columns-default is-cropped wp-block-gallery-2 is-layout-flex wp-block-gallery-is-layout-flex\">\n<figure class=\"wp-block-image size-large\"><img loading=\"lazy\" decoding=\"async\" width=\"1024\" height=\"683\" data-id=\"2512\" src=\"https:\/\/www.collectifetcie.fr\/wp-content\/uploads\/2022\/11\/Lauren-et-Ido-\u00a9-Aurelien-Kirchner-light\u2014-Chateauvallon-Liberte-scene-nationale-1024x683.jpg\" alt=\"\" class=\"wp-image-2512\" srcset=\"https:\/\/www.collectifetcie.fr\/wp-content\/uploads\/2022\/11\/Lauren-et-Ido-\u00a9-Aurelien-Kirchner-light\u2014-Chateauvallon-Liberte-scene-nationale-1024x683.jpg 1024w, https:\/\/www.collectifetcie.fr\/wp-content\/uploads\/2022\/11\/Lauren-et-Ido-\u00a9-Aurelien-Kirchner-light\u2014-Chateauvallon-Liberte-scene-nationale-300x200.jpg 300w, https:\/\/www.collectifetcie.fr\/wp-content\/uploads\/2022\/11\/Lauren-et-Ido-\u00a9-Aurelien-Kirchner-light\u2014-Chateauvallon-Liberte-scene-nationale-768x512.jpg 768w, https:\/\/www.collectifetcie.fr\/wp-content\/uploads\/2022\/11\/Lauren-et-Ido-\u00a9-Aurelien-Kirchner-light\u2014-Chateauvallon-Liberte-scene-nationale-1536x1024.jpg 1536w, https:\/\/www.collectifetcie.fr\/wp-content\/uploads\/2022\/11\/Lauren-et-Ido-\u00a9-Aurelien-Kirchner-light\u2014-Chateauvallon-Liberte-scene-nationale-2048x1365.jpg 2048w\" sizes=\"auto, (max-width: 1024px) 100vw, 1024px\" \/><\/figure>\n<\/figure>\n<\/div>\n\n\n\n<div class=\"wp-block-column is-layout-flow wp-block-column-is-layout-flow\" style=\"flex-basis:33.33%\">\n<figure class=\"wp-block-gallery has-nested-images columns-default is-cropped wp-block-gallery-3 is-layout-flex wp-block-gallery-is-layout-flex\">\n<figure class=\"wp-block-image size-large\"><img loading=\"lazy\" decoding=\"async\" width=\"886\" height=\"591\" data-id=\"6167\" src=\"https:\/\/www.collectifetcie.fr\/wp-content\/uploads\/2025\/12\/carre-site-bleu.ind_-2-edited.jpg\" alt=\"\" class=\"wp-image-6167\" srcset=\"https:\/\/www.collectifetcie.fr\/wp-content\/uploads\/2025\/12\/carre-site-bleu.ind_-2-edited.jpg 886w, https:\/\/www.collectifetcie.fr\/wp-content\/uploads\/2025\/12\/carre-site-bleu.ind_-2-edited-300x200.jpg 300w, https:\/\/www.collectifetcie.fr\/wp-content\/uploads\/2025\/12\/carre-site-bleu.ind_-2-edited-768x512.jpg 768w\" sizes=\"auto, (max-width: 886px) 100vw, 886px\" \/><\/figure>\n<\/figure>\n<\/div>\n<\/div>\n\n\n\n<div style=\"height:20px\" aria-hidden=\"true\" class=\"wp-block-spacer\"><\/div>\n\n\n\n<p class=\"has-text-align-center has-white-color has-text-color has-background has-medium-font-size\" style=\"background-color:#007c89\"><strong><strong>g\u00e9n\u00e9rique \/ r\u00e9sum\u00e9 \/  dossier \/ calendrier <\/strong><\/strong><\/p>\n\n\n\n<div class=\"wp-block-columns is-layout-flex wp-container-core-columns-is-layout-9d6595d7 wp-block-columns-is-layout-flex\">\n<div class=\"wp-block-column is-layout-flow wp-block-column-is-layout-flow\">\n<p class=\"has-background\" id=\"g\u00e9n\u00e9rique\" style=\"background-color:#bfd541;font-size:15px\">Cr\u00e9ation Th\u00e9\u00e2tre Maj\u00e2z <br><strong>Ido Shaked<\/strong> et <strong>Lauren Houda Hussein<\/strong><br><br>mise en sc\u00e8ne <br><strong>Ido Shaked<\/strong><br>cr\u00e9ation lumi\u00e8re <br><em>en cours<\/em><br>cr\u00e9ation sonore <br><strong>Thibaut Champagne<\/strong><br><em><br><\/em>Un spectacle pour 8 com\u00e9diens (distribution en cours)<br><br><\/p>\n\n\n\n<p class=\"has-text-color has-link-color wp-elements-1eee2da5ccfbb6fc534baa7a4a250e32\" style=\"color:#007c89;font-size:18px\"><br><strong>&gt; CREATION AUTOMNE 27<\/strong><\/p>\n\n\n\n<p class=\"has-text-color has-link-color wp-elements-1f001af1bd1cd2a97133c1f94f2c52ea\" style=\"color:#007c89\">en recherche de partenaires<\/p>\n\n\n\n<p class=\"has-text-color has-link-color has-small-font-size wp-elements-d6cbf3aba130753543d71a846c1dd74b\" style=\"color:#007c89\"><br><\/p>\n<\/div>\n\n\n\n<div class=\"wp-block-column is-layout-flow wp-block-column-is-layout-flow\">\n<p style=\"font-size:15px\">\u00ab\u00a0On est quoi, au fond ? Une bande ?<br>Une tribu ? Une secte post-traumatique ?\u00a0\u00bb<br>Cette phrase, lanc\u00e9e au beau milieu d\u2019un d\u00eener de Seder qui d\u00e9raille, pourrait r\u00e9sumer \u00e0 elle seule le projet de La Tribu. Une question tendre, absurde, tragique et ironique, \u00e0 l\u2019image des familles qu\u2019on se choisit. La Tribu raconte une nuit pas comme les autres. Une nuit o\u00f9 l\u2019on ne mange pas que du pain azyme, mais o\u00f9 l\u2019on avale aussi ses contradictions, ses h\u00e9ritages et ses terreurs. Une nuit o\u00f9 l\u2019humour devient un rituel de survie.<br>Annie et C\u00e9dric, couple parisien, elle dirige une association de d\u00e9fense des droits, lui est \u00e9crivain, organisent chaque ann\u00e9e un Seder de Pessah avec leur cercle d\u2019amis. Le repas s\u2019ouvre dans le tumulte familier des verres qui s\u2019entrechoquent, des gestes un peu maladroits et des chants approximatifs qui en font le charme. Comme chaque ann\u00e9e vient ensuite leur jeu de \u201cl\u2019\u00c9gypte int\u00e9rieure\u201d, o\u00f9 chacun est invit\u00e9 \u00e0 se demander de quoi il souhaite se lib\u00e9rer. C\u2019est \u00e0 ce moment pr\u00e9cis que Ruben, leur fils de 20 ans, annonce son d\u00e9part imminent pour Isra\u00ebl, qu\u2019il d\u00e9crit comme son propre exode, et \u00e9voque la possibilit\u00e9 d\u2019y accomplir son service militaire. Un silence traverse la table. Puis la temp\u00eate \u00e9clate et la soir\u00e9e bascule.<br><br>La Tribu n\u2019est ni une pi\u00e8ce militante, ni un manifeste identitaire. C\u2019est un th\u00e9\u00e2tre des dissonances, o\u00f9 le d\u00e9saccord devient mati\u00e8re po\u00e9tique. On y parle fort pour ne pas tomber. On y d\u00e9bat pour continuer \u00e0 s\u2019aimer. Dans le chaos de cette nuit se rejoue quelque chose d\u2019ancien, sans dogme mais charg\u00e9 d\u2019histoire. Mais le th\u00e9\u00e2tre, ici, ne vient pas r\u00e9parer la rupture. Il l\u2019habite, il la regarde en face, sans chercher \u00e0 la r\u00e9soudre.<br><strong>Lauren Houda Hussein &amp; Ido Shaked<\/strong><\/p>\n<\/div>\n\n\n\n<div class=\"wp-block-column is-layout-flow wp-block-column-is-layout-flow\">\n<p class=\"has-black-color has-text-color has-background has-small-font-size\" style=\"background-color:#bfd541\"><strong>Production<\/strong>\u00a0Th\u00e9\u00e2tre Maj\u00e2z<br><strong>Coproduction (en cours)<br><\/strong>Th\u00e9\u00e2tre Dijon Bourgogne CDN, Th\u00e9\u00e2tre de la Concorde Paris, Th\u00e9\u00e2tre Jean Vilar de Vitry-sur-Seine, Centre Culturel Jean-Houdremont La Courneuve, l&rsquo;Azimut, le Bateau Feu Sc\u00e8ne Nationale Dunkerque&#8230;.<br><strong><br>Le Th\u00e9\u00e2tre Maj\u00e2z est conventionn\u00e9 par la DRAC Ile-de-France<\/strong><\/p>\n\n\n\n<p class=\"has-text-color\" style=\"color:#007c89;font-size:18px\">dur\u00e9e estim\u00e9e<\/p>\n\n\n\n<p class=\"has-black-color has-text-color has-background has-small-font-size\" style=\"background-color:#bfd541\"><strong>contacts<br>&gt; administration&nbsp;<\/strong>: Gingko Biloba B\u00e9r\u00e9nice Marchesseau<br>01 43 56 52 22<br><a href=\"mailto:gingkobiloba75@gmail.com\">gingkobiloba75@gmail.com<\/a><br><br><strong>&gt; production <\/strong><br><strong>Estelle Delorme&nbsp;<\/strong><br><strong>(33) &nbsp;(0)6 77 13 30 88<br><a href=\"mailto:estelle.delorme@collectifetcie.fr\">estelle.delorme@collectifetcie.fr&nbsp;<\/a><br><\/strong><br><meta charset=\"utf-8\"><strong>&gt; diffusion<\/strong><br><strong>G\u00e9raldine Morier-Genoud&nbsp;<\/strong><br><strong>(33) &nbsp;(0<\/strong>)<strong>6 20 41 41 25<br><a href=\"mailto:geraldine.moriergenoud@collectifetcie.fr\">geraldine.moriergenoud@collectifetcie.fr<\/a><\/strong><\/p>\n\n\n\n<p class=\"has-text-color has-link-color has-small-font-size wp-elements-16eaf26acbbd2c96ab841a837999b2d4\" style=\"color:#007c89\"><\/p>\n<\/div>\n<\/div>\n\n\n\n<div class=\"wp-block-buttons is-horizontal is-content-justification-space-between is-layout-flex wp-container-core-buttons-is-layout-9262d1ff wp-block-buttons-is-layout-flex\">\n<div class=\"wp-block-button is-style-fill\"><a class=\"wp-block-button__link has-white-color has-text-color has-background has-medium-font-size has-custom-font-size wp-element-button\" href=\"https:\/\/www.collectifetcie.fr\/wp-content\/uploads\/2025\/12\/LATRIBU1812.pdf\" style=\"border-radius:27px;background-color:#bfd541\"><strong>Dossier diffusion <\/strong><\/a><\/div>\n<\/div>\n\n\n\n<div style=\"height:11px\" aria-hidden=\"true\" class=\"wp-block-spacer\"><\/div>\n\n\n\n<p class=\"has-white-color has-text-color has-background has-medium-font-size\" style=\"background-color:#007c89\"><strong>CREATION SAISON 2027\/28 &#8211; automne<\/strong><\/p>\n\n\n\n<p style=\"font-size:14px\"><br><\/p>\n\n\n\n<p style=\"font-size:14px\"><br><\/p>\n","protected":false},"excerpt":{"rendered":"<p>g\u00e9n\u00e9rique \/ r\u00e9sum\u00e9 \/ dossier \/ calendrier Cr\u00e9ation Th\u00e9\u00e2tre Maj\u00e2z Ido Shaked et Lauren Houda Hussein mise en sc\u00e8ne Ido Shakedcr\u00e9ation lumi\u00e8re en courscr\u00e9ation sonore Thibaut ChampagneUn spectacle pour 8 com\u00e9diens (distribution en cours) &gt; CREATION AUTOMNE 27 en recherche de partenaires \u00ab\u00a0On est quoi, au fond ? Une bande ?Une tribu ? Une secte [&hellip;]<\/p>\n","protected":false},"author":1,"featured_media":0,"parent":759,"menu_order":2,"comment_status":"closed","ping_status":"closed","template":"template-full.php","meta":{"footnotes":""},"class_list":["post-6158","page","type-page","status-publish","hentry"],"yoast_head":"<!-- This site is optimized with the Yoast SEO plugin v27.5 - https:\/\/yoast.com\/product\/yoast-seo-wordpress\/ -->\n<title>LA TRIBU (titre provisoire) - collectif et compagnie<\/title>\n<meta name=\"robots\" content=\"index, follow, max-snippet:-1, max-image-preview:large, max-video-preview:-1\" \/>\n<link rel=\"canonical\" href=\"https:\/\/www.collectifetcie.fr\/index.php\/les-artistes\/lauren-houda-hussein-ido-shaked-theatre-majaz-2\/la-tribu-titre-provisoire\/\" \/>\n<meta property=\"og:locale\" content=\"fr_FR\" \/>\n<meta property=\"og:type\" content=\"article\" \/>\n<meta property=\"og:title\" content=\"LA TRIBU (titre provisoire) - collectif et compagnie\" \/>\n<meta property=\"og:description\" content=\"g\u00e9n\u00e9rique \/ r\u00e9sum\u00e9 \/ dossier \/ calendrier Cr\u00e9ation Th\u00e9\u00e2tre Maj\u00e2z Ido Shaked et Lauren Houda Hussein mise en sc\u00e8ne Ido Shakedcr\u00e9ation lumi\u00e8re en courscr\u00e9ation sonore Thibaut ChampagneUn spectacle pour 8 com\u00e9diens (distribution en cours) &gt; CREATION AUTOMNE 27 en recherche de partenaires \u00ab\u00a0On est quoi, au fond ? Une bande ?Une tribu ? Une secte [&hellip;]\" \/>\n<meta property=\"og:url\" content=\"https:\/\/www.collectifetcie.fr\/index.php\/les-artistes\/lauren-houda-hussein-ido-shaked-theatre-majaz-2\/la-tribu-titre-provisoire\/\" \/>\n<meta property=\"og:site_name\" content=\"collectif et compagnie\" \/>\n<meta property=\"article:modified_time\" content=\"2026-01-26T15:25:37+00:00\" \/>\n<meta property=\"og:image\" content=\"https:\/\/www.collectifetcie.fr\/wp-content\/uploads\/2025\/12\/carre-site-jaune.ind_-edited.jpg\" \/>\n\t<meta property=\"og:image:width\" content=\"886\" \/>\n\t<meta property=\"og:image:height\" content=\"591\" \/>\n\t<meta property=\"og:image:type\" content=\"image\/jpeg\" \/>\n<meta name=\"twitter:card\" content=\"summary_large_image\" \/>\n<meta name=\"twitter:label1\" content=\"Dur\u00e9e de lecture estim\u00e9e\" \/>\n\t<meta name=\"twitter:data1\" content=\"3 minutes\" \/>\n<script type=\"application\/ld+json\" class=\"yoast-schema-graph\">{\"@context\":\"https:\\\/\\\/schema.org\",\"@graph\":[{\"@type\":\"WebPage\",\"@id\":\"https:\\\/\\\/www.collectifetcie.fr\\\/index.php\\\/les-artistes\\\/lauren-houda-hussein-ido-shaked-theatre-majaz-2\\\/la-tribu-titre-provisoire\\\/\",\"url\":\"https:\\\/\\\/www.collectifetcie.fr\\\/index.php\\\/les-artistes\\\/lauren-houda-hussein-ido-shaked-theatre-majaz-2\\\/la-tribu-titre-provisoire\\\/\",\"name\":\"LA TRIBU (titre provisoire) - collectif et compagnie\",\"isPartOf\":{\"@id\":\"https:\\\/\\\/www.collectifetcie.fr\\\/#website\"},\"primaryImageOfPage\":{\"@id\":\"https:\\\/\\\/www.collectifetcie.fr\\\/index.php\\\/les-artistes\\\/lauren-houda-hussein-ido-shaked-theatre-majaz-2\\\/la-tribu-titre-provisoire\\\/#primaryimage\"},\"image\":{\"@id\":\"https:\\\/\\\/www.collectifetcie.fr\\\/index.php\\\/les-artistes\\\/lauren-houda-hussein-ido-shaked-theatre-majaz-2\\\/la-tribu-titre-provisoire\\\/#primaryimage\"},\"thumbnailUrl\":\"https:\\\/\\\/www.collectifetcie.fr\\\/wp-content\\\/uploads\\\/2025\\\/12\\\/carre-site-jaune.ind_-edited.jpg\",\"datePublished\":\"2025-12-18T13:15:45+00:00\",\"dateModified\":\"2026-01-26T15:25:37+00:00\",\"breadcrumb\":{\"@id\":\"https:\\\/\\\/www.collectifetcie.fr\\\/index.php\\\/les-artistes\\\/lauren-houda-hussein-ido-shaked-theatre-majaz-2\\\/la-tribu-titre-provisoire\\\/#breadcrumb\"},\"inLanguage\":\"fr-FR\",\"potentialAction\":[{\"@type\":\"ReadAction\",\"target\":[\"https:\\\/\\\/www.collectifetcie.fr\\\/index.php\\\/les-artistes\\\/lauren-houda-hussein-ido-shaked-theatre-majaz-2\\\/la-tribu-titre-provisoire\\\/\"]}]},{\"@type\":\"ImageObject\",\"inLanguage\":\"fr-FR\",\"@id\":\"https:\\\/\\\/www.collectifetcie.fr\\\/index.php\\\/les-artistes\\\/lauren-houda-hussein-ido-shaked-theatre-majaz-2\\\/la-tribu-titre-provisoire\\\/#primaryimage\",\"url\":\"https:\\\/\\\/www.collectifetcie.fr\\\/wp-content\\\/uploads\\\/2025\\\/12\\\/carre-site-jaune.ind_-edited.jpg\",\"contentUrl\":\"https:\\\/\\\/www.collectifetcie.fr\\\/wp-content\\\/uploads\\\/2025\\\/12\\\/carre-site-jaune.ind_-edited.jpg\",\"width\":886,\"height\":591},{\"@type\":\"BreadcrumbList\",\"@id\":\"https:\\\/\\\/www.collectifetcie.fr\\\/index.php\\\/les-artistes\\\/lauren-houda-hussein-ido-shaked-theatre-majaz-2\\\/la-tribu-titre-provisoire\\\/#breadcrumb\",\"itemListElement\":[{\"@type\":\"ListItem\",\"position\":1,\"name\":\"Accueil\",\"item\":\"https:\\\/\\\/www.collectifetcie.fr\\\/\"},{\"@type\":\"ListItem\",\"position\":2,\"name\":\"Artistes et compagnies\",\"item\":\"https:\\\/\\\/www.collectifetcie.fr\\\/index.php\\\/les-artistes\\\/\"},{\"@type\":\"ListItem\",\"position\":3,\"name\":\"Lauren Houda Hussein &#8211; Ido Shaked > Th\u00e9\u00e2tre Maj\u00e2z\",\"item\":\"https:\\\/\\\/www.collectifetcie.fr\\\/index.php\\\/les-artistes\\\/lauren-houda-hussein-ido-shaked-theatre-majaz-2\\\/\"},{\"@type\":\"ListItem\",\"position\":4,\"name\":\"LA TRIBU (titre provisoire)\"}]},{\"@type\":\"WebSite\",\"@id\":\"https:\\\/\\\/www.collectifetcie.fr\\\/#website\",\"url\":\"https:\\\/\\\/www.collectifetcie.fr\\\/\",\"name\":\"collectif et compagnie\",\"description\":\"\",\"publisher\":{\"@id\":\"https:\\\/\\\/www.collectifetcie.fr\\\/#organization\"},\"potentialAction\":[{\"@type\":\"SearchAction\",\"target\":{\"@type\":\"EntryPoint\",\"urlTemplate\":\"https:\\\/\\\/www.collectifetcie.fr\\\/?s={search_term_string}\"},\"query-input\":{\"@type\":\"PropertyValueSpecification\",\"valueRequired\":true,\"valueName\":\"search_term_string\"}}],\"inLanguage\":\"fr-FR\"},{\"@type\":\"Organization\",\"@id\":\"https:\\\/\\\/www.collectifetcie.fr\\\/#organization\",\"name\":\"collectif et compagnie\",\"url\":\"https:\\\/\\\/www.collectifetcie.fr\\\/\",\"logo\":{\"@type\":\"ImageObject\",\"inLanguage\":\"fr-FR\",\"@id\":\"https:\\\/\\\/www.collectifetcie.fr\\\/#\\\/schema\\\/logo\\\/image\\\/\",\"url\":\"https:\\\/\\\/www.collectifetcie.fr\\\/wp-content\\\/uploads\\\/2025\\\/09\\\/cropped-Bandeau-Site-04-09-25-OK.jpg\",\"contentUrl\":\"https:\\\/\\\/www.collectifetcie.fr\\\/wp-content\\\/uploads\\\/2025\\\/09\\\/cropped-Bandeau-Site-04-09-25-OK.jpg\",\"width\":1616,\"height\":234,\"caption\":\"collectif et compagnie\"},\"image\":{\"@id\":\"https:\\\/\\\/www.collectifetcie.fr\\\/#\\\/schema\\\/logo\\\/image\\\/\"}}]}<\/script>\n<!-- \/ Yoast SEO plugin. -->","yoast_head_json":{"title":"LA TRIBU (titre provisoire) - collectif et compagnie","robots":{"index":"index","follow":"follow","max-snippet":"max-snippet:-1","max-image-preview":"max-image-preview:large","max-video-preview":"max-video-preview:-1"},"canonical":"https:\/\/www.collectifetcie.fr\/index.php\/les-artistes\/lauren-houda-hussein-ido-shaked-theatre-majaz-2\/la-tribu-titre-provisoire\/","og_locale":"fr_FR","og_type":"article","og_title":"LA TRIBU (titre provisoire) - collectif et compagnie","og_description":"g\u00e9n\u00e9rique \/ r\u00e9sum\u00e9 \/ dossier \/ calendrier Cr\u00e9ation Th\u00e9\u00e2tre Maj\u00e2z Ido Shaked et Lauren Houda Hussein mise en sc\u00e8ne Ido Shakedcr\u00e9ation lumi\u00e8re en courscr\u00e9ation sonore Thibaut ChampagneUn spectacle pour 8 com\u00e9diens (distribution en cours) &gt; CREATION AUTOMNE 27 en recherche de partenaires \u00ab\u00a0On est quoi, au fond ? Une bande ?Une tribu ? Une secte [&hellip;]","og_url":"https:\/\/www.collectifetcie.fr\/index.php\/les-artistes\/lauren-houda-hussein-ido-shaked-theatre-majaz-2\/la-tribu-titre-provisoire\/","og_site_name":"collectif et compagnie","article_modified_time":"2026-01-26T15:25:37+00:00","og_image":[{"width":886,"height":591,"url":"https:\/\/www.collectifetcie.fr\/wp-content\/uploads\/2025\/12\/carre-site-jaune.ind_-edited.jpg","type":"image\/jpeg"}],"twitter_card":"summary_large_image","twitter_misc":{"Dur\u00e9e de lecture estim\u00e9e":"3 minutes"},"schema":{"@context":"https:\/\/schema.org","@graph":[{"@type":"WebPage","@id":"https:\/\/www.collectifetcie.fr\/index.php\/les-artistes\/lauren-houda-hussein-ido-shaked-theatre-majaz-2\/la-tribu-titre-provisoire\/","url":"https:\/\/www.collectifetcie.fr\/index.php\/les-artistes\/lauren-houda-hussein-ido-shaked-theatre-majaz-2\/la-tribu-titre-provisoire\/","name":"LA TRIBU (titre provisoire) - collectif et compagnie","isPartOf":{"@id":"https:\/\/www.collectifetcie.fr\/#website"},"primaryImageOfPage":{"@id":"https:\/\/www.collectifetcie.fr\/index.php\/les-artistes\/lauren-houda-hussein-ido-shaked-theatre-majaz-2\/la-tribu-titre-provisoire\/#primaryimage"},"image":{"@id":"https:\/\/www.collectifetcie.fr\/index.php\/les-artistes\/lauren-houda-hussein-ido-shaked-theatre-majaz-2\/la-tribu-titre-provisoire\/#primaryimage"},"thumbnailUrl":"https:\/\/www.collectifetcie.fr\/wp-content\/uploads\/2025\/12\/carre-site-jaune.ind_-edited.jpg","datePublished":"2025-12-18T13:15:45+00:00","dateModified":"2026-01-26T15:25:37+00:00","breadcrumb":{"@id":"https:\/\/www.collectifetcie.fr\/index.php\/les-artistes\/lauren-houda-hussein-ido-shaked-theatre-majaz-2\/la-tribu-titre-provisoire\/#breadcrumb"},"inLanguage":"fr-FR","potentialAction":[{"@type":"ReadAction","target":["https:\/\/www.collectifetcie.fr\/index.php\/les-artistes\/lauren-houda-hussein-ido-shaked-theatre-majaz-2\/la-tribu-titre-provisoire\/"]}]},{"@type":"ImageObject","inLanguage":"fr-FR","@id":"https:\/\/www.collectifetcie.fr\/index.php\/les-artistes\/lauren-houda-hussein-ido-shaked-theatre-majaz-2\/la-tribu-titre-provisoire\/#primaryimage","url":"https:\/\/www.collectifetcie.fr\/wp-content\/uploads\/2025\/12\/carre-site-jaune.ind_-edited.jpg","contentUrl":"https:\/\/www.collectifetcie.fr\/wp-content\/uploads\/2025\/12\/carre-site-jaune.ind_-edited.jpg","width":886,"height":591},{"@type":"BreadcrumbList","@id":"https:\/\/www.collectifetcie.fr\/index.php\/les-artistes\/lauren-houda-hussein-ido-shaked-theatre-majaz-2\/la-tribu-titre-provisoire\/#breadcrumb","itemListElement":[{"@type":"ListItem","position":1,"name":"Accueil","item":"https:\/\/www.collectifetcie.fr\/"},{"@type":"ListItem","position":2,"name":"Artistes et compagnies","item":"https:\/\/www.collectifetcie.fr\/index.php\/les-artistes\/"},{"@type":"ListItem","position":3,"name":"Lauren Houda Hussein &#8211; Ido Shaked > Th\u00e9\u00e2tre Maj\u00e2z","item":"https:\/\/www.collectifetcie.fr\/index.php\/les-artistes\/lauren-houda-hussein-ido-shaked-theatre-majaz-2\/"},{"@type":"ListItem","position":4,"name":"LA TRIBU (titre provisoire)"}]},{"@type":"WebSite","@id":"https:\/\/www.collectifetcie.fr\/#website","url":"https:\/\/www.collectifetcie.fr\/","name":"collectif et compagnie","description":"","publisher":{"@id":"https:\/\/www.collectifetcie.fr\/#organization"},"potentialAction":[{"@type":"SearchAction","target":{"@type":"EntryPoint","urlTemplate":"https:\/\/www.collectifetcie.fr\/?s={search_term_string}"},"query-input":{"@type":"PropertyValueSpecification","valueRequired":true,"valueName":"search_term_string"}}],"inLanguage":"fr-FR"},{"@type":"Organization","@id":"https:\/\/www.collectifetcie.fr\/#organization","name":"collectif et compagnie","url":"https:\/\/www.collectifetcie.fr\/","logo":{"@type":"ImageObject","inLanguage":"fr-FR","@id":"https:\/\/www.collectifetcie.fr\/#\/schema\/logo\/image\/","url":"https:\/\/www.collectifetcie.fr\/wp-content\/uploads\/2025\/09\/cropped-Bandeau-Site-04-09-25-OK.jpg","contentUrl":"https:\/\/www.collectifetcie.fr\/wp-content\/uploads\/2025\/09\/cropped-Bandeau-Site-04-09-25-OK.jpg","width":1616,"height":234,"caption":"collectif et compagnie"},"image":{"@id":"https:\/\/www.collectifetcie.fr\/#\/schema\/logo\/image\/"}}]}},"_links":{"self":[{"href":"https:\/\/www.collectifetcie.fr\/index.php\/wp-json\/wp\/v2\/pages\/6158","targetHints":{"allow":["GET"]}}],"collection":[{"href":"https:\/\/www.collectifetcie.fr\/index.php\/wp-json\/wp\/v2\/pages"}],"about":[{"href":"https:\/\/www.collectifetcie.fr\/index.php\/wp-json\/wp\/v2\/types\/page"}],"author":[{"embeddable":true,"href":"https:\/\/www.collectifetcie.fr\/index.php\/wp-json\/wp\/v2\/users\/1"}],"replies":[{"embeddable":true,"href":"https:\/\/www.collectifetcie.fr\/index.php\/wp-json\/wp\/v2\/comments?post=6158"}],"version-history":[{"count":21,"href":"https:\/\/www.collectifetcie.fr\/index.php\/wp-json\/wp\/v2\/pages\/6158\/revisions"}],"predecessor-version":[{"id":6271,"href":"https:\/\/www.collectifetcie.fr\/index.php\/wp-json\/wp\/v2\/pages\/6158\/revisions\/6271"}],"up":[{"embeddable":true,"href":"https:\/\/www.collectifetcie.fr\/index.php\/wp-json\/wp\/v2\/pages\/759"}],"wp:attachment":[{"href":"https:\/\/www.collectifetcie.fr\/index.php\/wp-json\/wp\/v2\/media?parent=6158"}],"curies":[{"name":"wp","href":"https:\/\/api.w.org\/{rel}","templated":true}]}}