{"id":4654,"date":"2025-01-21T15:41:49","date_gmt":"2025-01-21T14:41:49","guid":{"rendered":"https:\/\/www.collectifetcie.fr\/?page_id=4654"},"modified":"2025-09-18T23:37:03","modified_gmt":"2025-09-18T21:37:03","slug":"a-table-chez-nous-on-ne-parlait-pas","status":"publish","type":"page","link":"https:\/\/www.collectifetcie.fr\/index.php\/les-artistes\/lisa-pajon-hedi-tillette-de-clermont-tonnerre-theatre-irruptionnel\/a-table-chez-nous-on-ne-parlait-pas\/","title":{"rendered":"A TABLE CHEZ NOUS ON NE PARLAIT PAS"},"content":{"rendered":"\n<div class=\"wp-block-columns are-vertically-aligned-top is-layout-flex wp-container-core-columns-is-layout-9d6595d7 wp-block-columns-is-layout-flex\">\n<div class=\"wp-block-column is-vertically-aligned-top is-layout-flow wp-block-column-is-layout-flow\" style=\"flex-basis:100%\">\n<figure class=\"wp-block-gallery has-nested-images columns-default is-cropped wp-block-gallery-1 is-layout-flex wp-block-gallery-is-layout-flex\">\n<figure class=\"wp-block-image size-full\"><img loading=\"lazy\" decoding=\"async\" width=\"2560\" height=\"1710\" data-id=\"4613\" src=\"https:\/\/www.collectifetcie.fr\/wp-content\/uploads\/2025\/01\/A-table.-\u252c\u00aeB.Muzard-HD-45-scaled.jpg\" alt=\"\" class=\"wp-image-4613\" srcset=\"https:\/\/www.collectifetcie.fr\/wp-content\/uploads\/2025\/01\/A-table.-\u252c\u00aeB.Muzard-HD-45-scaled.jpg 2560w, https:\/\/www.collectifetcie.fr\/wp-content\/uploads\/2025\/01\/A-table.-\u252c\u00aeB.Muzard-HD-45-300x200.jpg 300w, https:\/\/www.collectifetcie.fr\/wp-content\/uploads\/2025\/01\/A-table.-\u252c\u00aeB.Muzard-HD-45-1024x684.jpg 1024w, https:\/\/www.collectifetcie.fr\/wp-content\/uploads\/2025\/01\/A-table.-\u252c\u00aeB.Muzard-HD-45-768x513.jpg 768w, https:\/\/www.collectifetcie.fr\/wp-content\/uploads\/2025\/01\/A-table.-\u252c\u00aeB.Muzard-HD-45-1536x1026.jpg 1536w, https:\/\/www.collectifetcie.fr\/wp-content\/uploads\/2025\/01\/A-table.-\u252c\u00aeB.Muzard-HD-45-2048x1368.jpg 2048w\" sizes=\"auto, (max-width: 2560px) 100vw, 2560px\" \/><\/figure>\n\n\n\n<figure class=\"wp-block-image size-large\"><img loading=\"lazy\" decoding=\"async\" width=\"1024\" height=\"1024\" data-id=\"4655\" src=\"https:\/\/www.collectifetcie.fr\/wp-content\/uploads\/2025\/01\/A-table.-\u252c\u00aeB.Muzard-BD-28-1024x1024.jpg\" alt=\"\" class=\"wp-image-4655\" srcset=\"https:\/\/www.collectifetcie.fr\/wp-content\/uploads\/2025\/01\/A-table.-\u252c\u00aeB.Muzard-BD-28-1024x1024.jpg 1024w, https:\/\/www.collectifetcie.fr\/wp-content\/uploads\/2025\/01\/A-table.-\u252c\u00aeB.Muzard-BD-28-300x300.jpg 300w, https:\/\/www.collectifetcie.fr\/wp-content\/uploads\/2025\/01\/A-table.-\u252c\u00aeB.Muzard-BD-28-150x150.jpg 150w, https:\/\/www.collectifetcie.fr\/wp-content\/uploads\/2025\/01\/A-table.-\u252c\u00aeB.Muzard-BD-28-768x768.jpg 768w, https:\/\/www.collectifetcie.fr\/wp-content\/uploads\/2025\/01\/A-table.-\u252c\u00aeB.Muzard-BD-28-1536x1536.jpg 1536w, https:\/\/www.collectifetcie.fr\/wp-content\/uploads\/2025\/01\/A-table.-\u252c\u00aeB.Muzard-BD-28-2048x2048.jpg 2048w\" sizes=\"auto, (max-width: 1024px) 100vw, 1024px\" \/><\/figure>\n\n\n\n<figure class=\"wp-block-image size-large\"><img loading=\"lazy\" decoding=\"async\" width=\"1024\" height=\"1024\" data-id=\"4656\" src=\"https:\/\/www.collectifetcie.fr\/wp-content\/uploads\/2025\/01\/A-table.-\u252c\u00aeB.Muzard-editing-26-1024x1024.jpg\" alt=\"\" class=\"wp-image-4656\" srcset=\"https:\/\/www.collectifetcie.fr\/wp-content\/uploads\/2025\/01\/A-table.-\u252c\u00aeB.Muzard-editing-26-1024x1024.jpg 1024w, https:\/\/www.collectifetcie.fr\/wp-content\/uploads\/2025\/01\/A-table.-\u252c\u00aeB.Muzard-editing-26-300x300.jpg 300w, https:\/\/www.collectifetcie.fr\/wp-content\/uploads\/2025\/01\/A-table.-\u252c\u00aeB.Muzard-editing-26-150x150.jpg 150w, https:\/\/www.collectifetcie.fr\/wp-content\/uploads\/2025\/01\/A-table.-\u252c\u00aeB.Muzard-editing-26-768x768.jpg 768w, https:\/\/www.collectifetcie.fr\/wp-content\/uploads\/2025\/01\/A-table.-\u252c\u00aeB.Muzard-editing-26-1536x1536.jpg 1536w, https:\/\/www.collectifetcie.fr\/wp-content\/uploads\/2025\/01\/A-table.-\u252c\u00aeB.Muzard-editing-26-2048x2048.jpg 2048w\" sizes=\"auto, (max-width: 1024px) 100vw, 1024px\" \/><figcaption class=\"wp-element-caption\">photos <br>&nbsp;\u00a9 Baptiste Muzard<\/figcaption><\/figure>\n<\/figure>\n<\/div>\n<\/div>\n\n\n\n<div style=\"height:18px\" aria-hidden=\"true\" class=\"wp-block-spacer\"><\/div>\n\n\n\n<p class=\"has-text-align-center has-white-color has-text-color has-background has-medium-font-size\" style=\"background-color:#007c89\"><strong><strong><strong>g\u00e9n\u00e9rique \/ r\u00e9sum\u00e9 \/ presse \/ dossiers \/ calendrier <\/strong><\/strong><\/strong><\/p>\n\n\n\n<div class=\"wp-block-columns is-layout-flex wp-container-core-columns-is-layout-9d6595d7 wp-block-columns-is-layout-flex\">\n<div class=\"wp-block-column is-layout-flow wp-block-column-is-layout-flow\">\n<p class=\"has-background\" id=\"g\u00e9n\u00e9rique\" style=\"background-color:#bfd541;font-size:15px\">texte et mise en sc\u00e8ne<br><strong>H\u00e9di Tillette de Clermont-Tonnerre<\/strong><br>collaborations artistiques<br><strong>Lisa Pajon et Vincent Debost<\/strong><br>dramaturgie<br><strong>Sarah Oppenheim<\/strong><br>sc\u00e9nographie, costumes<br><strong>Olga Karpinsky<br><\/strong>cr\u00e9ation son<br><strong>Nicolas Delbart<br><\/strong>Cr\u00e9ation lumi\u00e8re<br><strong>Gr\u00e9gory Vanheulle<br><\/strong><br>avec <br><strong>Lisa Pajon et H\u00e9di Tillette de Clermont-Tonnerre<\/strong><br>et la participation de <strong>Audrey Bonnet<\/strong><br><\/p>\n\n\n\n<p class=\"has-text-color has-link-color wp-elements-65966adbe55521d4bf15481f99a6480c\" style=\"color:#007c89;font-size:18px\"><strong>CAPTATION SUR DEMANDE<\/strong><\/p>\n\n\n\n<p class=\"has-text-color has-link-color has-small-font-size wp-elements-d672f1d2411eb41e70ab12e69ec10dc6\" style=\"color:#007c89\"><strong>LA PRESSE<br><\/strong>TOUTE LA CULTURE &#8211; David Rof\u00e9 Sarfati&nbsp;<br>\u00ab\u00a0<em>Nous sommes saisis par le com\u00e9dien qui nous attrape complices dans sa vie, dans ses confidences, dans ses r\u00eaves, ses cauchemars. Et Lisa Pajon est formidable. En chemin, nous sommes invit\u00e9s au milieu m\u00eame de la douleur psychique inextinguible, d\u2019un traumatisme de guerre qui en cache un autre : celui inconsolable de la d\u00e9ception du P\u00e8re. Une fois de plus H\u00e9di Tillette de Clermont-Tonnerre aura utilis\u00e9 sa science du r\u00e9cit, son art de l\u2019acting et sa belle gueule de com\u00e9dien pour nous faire vivre une tranche de vie inoubliable et bouleversante.&nbsp;<strong>A ne pas rater, la pi\u00e8ce est une des perles du festival.<\/strong>\u00a0\u00bb&nbsp;<\/em><\/p>\n<\/div>\n\n\n\n<div class=\"wp-block-column is-layout-flow wp-block-column-is-layout-flow\">\n<p id=\"r\u00e9sum\u00e9\" style=\"font-size:15px\"><em>\u00ab\u00a0Ce projet est n\u00e9 de ma volont\u00e9 de comprendre ce qui est arriv\u00e9 \u00e0 mon p\u00e8re en ao\u00fbt 1943 lorsqu\u2019il est parti pour le Service du Travail Obligatoire, le<\/em> <em>S.T.O. La question qui a nourri l\u2019\u00e9criture et l\u2019\u00e9laboration de ce spectacle : Pourquoi mon p\u00e8re n\u2019en a-t-il jamais parl\u00e9<\/em>?\u00a0\u00bb<br>H\u00e9di Tillette de Clermont-Tonnerre<\/p>\n\n\n\n<p style=\"font-size:15px\">C\u2019est l\u2019histoire d\u2019un jeune homme de vingt ans en 1943 qui fait des \u00e9tudes de droit, aime pour la premi\u00e8re fois et se passionne pour les romans d\u2019aventure.<br>Un jeune homme qui est brusquement arrach\u00e9 \u00e0 son quotidien et r\u00e9quisitionn\u00e9 pour le Service du Travail Obligatoire en Allemagne.<br>Un jeune homme qui a son retour en 1945 arr\u00eate ses \u00e9tudes de droits, \u00e9prouve de la haine pour son premier amour et est dans l\u2019incapacit\u00e9 d\u2019ouvrir un livre.<br>Un jeune homme de vingt deux ans qui comprend que son p\u00e8re l\u2019a sacrifi\u00e9.<br>\u00c0 l\u2019image d\u2019un fant\u00f4me qui reviendrait hanter la sc\u00e8ne du drame, ce jeune homme nous raconte les \u00e9v\u00e9nements qui ont pr\u00e9c\u00e9d\u00e9 et suivit son s\u00e9jour en Allemagne.<br>Il ne s\u2019agit pas d\u2019un spectacle historique sur le Service du Travail Obligatoire (S.T.O) mais plut\u00f4t de suivre l\u2019itin\u00e9raire d\u2019un sacrifi\u00e9 autour du repas qui marque son d\u00e9part et celui qui \u00ab f\u00eate \u00bb son retour.<\/p>\n<\/div>\n\n\n\n<div class=\"wp-block-column is-layout-flow wp-block-column-is-layout-flow\">\n<p class=\"has-black-color has-text-color has-background has-link-color has-small-font-size wp-elements-a121e27ba2195ac7b01b42c7d782cf16\" style=\"background-color:#bfd541\"><strong>Production<\/strong> Th\u00e9\u00e2tre Irruptionnel<br><strong>Coproductions<\/strong> Sc\u00e8nes de Territoire &#8211; Agglo2B (Agglom\u00e9ration du Bocage Bressuirais), Th\u00e9\u00e2tre de Thouars.<br><strong>Avec l\u2019aide<\/strong> de l\u2019Adami et de la DRAC Nouvelle-Aquitaine.<br><br>La compagnie est \u00e9galement soutenue par la DRAC Nouvelle-Aquitain<\/p>\n\n\n\n<p class=\"has-text-align-center has-text-color has-link-color wp-elements-77f48bfd2f9e11b366cb1725ad89231b\" style=\"color:#007c89;font-size:18px\"><strong>DUREE 55mn<\/strong><\/p>\n\n\n\n<p class=\"has-text-color has-link-color wp-elements-e98f6f4c508eb3374a1ad25475c7c485\" style=\"color:#007c89\">Ce spectacle est propos\u00e9 dans deux formats :<br>&#8211; <strong>pour les salles de th\u00e9\u00e2tre<\/strong><br>&#8211; <strong>pour le hors-les-murs<\/strong> <br>(peut jouer en ext\u00e9rieur et en plein jour)<\/p>\n\n\n\n<p class=\"has-black-color has-text-color has-background has-small-font-size\" style=\"background-color:#bfd541\"><strong>contacts<br>&gt; administration<\/strong> <br>Fanny Laurent 06 99 45 88 76 theatre.irruptionnel.cie@gmail.com<br><br><strong>Diffusion :<br><\/strong>Collectif et compagnie<br>Estelle Delorme 06 77 13 30 88<br>estelle.delorme@collectifetcie.fr<br>G\u00e9raldine Morier-Genoud&nbsp;<br>06 20 41 41 25<br>geraldine.moriergenoud@collectifetcie.f<\/p>\n<\/div>\n<\/div>\n\n\n\n<div class=\"wp-block-buttons is-horizontal is-content-justification-space-between is-layout-flex wp-container-core-buttons-is-layout-9262d1ff wp-block-buttons-is-layout-flex\">\n<div class=\"wp-block-button is-style-fill\"><a class=\"wp-block-button__link has-white-color has-text-color has-background wp-element-button\" href=\"https:\/\/www.collectifetcie.fr\/wp-content\/uploads\/2025\/01\/Dossier-artistique-A-table.pdf\" style=\"background-color:#bfd541\"><strong>dossier de diffusion<\/strong><\/a><\/div>\n<\/div>\n\n\n\n<div style=\"height:11px\" aria-hidden=\"true\" class=\"wp-block-spacer\"><\/div>\n\n\n\n<p class=\"has-white-color has-text-color has-background has-medium-font-size\" style=\"background-color:#007c89\"><strong>CALENDRIER 2025<\/strong><\/p>\n\n\n\n<p style=\"font-size:14px\"><strong>Dans le cadre du <a href=\"https:\/\/letheatredeverdure.com\/\">Festival du Th\u00e9\u00e2tre de Verdure<\/a> \u00e9dition 2025 <\/strong>&gt; du samedi 14 Juin au dimanche 28 septembre 2025<br><em><strong>repr\u00e9sentations en plein air<br><\/strong><\/em><br><strong>vendredi 5 septembre <\/strong>2025 \u00e0 17h <br><strong>dimanche 7 septembre<\/strong> \u00e0 14h <br><strong>vendredi 12 septembre<\/strong> \u00e0 17h<br><strong>dimanche 14 septembre<\/strong> \u00e0 14h<\/p>\n\n\n\n<p><\/p>\n","protected":false},"excerpt":{"rendered":"<p>g\u00e9n\u00e9rique \/ r\u00e9sum\u00e9 \/ presse \/ dossiers \/ calendrier texte et mise en sc\u00e8neH\u00e9di Tillette de Clermont-Tonnerrecollaborations artistiquesLisa Pajon et Vincent DebostdramaturgieSarah Oppenheimsc\u00e9nographie, costumesOlga Karpinskycr\u00e9ation sonNicolas DelbartCr\u00e9ation lumi\u00e8reGr\u00e9gory Vanheulleavec Lisa Pajon et H\u00e9di Tillette de Clermont-Tonnerreet la participation de Audrey Bonnet CAPTATION SUR DEMANDE LA PRESSETOUTE LA CULTURE &#8211; David Rof\u00e9 Sarfati&nbsp;\u00ab\u00a0Nous sommes saisis par [&hellip;]<\/p>\n","protected":false},"author":1,"featured_media":0,"parent":4609,"menu_order":2,"comment_status":"closed","ping_status":"closed","template":"template-full.php","meta":{"footnotes":""},"class_list":["post-4654","page","type-page","status-publish","hentry"],"yoast_head":"<!-- This site is optimized with the Yoast SEO plugin v27.3 - https:\/\/yoast.com\/product\/yoast-seo-wordpress\/ -->\n<title>A TABLE CHEZ NOUS ON NE PARLAIT PAS - collectif et compagnie<\/title>\n<meta name=\"description\" content=\"La Pudeur est un projet pour les adolescents autour du rapport amoureux et des premi\u00e8res fois destin\u00e9 \u00e0 jouer en \u00e9tablissements scolaires et en salle\" \/>\n<meta name=\"robots\" content=\"index, follow, max-snippet:-1, max-image-preview:large, max-video-preview:-1\" \/>\n<link rel=\"canonical\" href=\"https:\/\/www.collectifetcie.fr\/index.php\/les-artistes\/lisa-pajon-hedi-tillette-de-clermont-tonnerre-theatre-irruptionnel\/a-table-chez-nous-on-ne-parlait-pas\/\" \/>\n<meta property=\"og:locale\" content=\"fr_FR\" \/>\n<meta property=\"og:type\" content=\"article\" \/>\n<meta property=\"og:title\" content=\"A TABLE CHEZ NOUS ON NE PARLAIT PAS - collectif et compagnie\" \/>\n<meta property=\"og:description\" content=\"La Pudeur est un projet pour les adolescents autour du rapport amoureux et des premi\u00e8res fois destin\u00e9 \u00e0 jouer en \u00e9tablissements scolaires et en salle\" \/>\n<meta property=\"og:url\" content=\"https:\/\/www.collectifetcie.fr\/index.php\/les-artistes\/lisa-pajon-hedi-tillette-de-clermont-tonnerre-theatre-irruptionnel\/a-table-chez-nous-on-ne-parlait-pas\/\" \/>\n<meta property=\"og:site_name\" content=\"collectif et compagnie\" \/>\n<meta property=\"article:modified_time\" content=\"2025-09-18T21:37:03+00:00\" \/>\n<meta name=\"twitter:card\" content=\"summary_large_image\" \/>\n<meta name=\"twitter:label1\" content=\"Dur\u00e9e de lecture estim\u00e9e\" \/>\n\t<meta name=\"twitter:data1\" content=\"3 minutes\" \/>\n<script type=\"application\/ld+json\" class=\"yoast-schema-graph\">{\"@context\":\"https:\\\/\\\/schema.org\",\"@graph\":[{\"@type\":\"WebPage\",\"@id\":\"https:\\\/\\\/www.collectifetcie.fr\\\/index.php\\\/les-artistes\\\/lisa-pajon-hedi-tillette-de-clermont-tonnerre-theatre-irruptionnel\\\/a-table-chez-nous-on-ne-parlait-pas\\\/\",\"url\":\"https:\\\/\\\/www.collectifetcie.fr\\\/index.php\\\/les-artistes\\\/lisa-pajon-hedi-tillette-de-clermont-tonnerre-theatre-irruptionnel\\\/a-table-chez-nous-on-ne-parlait-pas\\\/\",\"name\":\"A TABLE CHEZ NOUS ON NE PARLAIT PAS - collectif et compagnie\",\"isPartOf\":{\"@id\":\"https:\\\/\\\/www.collectifetcie.fr\\\/#website\"},\"datePublished\":\"2025-01-21T14:41:49+00:00\",\"dateModified\":\"2025-09-18T21:37:03+00:00\",\"description\":\"La Pudeur est un projet pour les adolescents autour du rapport amoureux et des premi\u00e8res fois destin\u00e9 \u00e0 jouer en \u00e9tablissements scolaires et en salle\",\"breadcrumb\":{\"@id\":\"https:\\\/\\\/www.collectifetcie.fr\\\/index.php\\\/les-artistes\\\/lisa-pajon-hedi-tillette-de-clermont-tonnerre-theatre-irruptionnel\\\/a-table-chez-nous-on-ne-parlait-pas\\\/#breadcrumb\"},\"inLanguage\":\"fr-FR\",\"potentialAction\":[{\"@type\":\"ReadAction\",\"target\":[\"https:\\\/\\\/www.collectifetcie.fr\\\/index.php\\\/les-artistes\\\/lisa-pajon-hedi-tillette-de-clermont-tonnerre-theatre-irruptionnel\\\/a-table-chez-nous-on-ne-parlait-pas\\\/\"]}]},{\"@type\":\"BreadcrumbList\",\"@id\":\"https:\\\/\\\/www.collectifetcie.fr\\\/index.php\\\/les-artistes\\\/lisa-pajon-hedi-tillette-de-clermont-tonnerre-theatre-irruptionnel\\\/a-table-chez-nous-on-ne-parlait-pas\\\/#breadcrumb\",\"itemListElement\":[{\"@type\":\"ListItem\",\"position\":1,\"name\":\"Accueil\",\"item\":\"https:\\\/\\\/www.collectifetcie.fr\\\/\"},{\"@type\":\"ListItem\",\"position\":2,\"name\":\"Artistes et compagnies\",\"item\":\"https:\\\/\\\/www.collectifetcie.fr\\\/index.php\\\/les-artistes\\\/\"},{\"@type\":\"ListItem\",\"position\":3,\"name\":\"Lisa Pajon &amp; H\u00e9di Tillette de Clermont-Tonnerre > Th\u00e9\u00e2tre Irruptionnel\",\"item\":\"https:\\\/\\\/www.collectifetcie.fr\\\/index.php\\\/les-artistes\\\/lisa-pajon-hedi-tillette-de-clermont-tonnerre-theatre-irruptionnel\\\/\"},{\"@type\":\"ListItem\",\"position\":4,\"name\":\"A TABLE CHEZ NOUS ON NE PARLAIT PAS\"}]},{\"@type\":\"WebSite\",\"@id\":\"https:\\\/\\\/www.collectifetcie.fr\\\/#website\",\"url\":\"https:\\\/\\\/www.collectifetcie.fr\\\/\",\"name\":\"collectif et compagnie\",\"description\":\"\",\"publisher\":{\"@id\":\"https:\\\/\\\/www.collectifetcie.fr\\\/#organization\"},\"potentialAction\":[{\"@type\":\"SearchAction\",\"target\":{\"@type\":\"EntryPoint\",\"urlTemplate\":\"https:\\\/\\\/www.collectifetcie.fr\\\/?s={search_term_string}\"},\"query-input\":{\"@type\":\"PropertyValueSpecification\",\"valueRequired\":true,\"valueName\":\"search_term_string\"}}],\"inLanguage\":\"fr-FR\"},{\"@type\":\"Organization\",\"@id\":\"https:\\\/\\\/www.collectifetcie.fr\\\/#organization\",\"name\":\"collectif et compagnie\",\"url\":\"https:\\\/\\\/www.collectifetcie.fr\\\/\",\"logo\":{\"@type\":\"ImageObject\",\"inLanguage\":\"fr-FR\",\"@id\":\"https:\\\/\\\/www.collectifetcie.fr\\\/#\\\/schema\\\/logo\\\/image\\\/\",\"url\":\"https:\\\/\\\/www.collectifetcie.fr\\\/wp-content\\\/uploads\\\/2025\\\/09\\\/cropped-Bandeau-Site-04-09-25-OK.jpg\",\"contentUrl\":\"https:\\\/\\\/www.collectifetcie.fr\\\/wp-content\\\/uploads\\\/2025\\\/09\\\/cropped-Bandeau-Site-04-09-25-OK.jpg\",\"width\":1616,\"height\":234,\"caption\":\"collectif et compagnie\"},\"image\":{\"@id\":\"https:\\\/\\\/www.collectifetcie.fr\\\/#\\\/schema\\\/logo\\\/image\\\/\"}}]}<\/script>\n<!-- \/ Yoast SEO plugin. -->","yoast_head_json":{"title":"A TABLE CHEZ NOUS ON NE PARLAIT PAS - collectif et compagnie","description":"La Pudeur est un projet pour les adolescents autour du rapport amoureux et des premi\u00e8res fois destin\u00e9 \u00e0 jouer en \u00e9tablissements scolaires et en salle","robots":{"index":"index","follow":"follow","max-snippet":"max-snippet:-1","max-image-preview":"max-image-preview:large","max-video-preview":"max-video-preview:-1"},"canonical":"https:\/\/www.collectifetcie.fr\/index.php\/les-artistes\/lisa-pajon-hedi-tillette-de-clermont-tonnerre-theatre-irruptionnel\/a-table-chez-nous-on-ne-parlait-pas\/","og_locale":"fr_FR","og_type":"article","og_title":"A TABLE CHEZ NOUS ON NE PARLAIT PAS - collectif et compagnie","og_description":"La Pudeur est un projet pour les adolescents autour du rapport amoureux et des premi\u00e8res fois destin\u00e9 \u00e0 jouer en \u00e9tablissements scolaires et en salle","og_url":"https:\/\/www.collectifetcie.fr\/index.php\/les-artistes\/lisa-pajon-hedi-tillette-de-clermont-tonnerre-theatre-irruptionnel\/a-table-chez-nous-on-ne-parlait-pas\/","og_site_name":"collectif et compagnie","article_modified_time":"2025-09-18T21:37:03+00:00","twitter_card":"summary_large_image","twitter_misc":{"Dur\u00e9e de lecture estim\u00e9e":"3 minutes"},"schema":{"@context":"https:\/\/schema.org","@graph":[{"@type":"WebPage","@id":"https:\/\/www.collectifetcie.fr\/index.php\/les-artistes\/lisa-pajon-hedi-tillette-de-clermont-tonnerre-theatre-irruptionnel\/a-table-chez-nous-on-ne-parlait-pas\/","url":"https:\/\/www.collectifetcie.fr\/index.php\/les-artistes\/lisa-pajon-hedi-tillette-de-clermont-tonnerre-theatre-irruptionnel\/a-table-chez-nous-on-ne-parlait-pas\/","name":"A TABLE CHEZ NOUS ON NE PARLAIT PAS - collectif et compagnie","isPartOf":{"@id":"https:\/\/www.collectifetcie.fr\/#website"},"datePublished":"2025-01-21T14:41:49+00:00","dateModified":"2025-09-18T21:37:03+00:00","description":"La Pudeur est un projet pour les adolescents autour du rapport amoureux et des premi\u00e8res fois destin\u00e9 \u00e0 jouer en \u00e9tablissements scolaires et en salle","breadcrumb":{"@id":"https:\/\/www.collectifetcie.fr\/index.php\/les-artistes\/lisa-pajon-hedi-tillette-de-clermont-tonnerre-theatre-irruptionnel\/a-table-chez-nous-on-ne-parlait-pas\/#breadcrumb"},"inLanguage":"fr-FR","potentialAction":[{"@type":"ReadAction","target":["https:\/\/www.collectifetcie.fr\/index.php\/les-artistes\/lisa-pajon-hedi-tillette-de-clermont-tonnerre-theatre-irruptionnel\/a-table-chez-nous-on-ne-parlait-pas\/"]}]},{"@type":"BreadcrumbList","@id":"https:\/\/www.collectifetcie.fr\/index.php\/les-artistes\/lisa-pajon-hedi-tillette-de-clermont-tonnerre-theatre-irruptionnel\/a-table-chez-nous-on-ne-parlait-pas\/#breadcrumb","itemListElement":[{"@type":"ListItem","position":1,"name":"Accueil","item":"https:\/\/www.collectifetcie.fr\/"},{"@type":"ListItem","position":2,"name":"Artistes et compagnies","item":"https:\/\/www.collectifetcie.fr\/index.php\/les-artistes\/"},{"@type":"ListItem","position":3,"name":"Lisa Pajon &amp; H\u00e9di Tillette de Clermont-Tonnerre > Th\u00e9\u00e2tre Irruptionnel","item":"https:\/\/www.collectifetcie.fr\/index.php\/les-artistes\/lisa-pajon-hedi-tillette-de-clermont-tonnerre-theatre-irruptionnel\/"},{"@type":"ListItem","position":4,"name":"A TABLE CHEZ NOUS ON NE PARLAIT PAS"}]},{"@type":"WebSite","@id":"https:\/\/www.collectifetcie.fr\/#website","url":"https:\/\/www.collectifetcie.fr\/","name":"collectif et compagnie","description":"","publisher":{"@id":"https:\/\/www.collectifetcie.fr\/#organization"},"potentialAction":[{"@type":"SearchAction","target":{"@type":"EntryPoint","urlTemplate":"https:\/\/www.collectifetcie.fr\/?s={search_term_string}"},"query-input":{"@type":"PropertyValueSpecification","valueRequired":true,"valueName":"search_term_string"}}],"inLanguage":"fr-FR"},{"@type":"Organization","@id":"https:\/\/www.collectifetcie.fr\/#organization","name":"collectif et compagnie","url":"https:\/\/www.collectifetcie.fr\/","logo":{"@type":"ImageObject","inLanguage":"fr-FR","@id":"https:\/\/www.collectifetcie.fr\/#\/schema\/logo\/image\/","url":"https:\/\/www.collectifetcie.fr\/wp-content\/uploads\/2025\/09\/cropped-Bandeau-Site-04-09-25-OK.jpg","contentUrl":"https:\/\/www.collectifetcie.fr\/wp-content\/uploads\/2025\/09\/cropped-Bandeau-Site-04-09-25-OK.jpg","width":1616,"height":234,"caption":"collectif et compagnie"},"image":{"@id":"https:\/\/www.collectifetcie.fr\/#\/schema\/logo\/image\/"}}]}},"_links":{"self":[{"href":"https:\/\/www.collectifetcie.fr\/index.php\/wp-json\/wp\/v2\/pages\/4654","targetHints":{"allow":["GET"]}}],"collection":[{"href":"https:\/\/www.collectifetcie.fr\/index.php\/wp-json\/wp\/v2\/pages"}],"about":[{"href":"https:\/\/www.collectifetcie.fr\/index.php\/wp-json\/wp\/v2\/types\/page"}],"author":[{"embeddable":true,"href":"https:\/\/www.collectifetcie.fr\/index.php\/wp-json\/wp\/v2\/users\/1"}],"replies":[{"embeddable":true,"href":"https:\/\/www.collectifetcie.fr\/index.php\/wp-json\/wp\/v2\/comments?post=4654"}],"version-history":[{"count":31,"href":"https:\/\/www.collectifetcie.fr\/index.php\/wp-json\/wp\/v2\/pages\/4654\/revisions"}],"predecessor-version":[{"id":5898,"href":"https:\/\/www.collectifetcie.fr\/index.php\/wp-json\/wp\/v2\/pages\/4654\/revisions\/5898"}],"up":[{"embeddable":true,"href":"https:\/\/www.collectifetcie.fr\/index.php\/wp-json\/wp\/v2\/pages\/4609"}],"wp:attachment":[{"href":"https:\/\/www.collectifetcie.fr\/index.php\/wp-json\/wp\/v2\/media?parent=4654"}],"curies":[{"name":"wp","href":"https:\/\/api.w.org\/{rel}","templated":true}]}}