{"id":4609,"date":"2025-01-16T19:08:11","date_gmt":"2025-01-16T18:08:11","guid":{"rendered":"https:\/\/www.collectifetcie.fr\/?page_id=4609"},"modified":"2026-03-04T11:40:00","modified_gmt":"2026-03-04T10:40:00","slug":"lisa-pajon-hedi-tillette-de-clermont-tonnerre-theatre-irruptionnel","status":"publish","type":"page","link":"https:\/\/www.collectifetcie.fr\/index.php\/les-artistes\/lisa-pajon-hedi-tillette-de-clermont-tonnerre-theatre-irruptionnel\/","title":{"rendered":"Lisa Pajon &amp; H\u00e9di Tillette de Clermont-Tonnerre > Th\u00e9\u00e2tre Irruptionnel"},"content":{"rendered":"\n<p><strong>Le Th\u00e9\u00e2tre Irruptionnel est cr\u00e9\u00e9 en 2003 <\/strong>par <strong>Lisa Pajon<\/strong>, metteuse en sc\u00e8ne et com\u00e9dienne et<strong> H\u00e9di Tillette de Clermont-Tonnerre<\/strong>, auteur, metteur en sc\u00e8ne et com\u00e9dien. La compagnie r\u00e9unit des acteur.trice.s, des sc\u00e9nographes, des cr\u00e9ateur.trice.s son, lumi\u00e8re, vid\u00e9o, autour de l\u2019\u00e9criture d\u2019H\u00e9di Tillette de Clermont-Tonnerre. \u00c0 travers une dizaine de spectacles, dont certains textes sont publi\u00e9s aux \u00ab\u00a0Solitaires Intempestifs\u00a0\u00bb et \u00e0 \u00ab\u00a0L\u2019avant-sc\u00e8ne th\u00e9\u00e2tre\u00a0\u00bb, le Th\u00e9\u00e2tre Irruptionnel a la volont\u00e9 de raconter des histoires au plus grand nombre sans jamais simplifier ou affadir les \u0153uvres et les sujets.<br>D\u00e8s leur premi\u00e8re cr\u00e9ation <strong><em>Marcel B<\/em> <\/strong>(2005), Lisa Pajon et H\u00e9di Tillette de Clermont-Tonnerre &nbsp;sont accompagn\u00e9s par le Th\u00e9\u00e2tre de la Cit\u00e9 internationale et la Maison de la culture de Bourges puis la Maison de la culture d\u2019Amiens. De 2007 \u00e0 2011, ils cr\u00e9ent la trilogie <em><strong>Le Roland <\/strong><\/em>au Th\u00e9\u00e2tre de l\u2019Union &#8211; Centre dramatique national de Limoges, \u00e0 la Maison de la culture d\u2019Amiens et au Nouveau Th\u00e9\u00e2tre de Montreuil &#8211; CDN.<br>De 2010 \u00e0 2014, ils sont artistes r\u00e9sidents au Forum, sc\u00e8ne conventionn\u00e9e de Blanc-Mesnil o\u00f9 ils cr\u00e9ent <em><strong>M\u00e9tropolis<\/strong><\/em> (2011), <strong><em>Um Kulthum, tu es ma vie <\/em><\/strong>et <em><strong>Les Deux fr\u00e8res et les lions <\/strong><\/em>(2012), <strong><em>Agamemnon<\/em><\/strong> (2013), <em><strong>Le Grand Ici<\/strong><\/em> (2013) <strong><em>Le B\u00fbcher d\u2019Hiver <\/em><\/strong>(2013), <em><strong>Gotha<\/strong><\/em> (2014) et m\u00e8nent un projet d\u2019action culturelle sur le territoire.<br>En 2013, le Th\u00e9\u00e2tre Irruptionnel est \u00e9galement associ\u00e9 au Moulin du Roc, Sc\u00e8ne nationale de Niort jusqu\u2019en 2020. Dans ce cadre, la compagnie propose une recr\u00e9ation de <strong><em>Gotha<\/em><\/strong> (2017), cr\u00e9e <strong><em>Les Mystiques ou comment j\u2019ai perdu mon ordinateur entre Niort et Poitiers<\/em><\/strong> (2018), diffuse ces pr\u00e9c\u00e9dentes cr\u00e9ations et m\u00e8ne un projet d\u2019action culturelle sur le territoire.<br>2017-2019 R\u00e9sidences aux 3T, Sc\u00e8ne conventionn\u00e9e de Ch\u00e2tellerault, \u00e0 la Sc\u00e8ne conventionn\u00e9e Th\u00e9\u00e2tre de Thouars et aux Sc\u00e8nes de Territoire &#8211; Th\u00e9\u00e2tre de Bressuire gr\u00e2ce au dispositif d\u2019aide \u00e0 la cr\u00e9ation et \u00e0 l\u2019\u00e9ducation artistique et culturelle de la Drac Nouvelle-Aquitaine. Ces r\u00e9sidences seront marqu\u00e9es par un projet en continu d\u2019actions culturelles, la diffusion de deux pi\u00e8ces du r\u00e9pertoire et la cr\u00e9ation de <em><strong>\u00c0 table, chez nous, on ne parlait pas<\/strong> (2019)<\/em>.<br><strong>En 2021 la Ville de Paris nomme Lisa Pajon et H\u00e9di Tillette de Clermont-Tonnerre \u00e0 la direction du Th\u00e9\u00e2tre de Verdure du jardin Shakespeare <\/strong>dans le Bois de Boulogne o\u00f9 ils m\u00e8nent un projet autour de la cr\u00e9ation, de la transmission et du dialogue avec le vivant en programmant des spectacles en cr\u00e9ation ou en diffusion, des concerts et des lectures.<br><strong>La compagnie est conventionn\u00e9e par la R\u00e9gion Nouvelle Aquitaine depuis 2019<\/strong><\/p>\n\n\n\n<div style=\"height:39px\" aria-hidden=\"true\" class=\"wp-block-spacer\"><\/div>\n\n\n\n<div class=\"wp-block-media-text alignwide is-stacked-on-mobile is-vertically-aligned-top\" style=\"grid-template-columns:28% auto\"><figure class=\"wp-block-media-text__media\"><img loading=\"lazy\" decoding=\"async\" width=\"721\" height=\"1024\" src=\"https:\/\/www.collectifetcie.fr\/wp-content\/uploads\/2025\/03\/Visuel-Site-721x1024.png\" alt=\"\" class=\"wp-image-4904 size-full\" srcset=\"https:\/\/www.collectifetcie.fr\/wp-content\/uploads\/2025\/03\/Visuel-Site-721x1024.png 721w, https:\/\/www.collectifetcie.fr\/wp-content\/uploads\/2025\/03\/Visuel-Site-211x300.png 211w, https:\/\/www.collectifetcie.fr\/wp-content\/uploads\/2025\/03\/Visuel-Site-768x1090.png 768w, https:\/\/www.collectifetcie.fr\/wp-content\/uploads\/2025\/03\/Visuel-Site.png 872w\" sizes=\"auto, (max-width: 721px) 100vw, 721px\" \/><\/figure><div class=\"wp-block-media-text__content\">\n<p class=\"has-white-color has-text-color has-background\" style=\"background-color:#007c89;font-size:25px\"><strong>UN CONTE RUSSE<\/strong><\/p>\n\n\n\n<p style=\"font-size:16px\"><meta charset=\"utf-8\"><strong>THEATRE  &gt; <\/strong><\/p>\n\n\n\n<p class=\"has-background\" style=\"background-color:#bfd541;font-size:16px\"><meta charset=\"utf-8\"><\/meta><strong>> Lecture \u00e0 Th\u00e9\u00e2tre Ouvert vendredi 13 mars 2026 \u00e0 11H<\/strong><br>> <strong>CREATION SAISON 2027\/28<br><\/strong>En recherche de partenaires en production et diffusion<br><a href=\"https:\/\/www.collectifetcie.fr\/index.php\/les-artistes\/lisa-pajon-hedi-tillette-de-clermont-tonnerre-theatre-irruptionnel\/un-conte-russe\/\"><strong>en savoir +<br><\/strong><\/a><\/p>\n<\/div><\/div>\n\n\n\n<div style=\"height:39px\" aria-hidden=\"true\" class=\"wp-block-spacer\"><\/div>\n\n\n\n<div class=\"wp-block-media-text alignwide is-stacked-on-mobile is-vertically-aligned-top\" style=\"grid-template-columns:28% auto\"><figure class=\"wp-block-media-text__media\"><img loading=\"lazy\" decoding=\"async\" width=\"1024\" height=\"739\" src=\"https:\/\/www.collectifetcie.fr\/wp-content\/uploads\/2025\/01\/Capture-decran-2025-01-16-a-18.55.25-1024x739.png\" alt=\"\" class=\"wp-image-4612 size-full\" srcset=\"https:\/\/www.collectifetcie.fr\/wp-content\/uploads\/2025\/01\/Capture-decran-2025-01-16-a-18.55.25-1024x739.png 1024w, https:\/\/www.collectifetcie.fr\/wp-content\/uploads\/2025\/01\/Capture-decran-2025-01-16-a-18.55.25-300x216.png 300w, https:\/\/www.collectifetcie.fr\/wp-content\/uploads\/2025\/01\/Capture-decran-2025-01-16-a-18.55.25-768x554.png 768w, https:\/\/www.collectifetcie.fr\/wp-content\/uploads\/2025\/01\/Capture-decran-2025-01-16-a-18.55.25-1536x1108.png 1536w, https:\/\/www.collectifetcie.fr\/wp-content\/uploads\/2025\/01\/Capture-decran-2025-01-16-a-18.55.25.png 1808w\" sizes=\"auto, (max-width: 1024px) 100vw, 1024px\" \/><\/figure><div class=\"wp-block-media-text__content\">\n<p class=\"has-white-color has-text-color has-background\" style=\"background-color:#007c89;font-size:25px\"><strong>LES DEUX FRERES ET LES LIONS<\/strong><\/p>\n\n\n\n<p style=\"font-size:16px\"><strong>THEATRE  &gt; d\u00e8s 12 ans<\/strong><br>pour la salle, le hors-les-murs et le plein air<\/p>\n\n\n\n<p class=\"has-background\" style=\"background-color:#bfd541;font-size:16px\"><strong>&gt; EN DIFFUSION SAISON 2025\/26 <\/strong><br><strong>&gt; DISPONIBLE SAISON 2026\/27<\/strong><br><strong><a href=\"https:\/\/www.collectifetcie.fr\/index.php\/les-artistes\/lisa-pajon-hedi-tillette-de-clermont-tonnerre-theatre-irruptionnel\/les-deux-freres-et-les-lions\/\">en savoir +<\/a><\/strong><\/p>\n<\/div><\/div>\n\n\n\n<div style=\"height:39px\" aria-hidden=\"true\" class=\"wp-block-spacer\"><\/div>\n\n\n\n<div class=\"wp-block-media-text alignwide is-stacked-on-mobile is-vertically-aligned-top\" style=\"grid-template-columns:28% auto\"><figure class=\"wp-block-media-text__media\"><img loading=\"lazy\" decoding=\"async\" width=\"300\" height=\"200\" src=\"https:\/\/www.collectifetcie.fr\/wp-content\/uploads\/2026\/03\/Copy-of-EDITED-HD-8C7A2853-300x200-1.jpg\" alt=\"\" class=\"wp-image-6417 size-full\"\/><\/figure><div class=\"wp-block-media-text__content\">\n<p class=\"has-white-color has-text-color has-background\" style=\"background-color:#007c89;font-size:25px\"><strong>FIESTA<\/strong><\/p>\n\n\n\n<p style=\"font-size:16px\"><strong>THEATRE > d\u00e8s 6 ans<\/strong><br>pour le plein air et la salle<\/p>\n\n\n\n<p class=\"has-background\" style=\"background-color:#bfd541;font-size:16px\"><strong>> EN DIFFUSION SAISON 2025\/26 <\/strong>&#8211; version plein air<br><strong>> DISPONIBLE SAISON 2026\/27<\/strong> &#8211; version plein air<br>> <strong>RESIDENCE DE CREATION 2026\/27<\/strong> &#8211; version salle <br><strong><a href=\"https:\/\/www.collectifetcie.fr\/index.php\/les-artistes\/lisa-pajon-hedi-tillette-de-clermont-tonnerre-theatre-irruptionnel\/fiesta\/\">en savoir +<\/a><\/strong><\/p>\n<\/div><\/div>\n\n\n\n<div style=\"height:39px\" aria-hidden=\"true\" class=\"wp-block-spacer\"><\/div>\n\n\n\n<div class=\"wp-block-media-text alignwide is-stacked-on-mobile is-vertically-aligned-top\" style=\"grid-template-columns:28% auto\"><figure class=\"wp-block-media-text__media\"><img loading=\"lazy\" decoding=\"async\" width=\"1024\" height=\"684\" src=\"https:\/\/www.collectifetcie.fr\/wp-content\/uploads\/2025\/01\/A-table.-\u252c\u00aeB.Muzard-HD-45-1024x684.jpg\" alt=\"\" class=\"wp-image-4613 size-full\" srcset=\"https:\/\/www.collectifetcie.fr\/wp-content\/uploads\/2025\/01\/A-table.-\u252c\u00aeB.Muzard-HD-45-1024x684.jpg 1024w, https:\/\/www.collectifetcie.fr\/wp-content\/uploads\/2025\/01\/A-table.-\u252c\u00aeB.Muzard-HD-45-300x200.jpg 300w, https:\/\/www.collectifetcie.fr\/wp-content\/uploads\/2025\/01\/A-table.-\u252c\u00aeB.Muzard-HD-45-768x513.jpg 768w, https:\/\/www.collectifetcie.fr\/wp-content\/uploads\/2025\/01\/A-table.-\u252c\u00aeB.Muzard-HD-45-1536x1026.jpg 1536w, https:\/\/www.collectifetcie.fr\/wp-content\/uploads\/2025\/01\/A-table.-\u252c\u00aeB.Muzard-HD-45-2048x1368.jpg 2048w\" sizes=\"auto, (max-width: 1024px) 100vw, 1024px\" \/><\/figure><div class=\"wp-block-media-text__content\">\n<p class=\"has-white-color has-text-color has-background\" style=\"background-color:#007c89;font-size:25px\"><strong>A TABLE CHEZ NOUS ON NE PARLAIT PAS<\/strong><\/p>\n\n\n\n<p style=\"font-size:16px\"><meta charset=\"utf-8\"><strong>THEATRE  &gt; d\u00e8s 14 ans<\/strong><br>pour la salle, le hors-les-murs et le plein air<\/p>\n\n\n\n<p class=\"has-background\" style=\"background-color:#bfd541;font-size:16px\"><strong><strong>&gt; EN DIFFUSION SAISON 2025\/26 <\/strong><br><strong>&gt; DISPONIBLE SAISON 2026\/27<\/strong><\/strong><br><strong><a href=\"https:\/\/www.collectifetcie.fr\/index.php\/les-artistes\/lisa-pajon-hedi-tillette-de-clermont-tonnerre-theatre-irruptionnel\/a-table-chez-nous-on-ne-parlait-pas\/\">en savoir +<\/a><\/strong><\/p>\n<\/div><\/div>\n\n\n\n<p class=\"has-text-align-right has-text-color\" style=\"color:#a60b15;font-size:18px\"><strong>Site Th\u00e9\u00e2tre Irruptionnel au Th\u00e9\u00e2tre de Verdure<br><\/strong><a href=\"https:\/\/letheatredeverdure.com\/\">https:\/\/letheatredeverdure.com\/<\/a><\/p>\n","protected":false},"excerpt":{"rendered":"<p>Le Th\u00e9\u00e2tre Irruptionnel est cr\u00e9\u00e9 en 2003 par Lisa Pajon, metteuse en sc\u00e8ne et com\u00e9dienne et H\u00e9di Tillette de Clermont-Tonnerre, auteur, metteur en sc\u00e8ne et com\u00e9dien. La compagnie r\u00e9unit des acteur.trice.s, des sc\u00e9nographes, des cr\u00e9ateur.trice.s son, lumi\u00e8re, vid\u00e9o, autour de l\u2019\u00e9criture d\u2019H\u00e9di Tillette de Clermont-Tonnerre. \u00c0 travers une dizaine de spectacles, dont certains textes sont [&hellip;]<\/p>\n","protected":false},"author":1,"featured_media":0,"parent":26,"menu_order":7,"comment_status":"closed","ping_status":"closed","template":"template-full.php","meta":{"footnotes":""},"class_list":["post-4609","page","type-page","status-publish","hentry"],"yoast_head":"<!-- This site is optimized with the Yoast SEO plugin v27.5 - https:\/\/yoast.com\/product\/yoast-seo-wordpress\/ -->\n<title>Lisa Pajon &amp; H\u00e9di Tillette de Clermont-Tonnerre &gt; Th\u00e9\u00e2tre Irruptionnel - collectif et compagnie<\/title>\n<meta name=\"description\" content=\"le Th\u00e9\u00e2tre Irruptionnel a la volont\u00e9 de raconter des histoires au plus grand nombre sans jamais simplifier ou affadir les \u0153uvres et les sujets.\" \/>\n<meta name=\"robots\" content=\"index, follow, max-snippet:-1, max-image-preview:large, max-video-preview:-1\" \/>\n<link rel=\"canonical\" href=\"https:\/\/www.collectifetcie.fr\/index.php\/les-artistes\/lisa-pajon-hedi-tillette-de-clermont-tonnerre-theatre-irruptionnel\/\" \/>\n<meta property=\"og:locale\" content=\"fr_FR\" \/>\n<meta property=\"og:type\" content=\"article\" \/>\n<meta property=\"og:title\" content=\"Lisa Pajon &amp; H\u00e9di Tillette de Clermont-Tonnerre &gt; Th\u00e9\u00e2tre Irruptionnel - collectif et compagnie\" \/>\n<meta property=\"og:description\" content=\"le Th\u00e9\u00e2tre Irruptionnel a la volont\u00e9 de raconter des histoires au plus grand nombre sans jamais simplifier ou affadir les \u0153uvres et les sujets.\" \/>\n<meta property=\"og:url\" content=\"https:\/\/www.collectifetcie.fr\/index.php\/les-artistes\/lisa-pajon-hedi-tillette-de-clermont-tonnerre-theatre-irruptionnel\/\" \/>\n<meta property=\"og:site_name\" content=\"collectif et compagnie\" \/>\n<meta property=\"article:modified_time\" content=\"2026-03-04T10:40:00+00:00\" \/>\n<meta property=\"og:image\" content=\"https:\/\/www.collectifetcie.fr\/wp-content\/uploads\/2025\/03\/Visuel-Site.png\" \/>\n\t<meta property=\"og:image:width\" content=\"872\" \/>\n\t<meta property=\"og:image:height\" content=\"1238\" \/>\n\t<meta property=\"og:image:type\" content=\"image\/png\" \/>\n<meta name=\"twitter:card\" content=\"summary_large_image\" \/>\n<meta name=\"twitter:label1\" content=\"Dur\u00e9e de lecture estim\u00e9e\" \/>\n\t<meta name=\"twitter:data1\" content=\"3 minutes\" \/>\n<script type=\"application\/ld+json\" class=\"yoast-schema-graph\">{\"@context\":\"https:\\\/\\\/schema.org\",\"@graph\":[{\"@type\":\"WebPage\",\"@id\":\"https:\\\/\\\/www.collectifetcie.fr\\\/index.php\\\/les-artistes\\\/lisa-pajon-hedi-tillette-de-clermont-tonnerre-theatre-irruptionnel\\\/\",\"url\":\"https:\\\/\\\/www.collectifetcie.fr\\\/index.php\\\/les-artistes\\\/lisa-pajon-hedi-tillette-de-clermont-tonnerre-theatre-irruptionnel\\\/\",\"name\":\"Lisa Pajon &amp; H\u00e9di Tillette de Clermont-Tonnerre > Th\u00e9\u00e2tre Irruptionnel - collectif et compagnie\",\"isPartOf\":{\"@id\":\"https:\\\/\\\/www.collectifetcie.fr\\\/#website\"},\"primaryImageOfPage\":{\"@id\":\"https:\\\/\\\/www.collectifetcie.fr\\\/index.php\\\/les-artistes\\\/lisa-pajon-hedi-tillette-de-clermont-tonnerre-theatre-irruptionnel\\\/#primaryimage\"},\"image\":{\"@id\":\"https:\\\/\\\/www.collectifetcie.fr\\\/index.php\\\/les-artistes\\\/lisa-pajon-hedi-tillette-de-clermont-tonnerre-theatre-irruptionnel\\\/#primaryimage\"},\"thumbnailUrl\":\"https:\\\/\\\/www.collectifetcie.fr\\\/wp-content\\\/uploads\\\/2025\\\/03\\\/Visuel-Site-721x1024.png\",\"datePublished\":\"2025-01-16T18:08:11+00:00\",\"dateModified\":\"2026-03-04T10:40:00+00:00\",\"description\":\"le Th\u00e9\u00e2tre Irruptionnel a la volont\u00e9 de raconter des histoires au plus grand nombre sans jamais simplifier ou affadir les \u0153uvres et les sujets.\",\"breadcrumb\":{\"@id\":\"https:\\\/\\\/www.collectifetcie.fr\\\/index.php\\\/les-artistes\\\/lisa-pajon-hedi-tillette-de-clermont-tonnerre-theatre-irruptionnel\\\/#breadcrumb\"},\"inLanguage\":\"fr-FR\",\"potentialAction\":[{\"@type\":\"ReadAction\",\"target\":[\"https:\\\/\\\/www.collectifetcie.fr\\\/index.php\\\/les-artistes\\\/lisa-pajon-hedi-tillette-de-clermont-tonnerre-theatre-irruptionnel\\\/\"]}]},{\"@type\":\"ImageObject\",\"inLanguage\":\"fr-FR\",\"@id\":\"https:\\\/\\\/www.collectifetcie.fr\\\/index.php\\\/les-artistes\\\/lisa-pajon-hedi-tillette-de-clermont-tonnerre-theatre-irruptionnel\\\/#primaryimage\",\"url\":\"https:\\\/\\\/www.collectifetcie.fr\\\/wp-content\\\/uploads\\\/2025\\\/03\\\/Visuel-Site.png\",\"contentUrl\":\"https:\\\/\\\/www.collectifetcie.fr\\\/wp-content\\\/uploads\\\/2025\\\/03\\\/Visuel-Site.png\",\"width\":872,\"height\":1238},{\"@type\":\"BreadcrumbList\",\"@id\":\"https:\\\/\\\/www.collectifetcie.fr\\\/index.php\\\/les-artistes\\\/lisa-pajon-hedi-tillette-de-clermont-tonnerre-theatre-irruptionnel\\\/#breadcrumb\",\"itemListElement\":[{\"@type\":\"ListItem\",\"position\":1,\"name\":\"Accueil\",\"item\":\"https:\\\/\\\/www.collectifetcie.fr\\\/\"},{\"@type\":\"ListItem\",\"position\":2,\"name\":\"Artistes et compagnies\",\"item\":\"https:\\\/\\\/www.collectifetcie.fr\\\/index.php\\\/les-artistes\\\/\"},{\"@type\":\"ListItem\",\"position\":3,\"name\":\"Lisa Pajon &amp; H\u00e9di Tillette de Clermont-Tonnerre > Th\u00e9\u00e2tre Irruptionnel\"}]},{\"@type\":\"WebSite\",\"@id\":\"https:\\\/\\\/www.collectifetcie.fr\\\/#website\",\"url\":\"https:\\\/\\\/www.collectifetcie.fr\\\/\",\"name\":\"collectif et compagnie\",\"description\":\"\",\"publisher\":{\"@id\":\"https:\\\/\\\/www.collectifetcie.fr\\\/#organization\"},\"potentialAction\":[{\"@type\":\"SearchAction\",\"target\":{\"@type\":\"EntryPoint\",\"urlTemplate\":\"https:\\\/\\\/www.collectifetcie.fr\\\/?s={search_term_string}\"},\"query-input\":{\"@type\":\"PropertyValueSpecification\",\"valueRequired\":true,\"valueName\":\"search_term_string\"}}],\"inLanguage\":\"fr-FR\"},{\"@type\":\"Organization\",\"@id\":\"https:\\\/\\\/www.collectifetcie.fr\\\/#organization\",\"name\":\"collectif et compagnie\",\"url\":\"https:\\\/\\\/www.collectifetcie.fr\\\/\",\"logo\":{\"@type\":\"ImageObject\",\"inLanguage\":\"fr-FR\",\"@id\":\"https:\\\/\\\/www.collectifetcie.fr\\\/#\\\/schema\\\/logo\\\/image\\\/\",\"url\":\"https:\\\/\\\/www.collectifetcie.fr\\\/wp-content\\\/uploads\\\/2025\\\/09\\\/cropped-Bandeau-Site-04-09-25-OK.jpg\",\"contentUrl\":\"https:\\\/\\\/www.collectifetcie.fr\\\/wp-content\\\/uploads\\\/2025\\\/09\\\/cropped-Bandeau-Site-04-09-25-OK.jpg\",\"width\":1616,\"height\":234,\"caption\":\"collectif et compagnie\"},\"image\":{\"@id\":\"https:\\\/\\\/www.collectifetcie.fr\\\/#\\\/schema\\\/logo\\\/image\\\/\"}}]}<\/script>\n<!-- \/ Yoast SEO plugin. -->","yoast_head_json":{"title":"Lisa Pajon &amp; H\u00e9di Tillette de Clermont-Tonnerre > Th\u00e9\u00e2tre Irruptionnel - collectif et compagnie","description":"le Th\u00e9\u00e2tre Irruptionnel a la volont\u00e9 de raconter des histoires au plus grand nombre sans jamais simplifier ou affadir les \u0153uvres et les sujets.","robots":{"index":"index","follow":"follow","max-snippet":"max-snippet:-1","max-image-preview":"max-image-preview:large","max-video-preview":"max-video-preview:-1"},"canonical":"https:\/\/www.collectifetcie.fr\/index.php\/les-artistes\/lisa-pajon-hedi-tillette-de-clermont-tonnerre-theatre-irruptionnel\/","og_locale":"fr_FR","og_type":"article","og_title":"Lisa Pajon &amp; H\u00e9di Tillette de Clermont-Tonnerre > Th\u00e9\u00e2tre Irruptionnel - collectif et compagnie","og_description":"le Th\u00e9\u00e2tre Irruptionnel a la volont\u00e9 de raconter des histoires au plus grand nombre sans jamais simplifier ou affadir les \u0153uvres et les sujets.","og_url":"https:\/\/www.collectifetcie.fr\/index.php\/les-artistes\/lisa-pajon-hedi-tillette-de-clermont-tonnerre-theatre-irruptionnel\/","og_site_name":"collectif et compagnie","article_modified_time":"2026-03-04T10:40:00+00:00","og_image":[{"width":872,"height":1238,"url":"https:\/\/www.collectifetcie.fr\/wp-content\/uploads\/2025\/03\/Visuel-Site.png","type":"image\/png"}],"twitter_card":"summary_large_image","twitter_misc":{"Dur\u00e9e de lecture estim\u00e9e":"3 minutes"},"schema":{"@context":"https:\/\/schema.org","@graph":[{"@type":"WebPage","@id":"https:\/\/www.collectifetcie.fr\/index.php\/les-artistes\/lisa-pajon-hedi-tillette-de-clermont-tonnerre-theatre-irruptionnel\/","url":"https:\/\/www.collectifetcie.fr\/index.php\/les-artistes\/lisa-pajon-hedi-tillette-de-clermont-tonnerre-theatre-irruptionnel\/","name":"Lisa Pajon &amp; H\u00e9di Tillette de Clermont-Tonnerre > Th\u00e9\u00e2tre Irruptionnel - collectif et compagnie","isPartOf":{"@id":"https:\/\/www.collectifetcie.fr\/#website"},"primaryImageOfPage":{"@id":"https:\/\/www.collectifetcie.fr\/index.php\/les-artistes\/lisa-pajon-hedi-tillette-de-clermont-tonnerre-theatre-irruptionnel\/#primaryimage"},"image":{"@id":"https:\/\/www.collectifetcie.fr\/index.php\/les-artistes\/lisa-pajon-hedi-tillette-de-clermont-tonnerre-theatre-irruptionnel\/#primaryimage"},"thumbnailUrl":"https:\/\/www.collectifetcie.fr\/wp-content\/uploads\/2025\/03\/Visuel-Site-721x1024.png","datePublished":"2025-01-16T18:08:11+00:00","dateModified":"2026-03-04T10:40:00+00:00","description":"le Th\u00e9\u00e2tre Irruptionnel a la volont\u00e9 de raconter des histoires au plus grand nombre sans jamais simplifier ou affadir les \u0153uvres et les sujets.","breadcrumb":{"@id":"https:\/\/www.collectifetcie.fr\/index.php\/les-artistes\/lisa-pajon-hedi-tillette-de-clermont-tonnerre-theatre-irruptionnel\/#breadcrumb"},"inLanguage":"fr-FR","potentialAction":[{"@type":"ReadAction","target":["https:\/\/www.collectifetcie.fr\/index.php\/les-artistes\/lisa-pajon-hedi-tillette-de-clermont-tonnerre-theatre-irruptionnel\/"]}]},{"@type":"ImageObject","inLanguage":"fr-FR","@id":"https:\/\/www.collectifetcie.fr\/index.php\/les-artistes\/lisa-pajon-hedi-tillette-de-clermont-tonnerre-theatre-irruptionnel\/#primaryimage","url":"https:\/\/www.collectifetcie.fr\/wp-content\/uploads\/2025\/03\/Visuel-Site.png","contentUrl":"https:\/\/www.collectifetcie.fr\/wp-content\/uploads\/2025\/03\/Visuel-Site.png","width":872,"height":1238},{"@type":"BreadcrumbList","@id":"https:\/\/www.collectifetcie.fr\/index.php\/les-artistes\/lisa-pajon-hedi-tillette-de-clermont-tonnerre-theatre-irruptionnel\/#breadcrumb","itemListElement":[{"@type":"ListItem","position":1,"name":"Accueil","item":"https:\/\/www.collectifetcie.fr\/"},{"@type":"ListItem","position":2,"name":"Artistes et compagnies","item":"https:\/\/www.collectifetcie.fr\/index.php\/les-artistes\/"},{"@type":"ListItem","position":3,"name":"Lisa Pajon &amp; H\u00e9di Tillette de Clermont-Tonnerre > Th\u00e9\u00e2tre Irruptionnel"}]},{"@type":"WebSite","@id":"https:\/\/www.collectifetcie.fr\/#website","url":"https:\/\/www.collectifetcie.fr\/","name":"collectif et compagnie","description":"","publisher":{"@id":"https:\/\/www.collectifetcie.fr\/#organization"},"potentialAction":[{"@type":"SearchAction","target":{"@type":"EntryPoint","urlTemplate":"https:\/\/www.collectifetcie.fr\/?s={search_term_string}"},"query-input":{"@type":"PropertyValueSpecification","valueRequired":true,"valueName":"search_term_string"}}],"inLanguage":"fr-FR"},{"@type":"Organization","@id":"https:\/\/www.collectifetcie.fr\/#organization","name":"collectif et compagnie","url":"https:\/\/www.collectifetcie.fr\/","logo":{"@type":"ImageObject","inLanguage":"fr-FR","@id":"https:\/\/www.collectifetcie.fr\/#\/schema\/logo\/image\/","url":"https:\/\/www.collectifetcie.fr\/wp-content\/uploads\/2025\/09\/cropped-Bandeau-Site-04-09-25-OK.jpg","contentUrl":"https:\/\/www.collectifetcie.fr\/wp-content\/uploads\/2025\/09\/cropped-Bandeau-Site-04-09-25-OK.jpg","width":1616,"height":234,"caption":"collectif et compagnie"},"image":{"@id":"https:\/\/www.collectifetcie.fr\/#\/schema\/logo\/image\/"}}]}},"_links":{"self":[{"href":"https:\/\/www.collectifetcie.fr\/index.php\/wp-json\/wp\/v2\/pages\/4609","targetHints":{"allow":["GET"]}}],"collection":[{"href":"https:\/\/www.collectifetcie.fr\/index.php\/wp-json\/wp\/v2\/pages"}],"about":[{"href":"https:\/\/www.collectifetcie.fr\/index.php\/wp-json\/wp\/v2\/types\/page"}],"author":[{"embeddable":true,"href":"https:\/\/www.collectifetcie.fr\/index.php\/wp-json\/wp\/v2\/users\/1"}],"replies":[{"embeddable":true,"href":"https:\/\/www.collectifetcie.fr\/index.php\/wp-json\/wp\/v2\/comments?post=4609"}],"version-history":[{"count":62,"href":"https:\/\/www.collectifetcie.fr\/index.php\/wp-json\/wp\/v2\/pages\/4609\/revisions"}],"predecessor-version":[{"id":6418,"href":"https:\/\/www.collectifetcie.fr\/index.php\/wp-json\/wp\/v2\/pages\/4609\/revisions\/6418"}],"up":[{"embeddable":true,"href":"https:\/\/www.collectifetcie.fr\/index.php\/wp-json\/wp\/v2\/pages\/26"}],"wp:attachment":[{"href":"https:\/\/www.collectifetcie.fr\/index.php\/wp-json\/wp\/v2\/media?parent=4609"}],"curies":[{"name":"wp","href":"https:\/\/api.w.org\/{rel}","templated":true}]}}