{"id":4414,"date":"2024-11-20T17:10:51","date_gmt":"2024-11-20T16:10:51","guid":{"rendered":"https:\/\/www.collectifetcie.fr\/?page_id=4414"},"modified":"2025-09-12T15:49:13","modified_gmt":"2025-09-12T13:49:13","slug":"anne-theron-productions-merlin","status":"publish","type":"page","link":"https:\/\/www.collectifetcie.fr\/index.php\/les-artistes\/anne-theron-productions-merlin\/","title":{"rendered":"Anne Theron > Productions Merlin"},"content":{"rendered":"\n<p style=\"font-size:20px\"><strong>Metteure en sc\u00e8ne, autrice et cin\u00e9aste.<\/strong><\/p>\n\n\n\n<p><strong>Anne Th\u00e9ron fonde la compagnie Les Productions Merlin avec laquelle elle cr\u00e9e ce qu&rsquo;elle appelle des \u00ab\u00a0objets\u00a0\u00bb, o\u00f9 se m\u00ealent recherches sur le corps, la vid\u00e9o et le son<\/strong> : <em><strong>La Religieuse<\/strong> <\/em>(1997) d&rsquo;apr\u00e8s Diderot ; <em><strong>Le Pilier<\/strong> <\/em>(2000) de Anne Th\u00e9ron ; une deuxi\u00e8me version de <em><strong>La Religieuse<\/strong><\/em> (2004) &#8211; tourn\u00e9es en France entre 2004 et 2013, au Canada en 2004 et en Russie en 2013 ;<strong> <em>Antigone\/Hors la loi <\/em><\/strong>(2006) de Anne Th\u00e9ron ; <em><strong>Abattoir<\/strong><\/em> (2008) d&rsquo;apr\u00e8s le sc\u00e9nario <em>Entr\u00e9e du personnel <\/em>de Manuela Fr\u00e9zil ; <em><strong>Amours\/Variations <\/strong><\/em>(2008) de Anne Th\u00e9ron ; <em><strong>Jackie<\/strong><\/em> (2009) d&rsquo;Elfried Jelinek ; <em><strong>Andromaque\/2010 <\/strong><\/em>(2011) d&rsquo;apr\u00e8s Racine ; <em><strong>L&rsquo;Argent<\/strong><\/em> (2012) de Christophe Tarkos avec Stanislas Nordey et Akiko Hasegawa, invit\u00e9 en 2013 \u00e0 Avignon ; <em><strong>Contractions<\/strong><\/em> de Mike Bartlett (2014) ; <em><strong>Ne me touchez pas <\/strong><\/em>(2015), un texte dont elle est l&rsquo;autrice, \u00e9dit\u00e9 aux Solitaires Intempestifs, librement inspir\u00e9 des Liaisons dangereuses de Pierre Choderlos de Laclos. <br>En 2017, elle cr\u00e9e <strong><em>Celles qui me traversent<\/em>,<\/strong> un po\u00e8me chor\u00e9graphique, avec Julie Coutant et Akiko Hasegawa. Puis en 2018, <em><strong>\u00c0 la trace<\/strong><\/em>, d\u2019apr\u00e8s un texte qu\u2019elle a command\u00e9 \u00e0 Alexandra Badea. Dans le cadre du projet \u00c9ducation et Proximit\u00e9, elle cr\u00e9e en 2019 <em><strong>\u00c0 la carabine<\/strong> <\/em>de Pauline Peyrade \u00e0 Paris, Reims et Strasbourg. Puis met en sc\u00e8ne en janvier 2020 <em><strong>Supervision<\/strong><\/em> de Sonia Chiambretto au Th\u00e9\u00e2tre 14. En 2021, elle cr\u00e9e <em><strong>Condor<\/strong><\/em>, un texte de Fr\u00e9d\u00e9ric Vossier, \u00e0 la Sc\u00e8ne nationale de Ch\u00e2teauvallon- Libert\u00e9 puis en tourn\u00e9e au TNS, \u00e0 la MC93. En 2022, elle cr\u00e9e <em><strong>Iphig\u00e9nie<\/strong><\/em> de Tiago Rodrigues, une coproduction franco- portugaise, au festival d\u2019Avignon et en tourn\u00e9e nationale et internationale jusqu\u2019en 2024.<br><br>Anne Th\u00e9ron a \u00e9t\u00e9 artiste associ\u00e9e \u00e0 la Sc\u00e8ne nationale de Poitiers puis au TAP (2007 \u00e0 2011), au TU-Nantes (2010 \u00e0 2012) et de 2014 \u00e0 2023, au Th\u00e9\u00e2tre National de Strasbourg et \u00e0 son \u00c9cole dirig\u00e9s par Stanislas Nordey aux c\u00f4t\u00e9s de Julien Gosselin, Thomas Jolly, Lazare, Christine Letailleur et Blandine Savetier.&nbsp;&nbsp;<\/p>\n\n\n\n<p>La compagnie Les Productions Merlin est conventionn\u00e9e par le Minist\u00e8re de la Culture et de la Communication (DRAC Nouvelle Aquitaine).<br><\/p>\n\n\n\n<div style=\"height:17px\" aria-hidden=\"true\" class=\"wp-block-spacer\"><\/div>\n\n\n\n<div class=\"wp-block-media-text alignwide is-stacked-on-mobile is-vertically-aligned-top\" style=\"grid-template-columns:37% auto\"><figure class=\"wp-block-media-text__media\"><img loading=\"lazy\" decoding=\"async\" width=\"1024\" height=\"615\" src=\"https:\/\/www.collectifetcie.fr\/wp-content\/uploads\/2024\/12\/PHOTO-LA-RELIGIEUSE-2-1024x615.jpg\" alt=\"\" class=\"wp-image-4529 size-full\" srcset=\"https:\/\/www.collectifetcie.fr\/wp-content\/uploads\/2024\/12\/PHOTO-LA-RELIGIEUSE-2-1024x615.jpg 1024w, https:\/\/www.collectifetcie.fr\/wp-content\/uploads\/2024\/12\/PHOTO-LA-RELIGIEUSE-2-300x180.jpg 300w, https:\/\/www.collectifetcie.fr\/wp-content\/uploads\/2024\/12\/PHOTO-LA-RELIGIEUSE-2-768x462.jpg 768w, https:\/\/www.collectifetcie.fr\/wp-content\/uploads\/2024\/12\/PHOTO-LA-RELIGIEUSE-2-1536x923.jpg 1536w, https:\/\/www.collectifetcie.fr\/wp-content\/uploads\/2024\/12\/PHOTO-LA-RELIGIEUSE-2.jpg 1644w\" sizes=\"auto, (max-width: 1024px) 100vw, 1024px\" \/><\/figure><div class=\"wp-block-media-text__content\">\n<p class=\"has-text-align-left has-white-color has-text-color has-background\" style=\"background-color:#007c89;font-size:25px\"><strong>LA RELIGIEUSE<\/strong><\/p>\n\n\n\n<p style=\"font-size:16px\"><meta charset=\"utf-8\"><strong>THEATRE  <\/strong><\/p>\n\n\n\n<p class=\"has-background\" style=\"background-color:#bfd541;font-size:16px\"><strong>&gt; DIFFUSION 2025\/26 <\/strong><br><strong><a href=\"https:\/\/www.collectifetcie.fr\/index.php\/les-artistes\/anne-theron-productions-merlin\/la-religieuse\/\">en savoir +<\/a><\/strong><br><br><\/p>\n\n\n\n<div style=\"height:30px\" aria-hidden=\"true\" class=\"wp-block-spacer\"><\/div>\n<\/div><\/div>\n\n\n\n<div class=\"wp-block-media-text alignwide is-stacked-on-mobile is-vertically-aligned-top\" style=\"grid-template-columns:37% auto\"><figure class=\"wp-block-media-text__media\"><img loading=\"lazy\" decoding=\"async\" width=\"1024\" height=\"508\" src=\"https:\/\/www.collectifetcie.fr\/wp-content\/uploads\/2025\/09\/Capture-decran-2025-09-12-a-15.34.37-1024x508.png\" alt=\"\" class=\"wp-image-5862 size-full\" srcset=\"https:\/\/www.collectifetcie.fr\/wp-content\/uploads\/2025\/09\/Capture-decran-2025-09-12-a-15.34.37-1024x508.png 1024w, https:\/\/www.collectifetcie.fr\/wp-content\/uploads\/2025\/09\/Capture-decran-2025-09-12-a-15.34.37-300x149.png 300w, https:\/\/www.collectifetcie.fr\/wp-content\/uploads\/2025\/09\/Capture-decran-2025-09-12-a-15.34.37-768x381.png 768w, https:\/\/www.collectifetcie.fr\/wp-content\/uploads\/2025\/09\/Capture-decran-2025-09-12-a-15.34.37-1536x763.png 1536w, https:\/\/www.collectifetcie.fr\/wp-content\/uploads\/2025\/09\/Capture-decran-2025-09-12-a-15.34.37.png 1752w\" sizes=\"auto, (max-width: 1024px) 100vw, 1024px\" \/><\/figure><div class=\"wp-block-media-text__content\">\n<p class=\"has-text-align-left has-white-color has-text-color has-background has-medium-font-size\" style=\"background-color:#007c89\"><strong>DELETE<\/strong><\/p>\n\n\n\n<p style=\"font-size:16px\"><meta charset=\"utf-8\"><strong>THEATRE  &#8211; VIDEO &#8211; MUSIQUE   <\/strong><\/p>\n\n\n\n<p class=\"has-background\" style=\"background-color:#bfd541;font-size:16px\"><strong>&gt; CREATION 2026\/27 <\/strong><br>en recherche de partenaires production et diffusion<br><a href=\"https:\/\/www.collectifetcie.fr\/index.php\/les-artistes\/anne-theron-productions-merlin\/delete\/\"><strong>en savoir +<\/strong><\/a><br><br><\/p>\n\n\n\n<div style=\"height:30px\" aria-hidden=\"true\" class=\"wp-block-spacer\"><\/div>\n<\/div><\/div>\n\n\n\n<div style=\"height:40px\" aria-hidden=\"true\" class=\"wp-block-spacer\"><\/div>\n\n\n\n<div style=\"height:41px\" aria-hidden=\"true\" class=\"wp-block-spacer\"><\/div>\n\n\n\n<div style=\"height:41px\" aria-hidden=\"true\" class=\"wp-block-spacer\"><\/div>\n\n\n\n<p class=\"has-text-align-right has-text-color\" style=\"color:#a60b15;font-size:18px\"><strong>Site Productions Merlin &gt; Anne Theron <\/strong><br><a href=\"https:\/\/www.compagnieproductionsmerlin.fr\/\">https:\/\/www.compagnieproductionsmerlin.fr\/<\/a><\/p>\n\n\n\n<p><\/p>\n\n\n\n<p><\/p>\n","protected":false},"excerpt":{"rendered":"<p>Metteure en sc\u00e8ne, autrice et cin\u00e9aste. Anne Th\u00e9ron fonde la compagnie Les Productions Merlin avec laquelle elle cr\u00e9e ce qu&rsquo;elle appelle des \u00ab\u00a0objets\u00a0\u00bb, o\u00f9 se m\u00ealent recherches sur le corps, la vid\u00e9o et le son : La Religieuse (1997) d&rsquo;apr\u00e8s Diderot ; Le Pilier (2000) de Anne Th\u00e9ron ; une deuxi\u00e8me version de La Religieuse [&hellip;]<\/p>\n","protected":false},"author":1,"featured_media":0,"parent":26,"menu_order":1,"comment_status":"closed","ping_status":"closed","template":"template-full.php","meta":{"footnotes":""},"class_list":["post-4414","page","type-page","status-publish","hentry"],"yoast_head":"<!-- This site is optimized with the Yoast SEO plugin v27.4 - https:\/\/yoast.com\/product\/yoast-seo-wordpress\/ -->\n<title>Anne Theron &gt; Productions Merlin - collectif et compagnie<\/title>\n<meta name=\"description\" content=\"Anne Th\u00e9ron fonde Les Productions Merlin avec laquelle elle cr\u00e9e des &quot;objets&quot; m\u00ealant recherches sur le corps, la vid\u00e9o et le son\" \/>\n<meta name=\"robots\" content=\"index, follow, max-snippet:-1, max-image-preview:large, max-video-preview:-1\" \/>\n<link rel=\"canonical\" href=\"https:\/\/www.collectifetcie.fr\/index.php\/les-artistes\/anne-theron-productions-merlin\/\" \/>\n<meta property=\"og:locale\" content=\"fr_FR\" \/>\n<meta property=\"og:type\" content=\"article\" \/>\n<meta property=\"og:title\" content=\"Anne Theron &gt; Productions Merlin - collectif et compagnie\" \/>\n<meta property=\"og:description\" content=\"Anne Th\u00e9ron fonde Les Productions Merlin avec laquelle elle cr\u00e9e des &quot;objets&quot; m\u00ealant recherches sur le corps, la vid\u00e9o et le son\" \/>\n<meta property=\"og:url\" content=\"https:\/\/www.collectifetcie.fr\/index.php\/les-artistes\/anne-theron-productions-merlin\/\" \/>\n<meta property=\"og:site_name\" content=\"collectif et compagnie\" \/>\n<meta property=\"article:modified_time\" content=\"2025-09-12T13:49:13+00:00\" \/>\n<meta property=\"og:image\" content=\"https:\/\/www.collectifetcie.fr\/wp-content\/uploads\/2024\/12\/PHOTO-LA-RELIGIEUSE-2.jpg\" \/>\n\t<meta property=\"og:image:width\" content=\"1644\" \/>\n\t<meta property=\"og:image:height\" content=\"988\" \/>\n\t<meta property=\"og:image:type\" content=\"image\/jpeg\" \/>\n<meta name=\"twitter:card\" content=\"summary_large_image\" \/>\n<meta name=\"twitter:label1\" content=\"Dur\u00e9e de lecture estim\u00e9e\" \/>\n\t<meta name=\"twitter:data1\" content=\"2 minutes\" \/>\n<script type=\"application\/ld+json\" class=\"yoast-schema-graph\">{\"@context\":\"https:\\\/\\\/schema.org\",\"@graph\":[{\"@type\":\"WebPage\",\"@id\":\"https:\\\/\\\/www.collectifetcie.fr\\\/index.php\\\/les-artistes\\\/anne-theron-productions-merlin\\\/\",\"url\":\"https:\\\/\\\/www.collectifetcie.fr\\\/index.php\\\/les-artistes\\\/anne-theron-productions-merlin\\\/\",\"name\":\"Anne Theron > Productions Merlin - collectif et compagnie\",\"isPartOf\":{\"@id\":\"https:\\\/\\\/www.collectifetcie.fr\\\/#website\"},\"primaryImageOfPage\":{\"@id\":\"https:\\\/\\\/www.collectifetcie.fr\\\/index.php\\\/les-artistes\\\/anne-theron-productions-merlin\\\/#primaryimage\"},\"image\":{\"@id\":\"https:\\\/\\\/www.collectifetcie.fr\\\/index.php\\\/les-artistes\\\/anne-theron-productions-merlin\\\/#primaryimage\"},\"thumbnailUrl\":\"https:\\\/\\\/www.collectifetcie.fr\\\/wp-content\\\/uploads\\\/2024\\\/12\\\/PHOTO-LA-RELIGIEUSE-2-1024x615.jpg\",\"datePublished\":\"2024-11-20T16:10:51+00:00\",\"dateModified\":\"2025-09-12T13:49:13+00:00\",\"description\":\"Anne Th\u00e9ron fonde Les Productions Merlin avec laquelle elle cr\u00e9e des \\\"objets\\\" m\u00ealant recherches sur le corps, la vid\u00e9o et le son\",\"breadcrumb\":{\"@id\":\"https:\\\/\\\/www.collectifetcie.fr\\\/index.php\\\/les-artistes\\\/anne-theron-productions-merlin\\\/#breadcrumb\"},\"inLanguage\":\"fr-FR\",\"potentialAction\":[{\"@type\":\"ReadAction\",\"target\":[\"https:\\\/\\\/www.collectifetcie.fr\\\/index.php\\\/les-artistes\\\/anne-theron-productions-merlin\\\/\"]}]},{\"@type\":\"ImageObject\",\"inLanguage\":\"fr-FR\",\"@id\":\"https:\\\/\\\/www.collectifetcie.fr\\\/index.php\\\/les-artistes\\\/anne-theron-productions-merlin\\\/#primaryimage\",\"url\":\"https:\\\/\\\/www.collectifetcie.fr\\\/wp-content\\\/uploads\\\/2024\\\/12\\\/PHOTO-LA-RELIGIEUSE-2.jpg\",\"contentUrl\":\"https:\\\/\\\/www.collectifetcie.fr\\\/wp-content\\\/uploads\\\/2024\\\/12\\\/PHOTO-LA-RELIGIEUSE-2.jpg\",\"width\":1644,\"height\":988},{\"@type\":\"BreadcrumbList\",\"@id\":\"https:\\\/\\\/www.collectifetcie.fr\\\/index.php\\\/les-artistes\\\/anne-theron-productions-merlin\\\/#breadcrumb\",\"itemListElement\":[{\"@type\":\"ListItem\",\"position\":1,\"name\":\"Accueil\",\"item\":\"https:\\\/\\\/www.collectifetcie.fr\\\/\"},{\"@type\":\"ListItem\",\"position\":2,\"name\":\"Artistes et compagnies\",\"item\":\"https:\\\/\\\/www.collectifetcie.fr\\\/index.php\\\/les-artistes\\\/\"},{\"@type\":\"ListItem\",\"position\":3,\"name\":\"Anne Theron > Productions Merlin\"}]},{\"@type\":\"WebSite\",\"@id\":\"https:\\\/\\\/www.collectifetcie.fr\\\/#website\",\"url\":\"https:\\\/\\\/www.collectifetcie.fr\\\/\",\"name\":\"collectif et compagnie\",\"description\":\"\",\"publisher\":{\"@id\":\"https:\\\/\\\/www.collectifetcie.fr\\\/#organization\"},\"potentialAction\":[{\"@type\":\"SearchAction\",\"target\":{\"@type\":\"EntryPoint\",\"urlTemplate\":\"https:\\\/\\\/www.collectifetcie.fr\\\/?s={search_term_string}\"},\"query-input\":{\"@type\":\"PropertyValueSpecification\",\"valueRequired\":true,\"valueName\":\"search_term_string\"}}],\"inLanguage\":\"fr-FR\"},{\"@type\":\"Organization\",\"@id\":\"https:\\\/\\\/www.collectifetcie.fr\\\/#organization\",\"name\":\"collectif et compagnie\",\"url\":\"https:\\\/\\\/www.collectifetcie.fr\\\/\",\"logo\":{\"@type\":\"ImageObject\",\"inLanguage\":\"fr-FR\",\"@id\":\"https:\\\/\\\/www.collectifetcie.fr\\\/#\\\/schema\\\/logo\\\/image\\\/\",\"url\":\"https:\\\/\\\/www.collectifetcie.fr\\\/wp-content\\\/uploads\\\/2025\\\/09\\\/cropped-Bandeau-Site-04-09-25-OK.jpg\",\"contentUrl\":\"https:\\\/\\\/www.collectifetcie.fr\\\/wp-content\\\/uploads\\\/2025\\\/09\\\/cropped-Bandeau-Site-04-09-25-OK.jpg\",\"width\":1616,\"height\":234,\"caption\":\"collectif et compagnie\"},\"image\":{\"@id\":\"https:\\\/\\\/www.collectifetcie.fr\\\/#\\\/schema\\\/logo\\\/image\\\/\"}}]}<\/script>\n<!-- \/ Yoast SEO plugin. -->","yoast_head_json":{"title":"Anne Theron > Productions Merlin - collectif et compagnie","description":"Anne Th\u00e9ron fonde Les Productions Merlin avec laquelle elle cr\u00e9e des \"objets\" m\u00ealant recherches sur le corps, la vid\u00e9o et le son","robots":{"index":"index","follow":"follow","max-snippet":"max-snippet:-1","max-image-preview":"max-image-preview:large","max-video-preview":"max-video-preview:-1"},"canonical":"https:\/\/www.collectifetcie.fr\/index.php\/les-artistes\/anne-theron-productions-merlin\/","og_locale":"fr_FR","og_type":"article","og_title":"Anne Theron > Productions Merlin - collectif et compagnie","og_description":"Anne Th\u00e9ron fonde Les Productions Merlin avec laquelle elle cr\u00e9e des \"objets\" m\u00ealant recherches sur le corps, la vid\u00e9o et le son","og_url":"https:\/\/www.collectifetcie.fr\/index.php\/les-artistes\/anne-theron-productions-merlin\/","og_site_name":"collectif et compagnie","article_modified_time":"2025-09-12T13:49:13+00:00","og_image":[{"width":1644,"height":988,"url":"https:\/\/www.collectifetcie.fr\/wp-content\/uploads\/2024\/12\/PHOTO-LA-RELIGIEUSE-2.jpg","type":"image\/jpeg"}],"twitter_card":"summary_large_image","twitter_misc":{"Dur\u00e9e de lecture estim\u00e9e":"2 minutes"},"schema":{"@context":"https:\/\/schema.org","@graph":[{"@type":"WebPage","@id":"https:\/\/www.collectifetcie.fr\/index.php\/les-artistes\/anne-theron-productions-merlin\/","url":"https:\/\/www.collectifetcie.fr\/index.php\/les-artistes\/anne-theron-productions-merlin\/","name":"Anne Theron > Productions Merlin - collectif et compagnie","isPartOf":{"@id":"https:\/\/www.collectifetcie.fr\/#website"},"primaryImageOfPage":{"@id":"https:\/\/www.collectifetcie.fr\/index.php\/les-artistes\/anne-theron-productions-merlin\/#primaryimage"},"image":{"@id":"https:\/\/www.collectifetcie.fr\/index.php\/les-artistes\/anne-theron-productions-merlin\/#primaryimage"},"thumbnailUrl":"https:\/\/www.collectifetcie.fr\/wp-content\/uploads\/2024\/12\/PHOTO-LA-RELIGIEUSE-2-1024x615.jpg","datePublished":"2024-11-20T16:10:51+00:00","dateModified":"2025-09-12T13:49:13+00:00","description":"Anne Th\u00e9ron fonde Les Productions Merlin avec laquelle elle cr\u00e9e des \"objets\" m\u00ealant recherches sur le corps, la vid\u00e9o et le son","breadcrumb":{"@id":"https:\/\/www.collectifetcie.fr\/index.php\/les-artistes\/anne-theron-productions-merlin\/#breadcrumb"},"inLanguage":"fr-FR","potentialAction":[{"@type":"ReadAction","target":["https:\/\/www.collectifetcie.fr\/index.php\/les-artistes\/anne-theron-productions-merlin\/"]}]},{"@type":"ImageObject","inLanguage":"fr-FR","@id":"https:\/\/www.collectifetcie.fr\/index.php\/les-artistes\/anne-theron-productions-merlin\/#primaryimage","url":"https:\/\/www.collectifetcie.fr\/wp-content\/uploads\/2024\/12\/PHOTO-LA-RELIGIEUSE-2.jpg","contentUrl":"https:\/\/www.collectifetcie.fr\/wp-content\/uploads\/2024\/12\/PHOTO-LA-RELIGIEUSE-2.jpg","width":1644,"height":988},{"@type":"BreadcrumbList","@id":"https:\/\/www.collectifetcie.fr\/index.php\/les-artistes\/anne-theron-productions-merlin\/#breadcrumb","itemListElement":[{"@type":"ListItem","position":1,"name":"Accueil","item":"https:\/\/www.collectifetcie.fr\/"},{"@type":"ListItem","position":2,"name":"Artistes et compagnies","item":"https:\/\/www.collectifetcie.fr\/index.php\/les-artistes\/"},{"@type":"ListItem","position":3,"name":"Anne Theron > Productions Merlin"}]},{"@type":"WebSite","@id":"https:\/\/www.collectifetcie.fr\/#website","url":"https:\/\/www.collectifetcie.fr\/","name":"collectif et compagnie","description":"","publisher":{"@id":"https:\/\/www.collectifetcie.fr\/#organization"},"potentialAction":[{"@type":"SearchAction","target":{"@type":"EntryPoint","urlTemplate":"https:\/\/www.collectifetcie.fr\/?s={search_term_string}"},"query-input":{"@type":"PropertyValueSpecification","valueRequired":true,"valueName":"search_term_string"}}],"inLanguage":"fr-FR"},{"@type":"Organization","@id":"https:\/\/www.collectifetcie.fr\/#organization","name":"collectif et compagnie","url":"https:\/\/www.collectifetcie.fr\/","logo":{"@type":"ImageObject","inLanguage":"fr-FR","@id":"https:\/\/www.collectifetcie.fr\/#\/schema\/logo\/image\/","url":"https:\/\/www.collectifetcie.fr\/wp-content\/uploads\/2025\/09\/cropped-Bandeau-Site-04-09-25-OK.jpg","contentUrl":"https:\/\/www.collectifetcie.fr\/wp-content\/uploads\/2025\/09\/cropped-Bandeau-Site-04-09-25-OK.jpg","width":1616,"height":234,"caption":"collectif et compagnie"},"image":{"@id":"https:\/\/www.collectifetcie.fr\/#\/schema\/logo\/image\/"}}]}},"_links":{"self":[{"href":"https:\/\/www.collectifetcie.fr\/index.php\/wp-json\/wp\/v2\/pages\/4414","targetHints":{"allow":["GET"]}}],"collection":[{"href":"https:\/\/www.collectifetcie.fr\/index.php\/wp-json\/wp\/v2\/pages"}],"about":[{"href":"https:\/\/www.collectifetcie.fr\/index.php\/wp-json\/wp\/v2\/types\/page"}],"author":[{"embeddable":true,"href":"https:\/\/www.collectifetcie.fr\/index.php\/wp-json\/wp\/v2\/users\/1"}],"replies":[{"embeddable":true,"href":"https:\/\/www.collectifetcie.fr\/index.php\/wp-json\/wp\/v2\/comments?post=4414"}],"version-history":[{"count":22,"href":"https:\/\/www.collectifetcie.fr\/index.php\/wp-json\/wp\/v2\/pages\/4414\/revisions"}],"predecessor-version":[{"id":5865,"href":"https:\/\/www.collectifetcie.fr\/index.php\/wp-json\/wp\/v2\/pages\/4414\/revisions\/5865"}],"up":[{"embeddable":true,"href":"https:\/\/www.collectifetcie.fr\/index.php\/wp-json\/wp\/v2\/pages\/26"}],"wp:attachment":[{"href":"https:\/\/www.collectifetcie.fr\/index.php\/wp-json\/wp\/v2\/media?parent=4414"}],"curies":[{"name":"wp","href":"https:\/\/api.w.org\/{rel}","templated":true}]}}