{"id":2022,"date":"2022-06-23T16:55:40","date_gmt":"2022-06-23T14:55:40","guid":{"rendered":"https:\/\/www.collectifetcie.fr\/?page_id=2022"},"modified":"2025-09-08T09:42:35","modified_gmt":"2025-09-08T07:42:35","slug":"hep-hep-hep-karaoke-dessine","status":"publish","type":"page","link":"https:\/\/www.collectifetcie.fr\/index.php\/les-artistes\/lucie-nicolas-collectiff71\/hep-hep-hep-karaoke-dessine\/","title":{"rendered":"HEP! HEP! HEP!     karaok\u00e9 dessin\u00e9"},"content":{"rendered":"\n<div class=\"wp-block-columns is-layout-flex wp-container-core-columns-is-layout-9d6595d7 wp-block-columns-is-layout-flex\">\n<div class=\"wp-block-column is-vertically-aligned-center is-layout-flow wp-block-column-is-layout-flow\" style=\"flex-basis:33.34%\">\n<div class=\"wp-block-columns is-layout-flex wp-container-core-columns-is-layout-9d6595d7 wp-block-columns-is-layout-flex\">\n<div class=\"wp-block-column is-layout-flow wp-block-column-is-layout-flow\" style=\"flex-basis:100%\">\n<div class=\"wp-block-group\"><div class=\"wp-block-group__inner-container is-layout-flow wp-block-group-is-layout-flow\">\n<figure class=\"wp-block-embed is-type-video is-provider-vimeo wp-block-embed-vimeo wp-embed-aspect-16-9 wp-has-aspect-ratio\"><div class=\"wp-block-embed__wrapper\">\n<iframe loading=\"lazy\" title=\"Hep! Hep! Hep! (karaok\u00e9 dessin\u00e9) - Teaser\" src=\"https:\/\/player.vimeo.com\/video\/1038366576?dnt=1&amp;app_id=122963\" width=\"640\" height=\"360\" frameborder=\"0\" allow=\"autoplay; fullscreen; picture-in-picture; clipboard-write; encrypted-media; web-share\" referrerpolicy=\"strict-origin-when-cross-origin\"><\/iframe>\n<\/div><\/figure>\n<\/div><\/div>\n<\/div>\n<\/div>\n<\/div>\n\n\n\n<div class=\"wp-block-column is-vertically-aligned-center is-layout-flow wp-block-column-is-layout-flow\" style=\"flex-basis:33.34%\">\n<figure class=\"wp-block-image size-full\"><img loading=\"lazy\" decoding=\"async\" width=\"400\" height=\"266\" src=\"https:\/\/www.collectifetcie.fr\/wp-content\/uploads\/2024\/02\/Photo-HHH-400x266-1.jpg\" alt=\"\" class=\"wp-image-3705\" srcset=\"https:\/\/www.collectifetcie.fr\/wp-content\/uploads\/2024\/02\/Photo-HHH-400x266-1.jpg 400w, https:\/\/www.collectifetcie.fr\/wp-content\/uploads\/2024\/02\/Photo-HHH-400x266-1-300x200.jpg 300w\" sizes=\"auto, (max-width: 400px) 100vw, 400px\" \/><\/figure>\n<\/div>\n\n\n\n<div class=\"wp-block-column is-vertically-aligned-center is-layout-flow wp-block-column-is-layout-flow\" style=\"flex-basis:33.33%\">\n<figure class=\"wp-block-image size-large\"><img loading=\"lazy\" decoding=\"async\" width=\"1024\" height=\"576\" src=\"https:\/\/www.collectifetcie.fr\/wp-content\/uploads\/2024\/02\/HEPHEPHEP_DALIDA@LucieNicolas-1-1024x576.jpg\" alt=\"\" class=\"wp-image-3706\" srcset=\"https:\/\/www.collectifetcie.fr\/wp-content\/uploads\/2024\/02\/HEPHEPHEP_DALIDA@LucieNicolas-1-1024x576.jpg 1024w, https:\/\/www.collectifetcie.fr\/wp-content\/uploads\/2024\/02\/HEPHEPHEP_DALIDA@LucieNicolas-1-300x169.jpg 300w, https:\/\/www.collectifetcie.fr\/wp-content\/uploads\/2024\/02\/HEPHEPHEP_DALIDA@LucieNicolas-1-768x432.jpg 768w, https:\/\/www.collectifetcie.fr\/wp-content\/uploads\/2024\/02\/HEPHEPHEP_DALIDA@LucieNicolas-1-1536x864.jpg 1536w, https:\/\/www.collectifetcie.fr\/wp-content\/uploads\/2024\/02\/HEPHEPHEP_DALIDA@LucieNicolas-1-2048x1152.jpg 2048w\" sizes=\"auto, (max-width: 1024px) 100vw, 1024px\" \/><figcaption class=\"wp-element-caption\">Photos Lucie Nicolas<\/figcaption><\/figure>\n<\/div>\n<\/div>\n\n\n\n<p class=\"has-text-align-center has-white-color has-text-color has-background has-medium-font-size\" style=\"background-color:#007c89\"><strong><strong><strong>g\u00e9n\u00e9rique \/ r\u00e9sum\u00e9 \/ dossiers \/ calendrier <\/strong><\/strong><\/strong><\/p>\n\n\n\n<div class=\"wp-block-columns is-layout-flex wp-container-core-columns-is-layout-9d6595d7 wp-block-columns-is-layout-flex\">\n<div class=\"wp-block-column is-layout-flow wp-block-column-is-layout-flow\" style=\"font-size:15px\">\n<p class=\"has-background has-normal-font-size\" id=\"g\u00e9n\u00e9rique\" style=\"background-color:#bfd541\">Id\u00e9e originale <br>et mise en sc\u00e8ne<br><strong>Lucie Nicolas<\/strong><br>r\u00e9gie son <br><strong>Cl\u00e9ment Roussillat <\/strong><br><strong>et Benjamin M\u00f6ller<\/strong>&nbsp;<br>(en alternance)<br>lumi\u00e8re<br><strong>Laurence Magn\u00e9e<\/strong><br>vid\u00e9o<br><strong>Morgane Viroli<\/strong><br><br>avec <br><strong>Alix Ewand\u00e9<\/strong><br>batterie<br><strong>Clara Chotil<\/strong><br>interpr\u00e9tation et chant<br><strong>Camille Plocki <\/strong><br>dessin en direct<strong><br><\/strong><\/p>\n\n\n\n<p style=\"font-size:14px\"><\/p>\n<\/div>\n\n\n\n<div class=\"wp-block-column is-layout-flow wp-block-column-is-layout-flow\" style=\"font-size:15px\">\n<p>Cr\u00e9ation en work in progress n\u00e9e d\u2019une commande du Nouveau Th\u00e9\u00e2tre de Montreuil, juillet 2021<\/p>\n\n\n\n<p>Suite aux pr\u00e9c\u00e9dents spectacles de la compagnie,&nbsp;<em>Noire, roman graphique th\u00e9\u00e2tral<\/em>&nbsp;et&nbsp;<em>SongBook, concert dessin\u00e9<\/em>&nbsp;qui allient musique et dispositif de dessin en direct projet\u00e9, le collectif F71 continue d\u2019explorer cette forme artistique par un spectacle musical et visuel participatif. Apr\u00e8s ce long et difficile moment de la crise sanitaire o\u00f9 nous avons \u00e9t\u00e9 priv\u00e9s les uns des autres,&nbsp;nous imaginons une forme de \u00ab&nbsp;karaok\u00e9 dessin\u00e9&nbsp;\u00bb qui incite le public \u00e0 chanter ensemble.<\/p>\n\n\n\n<p>Le karaok\u00e9, en tant que forme de divertissement musical populaire, convoque une culture commune, des codes et des rituels sociaux.&nbsp;Une com\u00e9dienne-chanteuse, Camille Plocki, notre kara-jockey,&nbsp;une batteuse \u00e9chevel\u00e9e, Alix Ewand\u00e9,&nbsp;une dessinatrice, Clara Chotil, bouncing-balleuse \u00e0 ses heures, accueillent le public dans leur karaok\u00e9 exp\u00e9rimental \u00e9ph\u00e9m\u00e8re.&nbsp;Elles poursuivent une qu\u00eate : renouveler ensemble l\u2019art du karaok\u00e9 de mani\u00e8re artisanale et fantaisiste.<\/p>\n\n\n\n<p><em>Hep&nbsp;!&nbsp;Hep&nbsp;!Hep&nbsp;!<\/em>&nbsp;creuse ces questions dans une forme pluridisciplinaire hybride qui allie musique vivante, dessin et manipulation, trame documentaire et principe participatif et ludique.<\/p>\n<\/div>\n\n\n\n<div class=\"wp-block-column is-layout-flow wp-block-column-is-layout-flow\">\n<p class=\"has-black-color has-text-color has-background has-small-font-size\" style=\"background-color:#bfd541\"><strong>Production &gt;<\/strong>&nbsp;La Concordance des Temps \/ collectif F71 <br><br><strong>Coproduction &gt;<\/strong><br>Le Nouveau Th\u00e9\u00e2tre de Montreuil \u2013 CDN (93), Le Collectif 12, Mantes-la-Jolie (78), La Barbacane, Beyne (78) , le Festival Mondial des Th\u00e9\u00e2tres de Marionnettes, Charleville-M\u00e9zi\u00e8res (08), La Nef, Pantin (93), Th\u00e9\u00e2tre de l\u2019Aquarium \u2013 La vie br\u00e8ve, Paris (75).<br><br><strong>Avec le soutien&nbsp;<\/strong>de la DRAC IDF dans le cadre du dispositif \u00ab \u00c9t\u00e9 Culturel 2021 \u00bb. L\u2019\u00c9t\u00e9 culturel est une initiative du minist\u00e8re de la Culture coordonn\u00e9e et mise en \u0153uvre par la Direction r\u00e9gionale des affaires culturelles (DRAC) d\u2019\u00cele-de-France.<\/p>\n\n\n\n<p class=\"has-text-color\" style=\"color:#a60b15\"><strong>DUREE 1H40<\/strong><\/p>\n\n\n\n<p class=\"has-black-color has-text-color has-background has-small-font-size\" style=\"background-color:#bfd541\"><span style=\"background-color: rgba(255, 255, 255, 0.2);\"><b>c<\/b><\/span><strong>ontacts <br> &gt; production Gwendoline Langlois <\/strong><br><strong> 06 84 65 54 48<br><a href=\"mailto:production.collectiff71@gmail.com\">production.collectiff71@gmail.com<\/a><br><\/strong><br><strong>&gt; diffusion <br>Estelle Delorme&nbsp;&#8211; 06 77 13 30 88<\/strong><br><strong><a href=\"mailto:estelle.delorme@collectifetcie.fr\">estelle.delorme@collectifetcie.fr<\/a><br>G\u00e9raldine Morier-Genoud&nbsp;&#8211; 06 20 41 41 25<\/strong><br><strong><a href=\"mailto:geraldine.moriergenoud@collectifetcie.fr\">geraldine.moriergenoud@collectifetcie.fr<\/a><\/strong><\/p>\n<\/div>\n<\/div>\n\n\n\n<div class=\"wp-block-buttons is-horizontal is-content-justification-space-between is-layout-flex wp-container-core-buttons-is-layout-9262d1ff wp-block-buttons-is-layout-flex\">\n<div class=\"wp-block-button is-style-fill\"><a class=\"wp-block-button__link has-white-color has-text-color has-background wp-element-button\" href=\"https:\/\/www.collectifetcie.fr\/wp-content\/uploads\/2025\/09\/COLLECTIF-F71_Dossier-Hep-Hep-Hep-050925.pdf\" style=\"background-color:#bfd541\"><strong>Dossier de diffusion<\/strong><\/a><\/div>\n<\/div>\n\n\n\n<div style=\"height:11px\" aria-hidden=\"true\" class=\"wp-block-spacer\"><\/div>\n\n\n\n<p class=\"has-white-color has-text-color has-background has-medium-font-size\" style=\"background-color:#007c89\"><strong>EN<\/strong> <strong>DIFFUSION SAISON 2025\/26<\/strong><\/p>\n\n\n\n<p style=\"font-size:14px\"><a href=\"https:\/\/www.theatre-suresnes.fr\/\"><strong>Th\u00e9\u00e2tre Jean Vilar<\/strong><\/a> \u00e0 Suresnes<a href=\"https:\/\/www.theatre-suresnes.fr\/\"> <\/a>(92)<br><strong>vendredi 26 septembre 2025 <\/strong>&#8211; 20h30<\/p>\n\n\n\n<p style=\"font-size:14px\"><strong><a href=\"https:\/\/letheatredesbergeries.fr\/\">Th\u00e9\u00e2tre des Bergeries<\/a> <\/strong>\u00e0 Noisy-le-sec (93)<br><strong>samedi 27 septembre <\/strong>2025<strong> <\/strong>&#8211; 20h30 <br><strong>dimanche 28 septembre <\/strong>2025&nbsp;&#8211; 17h00<\/p>\n\n\n\n<p style=\"font-size:14px\"><strong><a href=\"https:\/\/www.theatrechevillylarue.fr\/\">Th\u00e9\u00e2tre Andr\u00e9 Malraux<\/a>&nbsp;<\/strong>\u00e0 Chevilly-la-rue (94)<br><strong>vendredi 10 octobre&nbsp;<\/strong>2025 &#8211; 20h <br> <br><strong><a href=\"https:\/\/entredeux.lesigny.fr\/\">L&rsquo;entre-Deux<\/a> <\/strong>\u00e0 L\u00e9signy (77)<br><strong>vendredi 13 f\u00e9vrier &nbsp;<\/strong>2026 (horaire en cours)<\/p>\n\n\n\n<p style=\"font-size:14px\"><strong><a href=\"https:\/\/www.emc91.org\/cinema\/cette-semaine\/\">Espace Marcel Carn\u00e9<\/a> <\/strong>\u00e0 Saint Michel-sur-Orge (91)<br><strong>jeudi 04 juin <\/strong>2026 &#8211; 21h<\/p>\n\n\n\n<p class=\"has-white-color has-text-color has-background has-medium-font-size\" style=\"background-color:#bfd541\"><strong>DIFFUSION SAISON 2024\/25<\/strong><\/p>\n\n\n\n<p style=\"font-size:14px\"><a href=\"https:\/\/www.groupedes20theatres.fr\/les-plateaux\/plateaux-des-7-et-8-octobre-2024-special-30-ans\/\"><strong>Les Plateaux du groupe des 20 IDF<\/strong><\/a> au <strong>Th\u00e9\u00e2tre de Ch\u00e2tillon<\/strong> (92)<br><strong>Lundi 07 octobre<\/strong> 2024 &#8211; 19h30<br><br><a href=\"https:\/\/www.lesbordsdescenes.fr\/bords-de-scenes\/les-lieux\/\"><strong>Les Bords de Sc\u00e8nes<\/strong><\/a> salle Lino Ventu<strong>r<\/strong>a<strong> <\/strong>\u00e0 <strong>Athis-Mons<\/strong> (91)&nbsp;<br><strong>samedi 07 d\u00e9cembre <\/strong>2024<strong> &#8211;<\/strong> 20h30<br><br><a href=\"https:\/\/www.theatredugardechasse.fr\/\"><strong>Th\u00e9\u00e2tre du Garde-Chasse<\/strong><\/a> &#8211; <strong>Les Lilas<\/strong> (93)<br><strong>jeudi 19 d\u00e9cembre 2024<\/strong> &#8211; 20h00<br><br><a href=\"http:\/\/www.caese.fr\/fr\/information\/4156\/theatre-intercommunal-etampes\"><strong>Th\u00e9\u00e2tre Intercommunal d\u2019\u00c9tampes<\/strong><\/a> (91)&nbsp;<br><strong>samedi 11 janvier 2025<\/strong> &#8211; 20h00<\/p>\n\n\n\n<p class=\"has-white-color has-text-color has-background has-medium-font-size\" style=\"background-color:#bfd541\"><strong>CREATION &amp; DIFFUSION SAISON 2023\/24<\/strong><\/p>\n\n\n\n<p style=\"font-size:14px\">du 23 au 27 octobre en r\u00e9sidence de cr\u00e9ation au <a href=\"https:\/\/9uwp5.r.ag.d.sendibm3.com\/mk\/cl\/f\/sh\/SMK1E8tHeG13ExADezOaPuWq6ZwD\/oC2AoM6pXTnS\" target=\"_blank\" rel=\"noreferrer noopener\"> Bercail<\/a> \u00e0 Dunkerque (59)<br>ouverture publique <strong>Vendredi 27 octobre \u00e0 19h<\/strong><\/p>\n\n\n\n<p style=\"font-size:14px\"><strong><a href=\"https:\/\/la-nef.org\/\">La Nef Pantin &#8211;<\/a> Cr\u00e9ation<\/strong><br><strong>Jeudi 09 Novembre<\/strong> 2023 &#8211; 11h et 19h<br><strong>vendredi 10 novembre<\/strong> 2023 &#8211; 11h<br><br>programmation Hors les murs<strong>  la Barbacane <\/strong>&#8211; <strong>Beynes<\/strong> <strong>(78) <br><strong><a href=\"https:\/\/www.facebook.com\/Latribubrasserie78\">caf\u00e9 La Tribu<\/a> &#8211; Beynes&nbsp;<\/strong>(78)<\/strong><br><strong>vendredi 12 janvier <\/strong>2024- 20h00&nbsp;<br><br><strong><a href=\"https:\/\/labarbacane.fr\/spectacles\/calendrier\/hep-hep-hep-maxi\/\">Salle de la Bonnette<\/a> &#8211; La Queue-lez-Yvelines (78)<\/strong><br><strong>vendredi 2 f\u00e9vrier<\/strong> 2024 &#8211; 20H<\/p>\n\n\n\n<p style=\"font-size:14px\"><strong><a href=\"https:\/\/ecam-lekremlinbicetre.com\/\">L&rsquo;ECAM <\/a>le Kremlin Bic\u00eatre (94)<\/strong><br><strong>samedi 10 f\u00e9vrier<\/strong> 2024 &#8211; 18H<\/p>\n\n\n\n<p><\/p>\n\n\n\n<p class=\"has-white-color has-text-color has-background has-medium-font-size\" style=\"background-color:#bfd541\"><strong>WORK IN PROGRESS sur la  SAISON 2022\/23<\/strong><\/p>\n\n\n\n<p style=\"font-size:14px\"><strong><a href=\"https:\/\/theatrecinemachoisy.fr\/\">Th\u00e9\u00e2tre et Cin\u00e9ma de Choisy-le-Roi <\/a>(94)<a href=\"https:\/\/theatrecinemachoisy.fr\/\"><br><\/a>vendredi 7 octobre 2022<\/strong> &#8211; 19h30<\/p>\n\n\n\n<p style=\"font-size:14px\"><strong><a href=\"https:\/\/www.theatrelacite.com\/biennale-2022\/\"><br><\/a><\/strong><\/p>\n","protected":false},"excerpt":{"rendered":"<p>g\u00e9n\u00e9rique \/ r\u00e9sum\u00e9 \/ dossiers \/ calendrier Id\u00e9e originale et mise en sc\u00e8neLucie Nicolasr\u00e9gie son Cl\u00e9ment Roussillat et Benjamin M\u00f6ller&nbsp;(en alternance)lumi\u00e8reLaurence Magn\u00e9evid\u00e9oMorgane Viroli avec Alix Ewand\u00e9batterieClara Chotilinterpr\u00e9tation et chantCamille Plocki dessin en direct Cr\u00e9ation en work in progress n\u00e9e d\u2019une commande du Nouveau Th\u00e9\u00e2tre de Montreuil, juillet 2021 Suite aux pr\u00e9c\u00e9dents spectacles de la compagnie,&nbsp;Noire, [&hellip;]<\/p>\n","protected":false},"author":1,"featured_media":0,"parent":987,"menu_order":1,"comment_status":"closed","ping_status":"closed","template":"template-full.php","meta":{"footnotes":""},"class_list":["post-2022","page","type-page","status-publish","hentry"],"yoast_head":"<!-- This site is optimized with the Yoast SEO plugin v27.6 - https:\/\/yoast.com\/product\/yoast-seo-wordpress\/ -->\n<title>HEP! HEP! HEP!   karaok\u00e9 dessin\u00e9 - collectif et compagnie<\/title>\n<meta name=\"robots\" content=\"index, follow, max-snippet:-1, max-image-preview:large, max-video-preview:-1\" \/>\n<link rel=\"canonical\" href=\"https:\/\/www.collectifetcie.fr\/index.php\/les-artistes\/lucie-nicolas-collectiff71\/hep-hep-hep-karaoke-dessine\/\" \/>\n<meta property=\"og:locale\" content=\"fr_FR\" \/>\n<meta property=\"og:type\" content=\"article\" \/>\n<meta property=\"og:title\" content=\"HEP! HEP! HEP!   karaok\u00e9 dessin\u00e9 - collectif et compagnie\" \/>\n<meta property=\"og:description\" content=\"g\u00e9n\u00e9rique \/ r\u00e9sum\u00e9 \/ dossiers \/ calendrier Id\u00e9e originale et mise en sc\u00e8neLucie Nicolasr\u00e9gie son Cl\u00e9ment Roussillat et Benjamin M\u00f6ller&nbsp;(en alternance)lumi\u00e8reLaurence Magn\u00e9evid\u00e9oMorgane Viroli avec Alix Ewand\u00e9batterieClara Chotilinterpr\u00e9tation et chantCamille Plocki dessin en direct Cr\u00e9ation en work in progress n\u00e9e d\u2019une commande du Nouveau Th\u00e9\u00e2tre de Montreuil, juillet 2021 Suite aux pr\u00e9c\u00e9dents spectacles de la compagnie,&nbsp;Noire, [&hellip;]\" \/>\n<meta property=\"og:url\" content=\"https:\/\/www.collectifetcie.fr\/index.php\/les-artistes\/lucie-nicolas-collectiff71\/hep-hep-hep-karaoke-dessine\/\" \/>\n<meta property=\"og:site_name\" content=\"collectif et compagnie\" \/>\n<meta property=\"article:modified_time\" content=\"2025-09-08T07:42:35+00:00\" \/>\n<meta property=\"og:image\" content=\"https:\/\/www.collectifetcie.fr\/wp-content\/uploads\/2024\/02\/Photo-HHH-400x266-1.jpg\" \/>\n\t<meta property=\"og:image:width\" content=\"400\" \/>\n\t<meta property=\"og:image:height\" content=\"266\" \/>\n\t<meta property=\"og:image:type\" content=\"image\/jpeg\" \/>\n<meta name=\"twitter:card\" content=\"summary_large_image\" \/>\n<meta name=\"twitter:label1\" content=\"Dur\u00e9e de lecture estim\u00e9e\" \/>\n\t<meta name=\"twitter:data1\" content=\"3 minutes\" \/>\n<script type=\"application\/ld+json\" class=\"yoast-schema-graph\">{\"@context\":\"https:\\\/\\\/schema.org\",\"@graph\":[{\"@type\":\"WebPage\",\"@id\":\"https:\\\/\\\/www.collectifetcie.fr\\\/index.php\\\/les-artistes\\\/lucie-nicolas-collectiff71\\\/hep-hep-hep-karaoke-dessine\\\/\",\"url\":\"https:\\\/\\\/www.collectifetcie.fr\\\/index.php\\\/les-artistes\\\/lucie-nicolas-collectiff71\\\/hep-hep-hep-karaoke-dessine\\\/\",\"name\":\"HEP! HEP! HEP! karaok\u00e9 dessin\u00e9 - collectif et compagnie\",\"isPartOf\":{\"@id\":\"https:\\\/\\\/www.collectifetcie.fr\\\/#website\"},\"primaryImageOfPage\":{\"@id\":\"https:\\\/\\\/www.collectifetcie.fr\\\/index.php\\\/les-artistes\\\/lucie-nicolas-collectiff71\\\/hep-hep-hep-karaoke-dessine\\\/#primaryimage\"},\"image\":{\"@id\":\"https:\\\/\\\/www.collectifetcie.fr\\\/index.php\\\/les-artistes\\\/lucie-nicolas-collectiff71\\\/hep-hep-hep-karaoke-dessine\\\/#primaryimage\"},\"thumbnailUrl\":\"https:\\\/\\\/www.collectifetcie.fr\\\/wp-content\\\/uploads\\\/2024\\\/02\\\/Photo-HHH-400x266-1.jpg\",\"datePublished\":\"2022-06-23T14:55:40+00:00\",\"dateModified\":\"2025-09-08T07:42:35+00:00\",\"breadcrumb\":{\"@id\":\"https:\\\/\\\/www.collectifetcie.fr\\\/index.php\\\/les-artistes\\\/lucie-nicolas-collectiff71\\\/hep-hep-hep-karaoke-dessine\\\/#breadcrumb\"},\"inLanguage\":\"fr-FR\",\"potentialAction\":[{\"@type\":\"ReadAction\",\"target\":[\"https:\\\/\\\/www.collectifetcie.fr\\\/index.php\\\/les-artistes\\\/lucie-nicolas-collectiff71\\\/hep-hep-hep-karaoke-dessine\\\/\"]}]},{\"@type\":\"ImageObject\",\"inLanguage\":\"fr-FR\",\"@id\":\"https:\\\/\\\/www.collectifetcie.fr\\\/index.php\\\/les-artistes\\\/lucie-nicolas-collectiff71\\\/hep-hep-hep-karaoke-dessine\\\/#primaryimage\",\"url\":\"https:\\\/\\\/www.collectifetcie.fr\\\/wp-content\\\/uploads\\\/2024\\\/02\\\/Photo-HHH-400x266-1.jpg\",\"contentUrl\":\"https:\\\/\\\/www.collectifetcie.fr\\\/wp-content\\\/uploads\\\/2024\\\/02\\\/Photo-HHH-400x266-1.jpg\",\"width\":400,\"height\":266},{\"@type\":\"BreadcrumbList\",\"@id\":\"https:\\\/\\\/www.collectifetcie.fr\\\/index.php\\\/les-artistes\\\/lucie-nicolas-collectiff71\\\/hep-hep-hep-karaoke-dessine\\\/#breadcrumb\",\"itemListElement\":[{\"@type\":\"ListItem\",\"position\":1,\"name\":\"Accueil\",\"item\":\"https:\\\/\\\/www.collectifetcie.fr\\\/\"},{\"@type\":\"ListItem\",\"position\":2,\"name\":\"Artistes et compagnies\",\"item\":\"https:\\\/\\\/www.collectifetcie.fr\\\/index.php\\\/les-artistes\\\/\"},{\"@type\":\"ListItem\",\"position\":3,\"name\":\"Lucie Nicolas > collectif F71\",\"item\":\"https:\\\/\\\/www.collectifetcie.fr\\\/index.php\\\/les-artistes\\\/lucie-nicolas-collectiff71\\\/\"},{\"@type\":\"ListItem\",\"position\":4,\"name\":\"HEP! HEP! HEP! karaok\u00e9 dessin\u00e9\"}]},{\"@type\":\"WebSite\",\"@id\":\"https:\\\/\\\/www.collectifetcie.fr\\\/#website\",\"url\":\"https:\\\/\\\/www.collectifetcie.fr\\\/\",\"name\":\"collectif et compagnie\",\"description\":\"\",\"publisher\":{\"@id\":\"https:\\\/\\\/www.collectifetcie.fr\\\/#organization\"},\"potentialAction\":[{\"@type\":\"SearchAction\",\"target\":{\"@type\":\"EntryPoint\",\"urlTemplate\":\"https:\\\/\\\/www.collectifetcie.fr\\\/?s={search_term_string}\"},\"query-input\":{\"@type\":\"PropertyValueSpecification\",\"valueRequired\":true,\"valueName\":\"search_term_string\"}}],\"inLanguage\":\"fr-FR\"},{\"@type\":\"Organization\",\"@id\":\"https:\\\/\\\/www.collectifetcie.fr\\\/#organization\",\"name\":\"collectif et compagnie\",\"url\":\"https:\\\/\\\/www.collectifetcie.fr\\\/\",\"logo\":{\"@type\":\"ImageObject\",\"inLanguage\":\"fr-FR\",\"@id\":\"https:\\\/\\\/www.collectifetcie.fr\\\/#\\\/schema\\\/logo\\\/image\\\/\",\"url\":\"https:\\\/\\\/www.collectifetcie.fr\\\/wp-content\\\/uploads\\\/2025\\\/09\\\/cropped-Bandeau-Site-04-09-25-OK.jpg\",\"contentUrl\":\"https:\\\/\\\/www.collectifetcie.fr\\\/wp-content\\\/uploads\\\/2025\\\/09\\\/cropped-Bandeau-Site-04-09-25-OK.jpg\",\"width\":1616,\"height\":234,\"caption\":\"collectif et compagnie\"},\"image\":{\"@id\":\"https:\\\/\\\/www.collectifetcie.fr\\\/#\\\/schema\\\/logo\\\/image\\\/\"}}]}<\/script>\n<!-- \/ Yoast SEO plugin. -->","yoast_head_json":{"title":"HEP! HEP! HEP!   karaok\u00e9 dessin\u00e9 - collectif et compagnie","robots":{"index":"index","follow":"follow","max-snippet":"max-snippet:-1","max-image-preview":"max-image-preview:large","max-video-preview":"max-video-preview:-1"},"canonical":"https:\/\/www.collectifetcie.fr\/index.php\/les-artistes\/lucie-nicolas-collectiff71\/hep-hep-hep-karaoke-dessine\/","og_locale":"fr_FR","og_type":"article","og_title":"HEP! HEP! HEP!   karaok\u00e9 dessin\u00e9 - collectif et compagnie","og_description":"g\u00e9n\u00e9rique \/ r\u00e9sum\u00e9 \/ dossiers \/ calendrier Id\u00e9e originale et mise en sc\u00e8neLucie Nicolasr\u00e9gie son Cl\u00e9ment Roussillat et Benjamin M\u00f6ller&nbsp;(en alternance)lumi\u00e8reLaurence Magn\u00e9evid\u00e9oMorgane Viroli avec Alix Ewand\u00e9batterieClara Chotilinterpr\u00e9tation et chantCamille Plocki dessin en direct Cr\u00e9ation en work in progress n\u00e9e d\u2019une commande du Nouveau Th\u00e9\u00e2tre de Montreuil, juillet 2021 Suite aux pr\u00e9c\u00e9dents spectacles de la compagnie,&nbsp;Noire, [&hellip;]","og_url":"https:\/\/www.collectifetcie.fr\/index.php\/les-artistes\/lucie-nicolas-collectiff71\/hep-hep-hep-karaoke-dessine\/","og_site_name":"collectif et compagnie","article_modified_time":"2025-09-08T07:42:35+00:00","og_image":[{"width":400,"height":266,"url":"https:\/\/www.collectifetcie.fr\/wp-content\/uploads\/2024\/02\/Photo-HHH-400x266-1.jpg","type":"image\/jpeg"}],"twitter_card":"summary_large_image","twitter_misc":{"Dur\u00e9e de lecture estim\u00e9e":"3 minutes"},"schema":{"@context":"https:\/\/schema.org","@graph":[{"@type":"WebPage","@id":"https:\/\/www.collectifetcie.fr\/index.php\/les-artistes\/lucie-nicolas-collectiff71\/hep-hep-hep-karaoke-dessine\/","url":"https:\/\/www.collectifetcie.fr\/index.php\/les-artistes\/lucie-nicolas-collectiff71\/hep-hep-hep-karaoke-dessine\/","name":"HEP! HEP! HEP! karaok\u00e9 dessin\u00e9 - collectif et compagnie","isPartOf":{"@id":"https:\/\/www.collectifetcie.fr\/#website"},"primaryImageOfPage":{"@id":"https:\/\/www.collectifetcie.fr\/index.php\/les-artistes\/lucie-nicolas-collectiff71\/hep-hep-hep-karaoke-dessine\/#primaryimage"},"image":{"@id":"https:\/\/www.collectifetcie.fr\/index.php\/les-artistes\/lucie-nicolas-collectiff71\/hep-hep-hep-karaoke-dessine\/#primaryimage"},"thumbnailUrl":"https:\/\/www.collectifetcie.fr\/wp-content\/uploads\/2024\/02\/Photo-HHH-400x266-1.jpg","datePublished":"2022-06-23T14:55:40+00:00","dateModified":"2025-09-08T07:42:35+00:00","breadcrumb":{"@id":"https:\/\/www.collectifetcie.fr\/index.php\/les-artistes\/lucie-nicolas-collectiff71\/hep-hep-hep-karaoke-dessine\/#breadcrumb"},"inLanguage":"fr-FR","potentialAction":[{"@type":"ReadAction","target":["https:\/\/www.collectifetcie.fr\/index.php\/les-artistes\/lucie-nicolas-collectiff71\/hep-hep-hep-karaoke-dessine\/"]}]},{"@type":"ImageObject","inLanguage":"fr-FR","@id":"https:\/\/www.collectifetcie.fr\/index.php\/les-artistes\/lucie-nicolas-collectiff71\/hep-hep-hep-karaoke-dessine\/#primaryimage","url":"https:\/\/www.collectifetcie.fr\/wp-content\/uploads\/2024\/02\/Photo-HHH-400x266-1.jpg","contentUrl":"https:\/\/www.collectifetcie.fr\/wp-content\/uploads\/2024\/02\/Photo-HHH-400x266-1.jpg","width":400,"height":266},{"@type":"BreadcrumbList","@id":"https:\/\/www.collectifetcie.fr\/index.php\/les-artistes\/lucie-nicolas-collectiff71\/hep-hep-hep-karaoke-dessine\/#breadcrumb","itemListElement":[{"@type":"ListItem","position":1,"name":"Accueil","item":"https:\/\/www.collectifetcie.fr\/"},{"@type":"ListItem","position":2,"name":"Artistes et compagnies","item":"https:\/\/www.collectifetcie.fr\/index.php\/les-artistes\/"},{"@type":"ListItem","position":3,"name":"Lucie Nicolas > collectif F71","item":"https:\/\/www.collectifetcie.fr\/index.php\/les-artistes\/lucie-nicolas-collectiff71\/"},{"@type":"ListItem","position":4,"name":"HEP! HEP! HEP! karaok\u00e9 dessin\u00e9"}]},{"@type":"WebSite","@id":"https:\/\/www.collectifetcie.fr\/#website","url":"https:\/\/www.collectifetcie.fr\/","name":"collectif et compagnie","description":"","publisher":{"@id":"https:\/\/www.collectifetcie.fr\/#organization"},"potentialAction":[{"@type":"SearchAction","target":{"@type":"EntryPoint","urlTemplate":"https:\/\/www.collectifetcie.fr\/?s={search_term_string}"},"query-input":{"@type":"PropertyValueSpecification","valueRequired":true,"valueName":"search_term_string"}}],"inLanguage":"fr-FR"},{"@type":"Organization","@id":"https:\/\/www.collectifetcie.fr\/#organization","name":"collectif et compagnie","url":"https:\/\/www.collectifetcie.fr\/","logo":{"@type":"ImageObject","inLanguage":"fr-FR","@id":"https:\/\/www.collectifetcie.fr\/#\/schema\/logo\/image\/","url":"https:\/\/www.collectifetcie.fr\/wp-content\/uploads\/2025\/09\/cropped-Bandeau-Site-04-09-25-OK.jpg","contentUrl":"https:\/\/www.collectifetcie.fr\/wp-content\/uploads\/2025\/09\/cropped-Bandeau-Site-04-09-25-OK.jpg","width":1616,"height":234,"caption":"collectif et compagnie"},"image":{"@id":"https:\/\/www.collectifetcie.fr\/#\/schema\/logo\/image\/"}}]}},"_links":{"self":[{"href":"https:\/\/www.collectifetcie.fr\/index.php\/wp-json\/wp\/v2\/pages\/2022","targetHints":{"allow":["GET"]}}],"collection":[{"href":"https:\/\/www.collectifetcie.fr\/index.php\/wp-json\/wp\/v2\/pages"}],"about":[{"href":"https:\/\/www.collectifetcie.fr\/index.php\/wp-json\/wp\/v2\/types\/page"}],"author":[{"embeddable":true,"href":"https:\/\/www.collectifetcie.fr\/index.php\/wp-json\/wp\/v2\/users\/1"}],"replies":[{"embeddable":true,"href":"https:\/\/www.collectifetcie.fr\/index.php\/wp-json\/wp\/v2\/comments?post=2022"}],"version-history":[{"count":63,"href":"https:\/\/www.collectifetcie.fr\/index.php\/wp-json\/wp\/v2\/pages\/2022\/revisions"}],"predecessor-version":[{"id":5785,"href":"https:\/\/www.collectifetcie.fr\/index.php\/wp-json\/wp\/v2\/pages\/2022\/revisions\/5785"}],"up":[{"embeddable":true,"href":"https:\/\/www.collectifetcie.fr\/index.php\/wp-json\/wp\/v2\/pages\/987"}],"wp:attachment":[{"href":"https:\/\/www.collectifetcie.fr\/index.php\/wp-json\/wp\/v2\/media?parent=2022"}],"curies":[{"name":"wp","href":"https:\/\/api.w.org\/{rel}","templated":true}]}}