{"id":1992,"date":"2022-06-23T16:01:58","date_gmt":"2022-06-23T14:01:58","guid":{"rendered":"https:\/\/www.collectifetcie.fr\/?page_id=1992"},"modified":"2024-12-20T12:37:55","modified_gmt":"2024-12-20T11:37:55","slug":"parler-la-poudre","status":"publish","type":"page","link":"https:\/\/www.collectifetcie.fr\/index.php\/les-artistes\/lucie-nicolas-collectiff71\/parler-la-poudre\/","title":{"rendered":"PARLER LA POUDRE"},"content":{"rendered":"\n<div class=\"wp-block-columns is-layout-flex wp-container-core-columns-is-layout-9d6595d7 wp-block-columns-is-layout-flex\">\n<div class=\"wp-block-column is-layout-flow wp-block-column-is-layout-flow\" style=\"flex-basis:33.34%\">\n<figure class=\"wp-block-image size-full\"><img loading=\"lazy\" decoding=\"async\" width=\"300\" height=\"200\" src=\"https:\/\/www.collectifetcie.fr\/wp-content\/uploads\/2024\/12\/BRAQUEURS-TABLEDETIR-300x200-light-1.jpg\" alt=\"\" class=\"wp-image-4504\"\/><\/figure>\n<\/div>\n\n\n\n<div class=\"wp-block-column is-layout-flow wp-block-column-is-layout-flow\" style=\"flex-basis:33.34%\">\n<div class=\"wp-block-columns is-layout-flex wp-container-core-columns-is-layout-9d6595d7 wp-block-columns-is-layout-flex\">\n<div class=\"wp-block-column is-layout-flow wp-block-column-is-layout-flow\" style=\"flex-basis:100%\">\n<div class=\"wp-block-group\"><div class=\"wp-block-group__inner-container is-layout-flow wp-block-group-is-layout-flow\">\n<figure class=\"wp-block-image size-large\"><img loading=\"lazy\" decoding=\"async\" width=\"1024\" height=\"768\" src=\"https:\/\/www.collectifetcie.fr\/wp-content\/uploads\/2022\/11\/PPP--1024x768.jpg\" alt=\"\" class=\"wp-image-2457\" srcset=\"https:\/\/www.collectifetcie.fr\/wp-content\/uploads\/2022\/11\/PPP--1024x768.jpg 1024w, https:\/\/www.collectifetcie.fr\/wp-content\/uploads\/2022\/11\/PPP--300x225.jpg 300w, https:\/\/www.collectifetcie.fr\/wp-content\/uploads\/2022\/11\/PPP--768x576.jpg 768w, https:\/\/www.collectifetcie.fr\/wp-content\/uploads\/2022\/11\/PPP-.jpg 1440w\" sizes=\"auto, (max-width: 1024px) 100vw, 1024px\" \/><\/figure>\n<\/div><\/div>\n<\/div>\n<\/div>\n<\/div>\n\n\n\n<div class=\"wp-block-column is-layout-flow wp-block-column-is-layout-flow\" style=\"flex-basis:33.33%\">\n<figure class=\"wp-block-image size-full\"><img loading=\"lazy\" decoding=\"async\" width=\"300\" height=\"200\" src=\"https:\/\/www.collectifetcie.fr\/wp-content\/uploads\/2024\/12\/HASNA-300x200-1.jpg\" alt=\"\" class=\"wp-image-4506\"\/><\/figure>\n<\/div>\n<\/div>\n\n\n\n<p class=\"has-text-align-center has-white-color has-text-color has-background has-normal-font-size\" style=\"background-color:#a60b15\"><strong><a href=\"#g\u00e9n\u00e9rique\">G\u00e9n\u00e9rique<\/a> \/ <a href=\"#r\u00e9sum\u00e9\">R\u00e9sum\u00e9<\/a> \/ Dossier \/ Calendrier <\/strong><\/p>\n\n\n\n<div class=\"wp-block-columns is-layout-flex wp-container-core-columns-is-layout-9d6595d7 wp-block-columns-is-layout-flex\">\n<div class=\"wp-block-column is-layout-flow wp-block-column-is-layout-flow\">\n<p class=\"has-cyan-bluish-gray-background-color has-background has-normal-font-size\" id=\"g\u00e9n\u00e9rique\">texte et mise en sc\u00e8ne<strong>&nbsp;<\/strong><br><strong>Lucie Nicolas<\/strong><br>collaboration artistique<br><strong>\u00c9l\u00e9onore Auzou-Connes<\/strong><br>conseils pyrotechniques<br><strong>Pierre de Mecquenem<br><\/strong>costumes et accessoire<br><strong>L\u00e9a Gadbois Lamer<\/strong><br>lumi\u00e8re<br><strong>Laurence Magn\u00e9e<\/strong><br>construction<br><strong>Max Potiron<br><\/strong>stagiaire en dramaturgie<br><strong>Antonia Torinesi<\/strong><br><br>avec <br><strong>El\u00e9onore Auzou-Connes<\/strong><br><strong>Jonas Thierry<\/strong><br>et la participation d\u2019<strong>Emmanuelle Lafon<\/strong><\/p>\n\n\n\n<p style=\"font-size:14px\"><\/p>\n<\/div>\n\n\n\n<div class=\"wp-block-column is-layout-flow wp-block-column-is-layout-flow\">\n<p><strong>Depuis que les humains \u00e9crivent et racontent des histoires, qu\u2019elles soient fictionnelles ou historiques, les armes y occupent une place centrale. A quel point ces histoires influencent-elles nos vies&nbsp;?<\/strong><br>En partant d\u2019une ancienne usine d\u2019explosifs de Sevran, Lucie Nicolas \u00ab&nbsp;fait parler la poudre&nbsp;\u00bb et collecte des<br>r\u00e9cits. Plusieurs fils narratifs s\u2019enchev\u00eatrent, venus de contextes et d\u2019\u00e9poques diff\u00e9rents. Chaque fois, une<br>arme y est impliqu\u00e9e. Monsieur P. nous d\u00e9voile sa collection. Une pacifiste inspire Alfred Nobel pour inventer la pilule \u00e0 effacer la guerre. A la compagnie d\u2019arc, on perp\u00e9tue l\u2019esprit de la chevalerie. Un instructeur de police nous apprend \u00e0 riposter en cas d\u2019agression. Une gameuse nous initie aux combats virtuels. L&rsquo;ing\u00e9nieur Paul Vieille invente la poudre \u00ab B \u00bb, dite poudre sans fum\u00e9e. Une famille tamoule fuit les pers\u00e9cutions pour trouver refuge dans la ville qui a produit jusqu\u2019\u00e0 28 tonnes de poudre par jour\u2026<br>Sans rapport direct entre elles, comme n\u00e9es de l\u2019imagination d\u00e9lirante d\u2019enfants qui rejoueraient le monde, les histoires s\u2019accumulent jusqu\u2019au trop-plein. Alors, peut-\u00eatre, nait la \u00ab&nbsp;fiction-panier&nbsp;\u00bb. <strong>Un r\u00e9cit  fait de mailles et de boucles, un filet pour recueillir nos histoires, penser nos mondes autrement.<\/strong><\/p>\n\n\n\n<p><\/p>\n<\/div>\n\n\n\n<div class=\"wp-block-column is-layout-flow wp-block-column-is-layout-flow\">\n<p class=\"has-white-color has-cyan-bluish-gray-background-color has-text-color has-background has-small-font-size\"><strong>Production &gt;<\/strong>&nbsp;La Concordance des Temps \/ collectif F71 et Le Th\u00e9\u00e2tre de la Poudrerie, Sevran (93)<br><br><strong>Co-production &gt;<\/strong>&nbsp;Le Th\u00e9\u00e2tre de la Poudrerie, sc\u00e8ne conventionn\u00e9e d\u2019int\u00e9r\u00eat national, art en territoire, Sevran (93), L\u2019Espace Culturel Andr\u00e9 Malraux, Le Kremlin-Bic\u00eatre (94).<br>Avec le soutien en r\u00e9sidence du Th\u00e9\u00e2tre de Choisy-le-Roi (94), sc\u00e8ne conventionn\u00e9e d\u2019int\u00e9r\u00eat national art et cr\u00e9ation pour la diversit\u00e9 linguistique.)<br><br>Merci \u00e0 Andr\u00e9, Anthonythasan, Christian, Dimitri, Hasna, Michel, Patrice, Rajan, les enfants de l\u2019\u00e9cole maternelle S\u00e9vign\u00e9 et leurs enseignantes, ainsi que les tricoteuses Brigitte, Isabelle, Marie-<br>Andr\u00e9e, Marie-Th\u00e9r\u00e8se, Martine, Maryse et Pascale.<\/p>\n\n\n\n<p class=\"has-text-color\" style=\"color:#a60b15\"><strong>DUREE 1H15<\/strong><\/p>\n\n\n\n<p class=\"has-white-color has-cyan-bluish-gray-background-color has-text-color has-background has-small-font-size\"><span style=\"background-color: rgba(255, 255, 255, 0.2);\"><b>c<\/b><\/span><strong>ontacts <br> &gt; production Gwendoline Langlois <\/strong><br><strong> 06 84 65 54 48<br><a href=\"mailto:production.collectiff71@gmail.com\">production.collectiff71@gmail.com<\/a><br><\/strong><br><strong>&gt; diffusion <br>Estelle Delorme&nbsp;&#8211; 06 77 13 30 88<\/strong><br><strong><a href=\"mailto:estelle.delorme@collectifetcie.fr\">estelle.delorme@collectifetcie.fr<\/a><br>G\u00e9raldine Morier-Genoud&nbsp;&#8211; 06 20 41 41 25<\/strong><br><strong><a href=\"mailto:geraldine.moriergenoud@collectifetcie.fr\">geraldine.moriergenoud@collectifetcie.fr<\/a><\/strong><\/p>\n<\/div>\n<\/div>\n\n\n\n<div class=\"wp-block-buttons is-horizontal is-content-justification-space-between is-layout-flex wp-container-core-buttons-is-layout-9262d1ff wp-block-buttons-is-layout-flex\">\n<div class=\"wp-block-button is-style-fill\"><a class=\"wp-block-button__link has-cyan-bluish-gray-color has-text-color wp-element-button\" href=\"https:\/\/www.collectifetcie.fr\/wp-content\/uploads\/2022\/06\/Dossier-PARLER-LA-POUDRE_collectifF71-1.pdf\">dossier de diffusion<\/a><\/div>\n<\/div>\n\n\n\n<div style=\"height:11px\" aria-hidden=\"true\" class=\"wp-block-spacer\"><\/div>\n\n\n\n<p class=\"has-white-color has-text-color has-background has-medium-font-size\" style=\"background-color:#a60b15\"><strong>CREATION ET  DIFFUSION SAISON 202<\/strong>3\/24<\/p>\n\n\n\n<p style=\"font-size:14px\">en partenariat avec le Coll\u00e8ge Jean Jacques Rousseau \u2013Le Pr\u00e9 Saint-Gervais (93)<br>05 Avr 2024 14h00<br><br>LIVRY PARTICIPATIF \u2013 PAVILLON MAUROUARD \u2013 SEVRAN (93)<br>17 D\u00e9c 2023 15h00<\/p>\n\n\n\n<p class=\"has-small-font-size\"><a href=\"https:\/\/collectiff71.com\/spectacle\/parler-la-poudre\/\" target=\"_blank\" rel=\"noreferrer noopener\"><\/a><\/p>\n\n\n\n<p class=\"has-small-font-size\">CHEZ GARCIA CANELO \u2013 COUBRON<a href=\"https:\/\/collectiff71.com\/spectacle\/parler-la-poudre\/\" target=\"_blank\" rel=\"noreferrer noopener\"> (<\/a>93<br>16 D\u00e9c 2023 18h30<br><br>FESTIVAL VENEZ CHEZ NOUS ! TH\u00c9\u00c2TRE DE LA POUDRERIE \u2013 SEVRAN (93)<br>01 Oct 2023 16h00<br><\/p>\n\n\n\n<p class=\"has-white-color has-cyan-bluish-gray-background-color has-text-color has-background has-medium-font-size\"><strong>CREATION ET  DIFFUSION SAISON 2022\/23<\/strong><\/p>\n\n\n\n<p style=\"font-size:14px\"><strong>Cr\u00e9ation nomade  le 18 novembre 2022 au Th\u00e9\u00e2tre de la Poudrerie, Sevran<\/strong><br>A l\u2019invitation du Th\u00e9\u00e2tre de la Poudrerie de Sevran, le spectacle r\u00e9pond \u00e0 un cahier des charges pr\u00e9cis et sera programm\u00e9 pour une s\u00e9rie d&rsquo;une trentaine de repr\u00e9sentations <strong>du 18 novembre 2022 jusqu&rsquo;en juin 2023<\/strong> en appartement ou dans un rapport de proximit\u00e9 au public. <br>Il est con\u00e7u dans un format l\u00e9ger, pour s\u2019adapter \u00e0 d\u2019autres cadres, sur ou hors des plateaux.<\/p>\n\n\n\n<p style=\"font-size:14px\"><strong>Le 8 janvier 2023,<\/strong> 1 repr\u00e9sentation au Foyer La Villa, Sevran (93) <strong>Le 20 janvier 2023, <\/strong>1 repr\u00e9sentation au Cano\u00e9 club, Sevran (93) <strong>Le 21 janvier 2023, <\/strong>1 repr\u00e9sentation \u00e0 domicile (Alzira Da Silva), Sevran (93) <strong>Le 26 janvier 2023, <\/strong>1 repr\u00e9sentation au Lyc\u00e9e Voillaume, Aulnay-sous-Bois (93) <strong>Le 16 mars 2023, <\/strong>1 repr\u00e9sentation au Centre social Mandela \u2013 Villepinte (93) <strong>Le 17 mars 2023, <\/strong>1 repr\u00e9sentation \u00e0 domicile (Franck Ardouin), Sevran (93) <strong>Le 18 mars 2023, <\/strong>1 repr\u00e9entation \u00e0 domicile (Anna A.), Aulnay-sous-Bois (93) <strong>Le 19 mars 2023,<\/strong> 1 repr\u00e9sentation \u00e0 domicile (L\u00e9onie Jacquet), Annet-sur-Marne (77) <strong>Le 20 mars 2023, <\/strong>1 repr\u00e9sentation au SAMU Social, Sevran (93) <strong>Le 1<sup>er<\/sup> avril 2023, <\/strong>1 repr\u00e9sentation au Local du Front de Gauche, Sevran (93) <strong>Le 15 avril 2023,<\/strong> 1 repr\u00e9sentation\u00e0 domicile (Florence Baudoux), Sevran (93) <strong>Le 20 avril 2023<\/strong>\/ Lyc\u00e9e H\u00e9l\u00e8ne Boucher \u2013 Tremblay-en-France (93) <strong>Le 12 Mai 2023,<\/strong> 1 repr\u00e9sentation &nbsp;\u00e0 l\u2019Association Id\u00e9es, Sevran (93) <strong>Le 13 Mai 2023, <\/strong>1 repr\u00e9sentation \u00e0 la Biblioth\u00e8que Marguerite Yourcenar, Sevran (93) <strong>Le 27 mai 2023, <\/strong>1 repr\u00e9sentation \u00e0 domicile 5jean Paul Auger) <strong>Le 14 mai 2023, <\/strong>1 repr\u00e9sentation \u00e0 domicile (Pascal Teffo), Fresnes-sur-Marne (77) <strong>Le 3 juin 2023, <\/strong>1 repr\u00e9sentation \u00e0 domicile (Mireille-Ovide B.) \u2013 Gagny (93) <strong>Le 10 juin 2023<\/strong><a><strong>, <\/strong><\/a>1 repr\u00e9sentation chez les Collectionneurs de Livry-Gargan (93) <strong>Le 11 juin 2023<\/strong>, 1 repr\u00e9sentation \u00e0 domicile (C\u00e9cilia Dray &amp; C\u00e9dric Chanal), Sevran (93) <strong>Le 17 juin 2023<\/strong>, 1 repr\u00e9sentation \u00e0 domicile (Marine Nyffenegger), Sevran (93) <strong>Le 18 juin 2023<\/strong>, 1 repr\u00e9sentation \u00e0 Utopia 56, Sevran (93) <strong>Le 25 juin 2023<\/strong>, 1 repr\u00e9sentation au Parc de la Poudrerie, Sevran (93)<\/p>\n\n\n\n<p style=\"font-size:14px\"><strong><a href=\"https:\/\/www.theatrelacite.com\/biennale-2022\/\"><br><\/a><\/strong><\/p>\n","protected":false},"excerpt":{"rendered":"<p>G\u00e9n\u00e9rique \/ R\u00e9sum\u00e9 \/ Dossier \/ Calendrier texte et mise en sc\u00e8ne&nbsp;Lucie Nicolascollaboration artistique\u00c9l\u00e9onore Auzou-Connesconseils pyrotechniquesPierre de Mecquenemcostumes et accessoireL\u00e9a Gadbois Lamerlumi\u00e8reLaurence Magn\u00e9econstructionMax Potironstagiaire en dramaturgieAntonia Torinesi avec El\u00e9onore Auzou-ConnesJonas Thierryet la participation d\u2019Emmanuelle Lafon Depuis que les humains \u00e9crivent et racontent des histoires, qu\u2019elles soient fictionnelles ou historiques, les armes y occupent une place [&hellip;]<\/p>\n","protected":false},"author":1,"featured_media":0,"parent":987,"menu_order":1,"comment_status":"closed","ping_status":"closed","template":"template-full.php","meta":{"footnotes":""},"class_list":["post-1992","page","type-page","status-publish","hentry"],"yoast_head":"<!-- This site is optimized with the Yoast SEO plugin v27.3 - https:\/\/yoast.com\/product\/yoast-seo-wordpress\/ -->\n<title>PARLER LA POUDRE - collectif et compagnie<\/title>\n<meta name=\"robots\" content=\"index, follow, max-snippet:-1, max-image-preview:large, max-video-preview:-1\" \/>\n<link rel=\"canonical\" href=\"https:\/\/www.collectifetcie.fr\/index.php\/les-artistes\/lucie-nicolas-collectiff71\/parler-la-poudre\/\" \/>\n<meta property=\"og:locale\" content=\"fr_FR\" \/>\n<meta property=\"og:type\" content=\"article\" \/>\n<meta property=\"og:title\" content=\"PARLER LA POUDRE - collectif et compagnie\" \/>\n<meta property=\"og:description\" content=\"G\u00e9n\u00e9rique \/ R\u00e9sum\u00e9 \/ Dossier \/ Calendrier texte et mise en sc\u00e8ne&nbsp;Lucie Nicolascollaboration artistique\u00c9l\u00e9onore Auzou-Connesconseils pyrotechniquesPierre de Mecquenemcostumes et accessoireL\u00e9a Gadbois Lamerlumi\u00e8reLaurence Magn\u00e9econstructionMax Potironstagiaire en dramaturgieAntonia Torinesi avec El\u00e9onore Auzou-ConnesJonas Thierryet la participation d\u2019Emmanuelle Lafon Depuis que les humains \u00e9crivent et racontent des histoires, qu\u2019elles soient fictionnelles ou historiques, les armes y occupent une place [&hellip;]\" \/>\n<meta property=\"og:url\" content=\"https:\/\/www.collectifetcie.fr\/index.php\/les-artistes\/lucie-nicolas-collectiff71\/parler-la-poudre\/\" \/>\n<meta property=\"og:site_name\" content=\"collectif et compagnie\" \/>\n<meta property=\"article:modified_time\" content=\"2024-12-20T11:37:55+00:00\" \/>\n<meta property=\"og:image\" content=\"https:\/\/www.collectifetcie.fr\/wp-content\/uploads\/2024\/12\/BRAQUEURS-TABLEDETIR-300x200-light-1.jpg\" \/>\n\t<meta property=\"og:image:width\" content=\"300\" \/>\n\t<meta property=\"og:image:height\" content=\"200\" \/>\n\t<meta property=\"og:image:type\" content=\"image\/jpeg\" \/>\n<meta name=\"twitter:card\" content=\"summary_large_image\" \/>\n<meta name=\"twitter:label1\" content=\"Dur\u00e9e de lecture estim\u00e9e\" \/>\n\t<meta name=\"twitter:data1\" content=\"3 minutes\" \/>\n<script type=\"application\/ld+json\" class=\"yoast-schema-graph\">{\"@context\":\"https:\\\/\\\/schema.org\",\"@graph\":[{\"@type\":\"WebPage\",\"@id\":\"https:\\\/\\\/www.collectifetcie.fr\\\/index.php\\\/les-artistes\\\/lucie-nicolas-collectiff71\\\/parler-la-poudre\\\/\",\"url\":\"https:\\\/\\\/www.collectifetcie.fr\\\/index.php\\\/les-artistes\\\/lucie-nicolas-collectiff71\\\/parler-la-poudre\\\/\",\"name\":\"PARLER LA POUDRE - collectif et compagnie\",\"isPartOf\":{\"@id\":\"https:\\\/\\\/www.collectifetcie.fr\\\/#website\"},\"primaryImageOfPage\":{\"@id\":\"https:\\\/\\\/www.collectifetcie.fr\\\/index.php\\\/les-artistes\\\/lucie-nicolas-collectiff71\\\/parler-la-poudre\\\/#primaryimage\"},\"image\":{\"@id\":\"https:\\\/\\\/www.collectifetcie.fr\\\/index.php\\\/les-artistes\\\/lucie-nicolas-collectiff71\\\/parler-la-poudre\\\/#primaryimage\"},\"thumbnailUrl\":\"https:\\\/\\\/www.collectifetcie.fr\\\/wp-content\\\/uploads\\\/2024\\\/12\\\/BRAQUEURS-TABLEDETIR-300x200-light-1.jpg\",\"datePublished\":\"2022-06-23T14:01:58+00:00\",\"dateModified\":\"2024-12-20T11:37:55+00:00\",\"breadcrumb\":{\"@id\":\"https:\\\/\\\/www.collectifetcie.fr\\\/index.php\\\/les-artistes\\\/lucie-nicolas-collectiff71\\\/parler-la-poudre\\\/#breadcrumb\"},\"inLanguage\":\"fr-FR\",\"potentialAction\":[{\"@type\":\"ReadAction\",\"target\":[\"https:\\\/\\\/www.collectifetcie.fr\\\/index.php\\\/les-artistes\\\/lucie-nicolas-collectiff71\\\/parler-la-poudre\\\/\"]}]},{\"@type\":\"ImageObject\",\"inLanguage\":\"fr-FR\",\"@id\":\"https:\\\/\\\/www.collectifetcie.fr\\\/index.php\\\/les-artistes\\\/lucie-nicolas-collectiff71\\\/parler-la-poudre\\\/#primaryimage\",\"url\":\"https:\\\/\\\/www.collectifetcie.fr\\\/wp-content\\\/uploads\\\/2024\\\/12\\\/BRAQUEURS-TABLEDETIR-300x200-light-1.jpg\",\"contentUrl\":\"https:\\\/\\\/www.collectifetcie.fr\\\/wp-content\\\/uploads\\\/2024\\\/12\\\/BRAQUEURS-TABLEDETIR-300x200-light-1.jpg\",\"width\":300,\"height\":200},{\"@type\":\"BreadcrumbList\",\"@id\":\"https:\\\/\\\/www.collectifetcie.fr\\\/index.php\\\/les-artistes\\\/lucie-nicolas-collectiff71\\\/parler-la-poudre\\\/#breadcrumb\",\"itemListElement\":[{\"@type\":\"ListItem\",\"position\":1,\"name\":\"Accueil\",\"item\":\"https:\\\/\\\/www.collectifetcie.fr\\\/\"},{\"@type\":\"ListItem\",\"position\":2,\"name\":\"Artistes et compagnies\",\"item\":\"https:\\\/\\\/www.collectifetcie.fr\\\/index.php\\\/les-artistes\\\/\"},{\"@type\":\"ListItem\",\"position\":3,\"name\":\"Lucie Nicolas > collectif F71\",\"item\":\"https:\\\/\\\/www.collectifetcie.fr\\\/index.php\\\/les-artistes\\\/lucie-nicolas-collectiff71\\\/\"},{\"@type\":\"ListItem\",\"position\":4,\"name\":\"PARLER LA POUDRE\"}]},{\"@type\":\"WebSite\",\"@id\":\"https:\\\/\\\/www.collectifetcie.fr\\\/#website\",\"url\":\"https:\\\/\\\/www.collectifetcie.fr\\\/\",\"name\":\"collectif et compagnie\",\"description\":\"\",\"publisher\":{\"@id\":\"https:\\\/\\\/www.collectifetcie.fr\\\/#organization\"},\"potentialAction\":[{\"@type\":\"SearchAction\",\"target\":{\"@type\":\"EntryPoint\",\"urlTemplate\":\"https:\\\/\\\/www.collectifetcie.fr\\\/?s={search_term_string}\"},\"query-input\":{\"@type\":\"PropertyValueSpecification\",\"valueRequired\":true,\"valueName\":\"search_term_string\"}}],\"inLanguage\":\"fr-FR\"},{\"@type\":\"Organization\",\"@id\":\"https:\\\/\\\/www.collectifetcie.fr\\\/#organization\",\"name\":\"collectif et compagnie\",\"url\":\"https:\\\/\\\/www.collectifetcie.fr\\\/\",\"logo\":{\"@type\":\"ImageObject\",\"inLanguage\":\"fr-FR\",\"@id\":\"https:\\\/\\\/www.collectifetcie.fr\\\/#\\\/schema\\\/logo\\\/image\\\/\",\"url\":\"https:\\\/\\\/www.collectifetcie.fr\\\/wp-content\\\/uploads\\\/2025\\\/09\\\/cropped-Bandeau-Site-04-09-25-OK.jpg\",\"contentUrl\":\"https:\\\/\\\/www.collectifetcie.fr\\\/wp-content\\\/uploads\\\/2025\\\/09\\\/cropped-Bandeau-Site-04-09-25-OK.jpg\",\"width\":1616,\"height\":234,\"caption\":\"collectif et compagnie\"},\"image\":{\"@id\":\"https:\\\/\\\/www.collectifetcie.fr\\\/#\\\/schema\\\/logo\\\/image\\\/\"}}]}<\/script>\n<!-- \/ Yoast SEO plugin. -->","yoast_head_json":{"title":"PARLER LA POUDRE - collectif et compagnie","robots":{"index":"index","follow":"follow","max-snippet":"max-snippet:-1","max-image-preview":"max-image-preview:large","max-video-preview":"max-video-preview:-1"},"canonical":"https:\/\/www.collectifetcie.fr\/index.php\/les-artistes\/lucie-nicolas-collectiff71\/parler-la-poudre\/","og_locale":"fr_FR","og_type":"article","og_title":"PARLER LA POUDRE - collectif et compagnie","og_description":"G\u00e9n\u00e9rique \/ R\u00e9sum\u00e9 \/ Dossier \/ Calendrier texte et mise en sc\u00e8ne&nbsp;Lucie Nicolascollaboration artistique\u00c9l\u00e9onore Auzou-Connesconseils pyrotechniquesPierre de Mecquenemcostumes et accessoireL\u00e9a Gadbois Lamerlumi\u00e8reLaurence Magn\u00e9econstructionMax Potironstagiaire en dramaturgieAntonia Torinesi avec El\u00e9onore Auzou-ConnesJonas Thierryet la participation d\u2019Emmanuelle Lafon Depuis que les humains \u00e9crivent et racontent des histoires, qu\u2019elles soient fictionnelles ou historiques, les armes y occupent une place [&hellip;]","og_url":"https:\/\/www.collectifetcie.fr\/index.php\/les-artistes\/lucie-nicolas-collectiff71\/parler-la-poudre\/","og_site_name":"collectif et compagnie","article_modified_time":"2024-12-20T11:37:55+00:00","og_image":[{"width":300,"height":200,"url":"https:\/\/www.collectifetcie.fr\/wp-content\/uploads\/2024\/12\/BRAQUEURS-TABLEDETIR-300x200-light-1.jpg","type":"image\/jpeg"}],"twitter_card":"summary_large_image","twitter_misc":{"Dur\u00e9e de lecture estim\u00e9e":"3 minutes"},"schema":{"@context":"https:\/\/schema.org","@graph":[{"@type":"WebPage","@id":"https:\/\/www.collectifetcie.fr\/index.php\/les-artistes\/lucie-nicolas-collectiff71\/parler-la-poudre\/","url":"https:\/\/www.collectifetcie.fr\/index.php\/les-artistes\/lucie-nicolas-collectiff71\/parler-la-poudre\/","name":"PARLER LA POUDRE - collectif et compagnie","isPartOf":{"@id":"https:\/\/www.collectifetcie.fr\/#website"},"primaryImageOfPage":{"@id":"https:\/\/www.collectifetcie.fr\/index.php\/les-artistes\/lucie-nicolas-collectiff71\/parler-la-poudre\/#primaryimage"},"image":{"@id":"https:\/\/www.collectifetcie.fr\/index.php\/les-artistes\/lucie-nicolas-collectiff71\/parler-la-poudre\/#primaryimage"},"thumbnailUrl":"https:\/\/www.collectifetcie.fr\/wp-content\/uploads\/2024\/12\/BRAQUEURS-TABLEDETIR-300x200-light-1.jpg","datePublished":"2022-06-23T14:01:58+00:00","dateModified":"2024-12-20T11:37:55+00:00","breadcrumb":{"@id":"https:\/\/www.collectifetcie.fr\/index.php\/les-artistes\/lucie-nicolas-collectiff71\/parler-la-poudre\/#breadcrumb"},"inLanguage":"fr-FR","potentialAction":[{"@type":"ReadAction","target":["https:\/\/www.collectifetcie.fr\/index.php\/les-artistes\/lucie-nicolas-collectiff71\/parler-la-poudre\/"]}]},{"@type":"ImageObject","inLanguage":"fr-FR","@id":"https:\/\/www.collectifetcie.fr\/index.php\/les-artistes\/lucie-nicolas-collectiff71\/parler-la-poudre\/#primaryimage","url":"https:\/\/www.collectifetcie.fr\/wp-content\/uploads\/2024\/12\/BRAQUEURS-TABLEDETIR-300x200-light-1.jpg","contentUrl":"https:\/\/www.collectifetcie.fr\/wp-content\/uploads\/2024\/12\/BRAQUEURS-TABLEDETIR-300x200-light-1.jpg","width":300,"height":200},{"@type":"BreadcrumbList","@id":"https:\/\/www.collectifetcie.fr\/index.php\/les-artistes\/lucie-nicolas-collectiff71\/parler-la-poudre\/#breadcrumb","itemListElement":[{"@type":"ListItem","position":1,"name":"Accueil","item":"https:\/\/www.collectifetcie.fr\/"},{"@type":"ListItem","position":2,"name":"Artistes et compagnies","item":"https:\/\/www.collectifetcie.fr\/index.php\/les-artistes\/"},{"@type":"ListItem","position":3,"name":"Lucie Nicolas > collectif F71","item":"https:\/\/www.collectifetcie.fr\/index.php\/les-artistes\/lucie-nicolas-collectiff71\/"},{"@type":"ListItem","position":4,"name":"PARLER LA POUDRE"}]},{"@type":"WebSite","@id":"https:\/\/www.collectifetcie.fr\/#website","url":"https:\/\/www.collectifetcie.fr\/","name":"collectif et compagnie","description":"","publisher":{"@id":"https:\/\/www.collectifetcie.fr\/#organization"},"potentialAction":[{"@type":"SearchAction","target":{"@type":"EntryPoint","urlTemplate":"https:\/\/www.collectifetcie.fr\/?s={search_term_string}"},"query-input":{"@type":"PropertyValueSpecification","valueRequired":true,"valueName":"search_term_string"}}],"inLanguage":"fr-FR"},{"@type":"Organization","@id":"https:\/\/www.collectifetcie.fr\/#organization","name":"collectif et compagnie","url":"https:\/\/www.collectifetcie.fr\/","logo":{"@type":"ImageObject","inLanguage":"fr-FR","@id":"https:\/\/www.collectifetcie.fr\/#\/schema\/logo\/image\/","url":"https:\/\/www.collectifetcie.fr\/wp-content\/uploads\/2025\/09\/cropped-Bandeau-Site-04-09-25-OK.jpg","contentUrl":"https:\/\/www.collectifetcie.fr\/wp-content\/uploads\/2025\/09\/cropped-Bandeau-Site-04-09-25-OK.jpg","width":1616,"height":234,"caption":"collectif et compagnie"},"image":{"@id":"https:\/\/www.collectifetcie.fr\/#\/schema\/logo\/image\/"}}]}},"_links":{"self":[{"href":"https:\/\/www.collectifetcie.fr\/index.php\/wp-json\/wp\/v2\/pages\/1992","targetHints":{"allow":["GET"]}}],"collection":[{"href":"https:\/\/www.collectifetcie.fr\/index.php\/wp-json\/wp\/v2\/pages"}],"about":[{"href":"https:\/\/www.collectifetcie.fr\/index.php\/wp-json\/wp\/v2\/types\/page"}],"author":[{"embeddable":true,"href":"https:\/\/www.collectifetcie.fr\/index.php\/wp-json\/wp\/v2\/users\/1"}],"replies":[{"embeddable":true,"href":"https:\/\/www.collectifetcie.fr\/index.php\/wp-json\/wp\/v2\/comments?post=1992"}],"version-history":[{"count":34,"href":"https:\/\/www.collectifetcie.fr\/index.php\/wp-json\/wp\/v2\/pages\/1992\/revisions"}],"predecessor-version":[{"id":4507,"href":"https:\/\/www.collectifetcie.fr\/index.php\/wp-json\/wp\/v2\/pages\/1992\/revisions\/4507"}],"up":[{"embeddable":true,"href":"https:\/\/www.collectifetcie.fr\/index.php\/wp-json\/wp\/v2\/pages\/987"}],"wp:attachment":[{"href":"https:\/\/www.collectifetcie.fr\/index.php\/wp-json\/wp\/v2\/media?parent=1992"}],"curies":[{"name":"wp","href":"https:\/\/api.w.org\/{rel}","templated":true}]}}