{"id":1623,"date":"2022-03-17T19:13:34","date_gmt":"2022-03-17T18:13:34","guid":{"rendered":"https:\/\/www.collectifetcie.fr\/?page_id=1623"},"modified":"2022-03-18T11:56:23","modified_gmt":"2022-03-18T10:56:23","slug":"carnets-de-galere","status":"publish","type":"page","link":"https:\/\/www.collectifetcie.fr\/index.php\/les-artistes\/christine-letailleur-fabrik-theatre-2\/carnets-de-galere\/","title":{"rendered":"CARNETS DE GALERE"},"content":{"rendered":"\n<div class=\"wp-block-columns is-layout-flex wp-container-core-columns-is-layout-9d6595d7 wp-block-columns-is-layout-flex\">\n<div class=\"wp-block-column is-layout-flow wp-block-column-is-layout-flow\" style=\"flex-basis:33.34%\">\n<div class=\"wp-block-columns is-layout-flex wp-container-core-columns-is-layout-9d6595d7 wp-block-columns-is-layout-flex\">\n<div class=\"wp-block-column is-layout-flow wp-block-column-is-layout-flow\" style=\"flex-basis:100%\">\n<div class=\"wp-block-group\"><div class=\"wp-block-group__inner-container is-layout-flow wp-block-group-is-layout-flow\">\n<div class=\"wp-block-image\"><figure class=\"aligncenter size-full is-resized\"><img loading=\"lazy\" decoding=\"async\" src=\"https:\/\/www.collectifetcie.fr\/wp-content\/uploads\/2022\/03\/IMG_4949-choix-Christine-recadre\u0301-light.jpg\" alt=\"\" class=\"wp-image-1617\" width=\"224\" height=\"282\"\/><\/figure><\/div>\n<\/div><\/div>\n<\/div>\n<\/div>\n<\/div>\n\n\n\n<div class=\"wp-block-column is-layout-flow wp-block-column-is-layout-flow\" style=\"flex-basis:33.34%\">\n<div class=\"wp-block-image\"><figure class=\"aligncenter size-large is-resized\"><img loading=\"lazy\" decoding=\"async\" src=\"https:\/\/www.collectifetcie.fr\/wp-content\/uploads\/2022\/03\/7c4be524-3a59-40df-b641-100343bfeeeb-1024x768.jpg\" alt=\"\" class=\"wp-image-1625\" width=\"373\" height=\"280\" srcset=\"https:\/\/www.collectifetcie.fr\/wp-content\/uploads\/2022\/03\/7c4be524-3a59-40df-b641-100343bfeeeb-1024x768.jpg 1024w, https:\/\/www.collectifetcie.fr\/wp-content\/uploads\/2022\/03\/7c4be524-3a59-40df-b641-100343bfeeeb-300x225.jpg 300w, https:\/\/www.collectifetcie.fr\/wp-content\/uploads\/2022\/03\/7c4be524-3a59-40df-b641-100343bfeeeb-768x576.jpg 768w, https:\/\/www.collectifetcie.fr\/wp-content\/uploads\/2022\/03\/7c4be524-3a59-40df-b641-100343bfeeeb-1536x1152.jpg 1536w, https:\/\/www.collectifetcie.fr\/wp-content\/uploads\/2022\/03\/7c4be524-3a59-40df-b641-100343bfeeeb.jpg 1600w\" sizes=\"auto, (max-width: 373px) 100vw, 373px\" \/><\/figure><\/div>\n<\/div>\n\n\n\n<div class=\"wp-block-column is-layout-flow wp-block-column-is-layout-flow\" style=\"flex-basis:33.33%\">\n<div class=\"wp-block-image\"><figure class=\"alignright size-large is-resized\"><img loading=\"lazy\" decoding=\"async\" src=\"https:\/\/www.collectifetcie.fr\/wp-content\/uploads\/2022\/03\/IMG_4962-576x1024.png\" alt=\"\" class=\"wp-image-1627\" width=\"174\" height=\"310\" srcset=\"https:\/\/www.collectifetcie.fr\/wp-content\/uploads\/2022\/03\/IMG_4962-576x1024.png 576w, https:\/\/www.collectifetcie.fr\/wp-content\/uploads\/2022\/03\/IMG_4962-169x300.png 169w, https:\/\/www.collectifetcie.fr\/wp-content\/uploads\/2022\/03\/IMG_4962.png 720w\" sizes=\"auto, (max-width: 174px) 100vw, 174px\" \/><\/figure><\/div>\n<\/div>\n<\/div>\n\n\n\n<p class=\"has-text-align-center has-white-color has-text-color has-background has-normal-font-size\" style=\"background-color:#a60b15\"><strong><a href=\"#g\u00e9n\u00e9rique\">G\u00e9n\u00e9rique<\/a> \/ <a href=\"#r\u00e9sum\u00e9\">R\u00e9sum\u00e9<\/a> \/ Dossier \/ Calendrier <\/strong><\/p>\n\n\n\n<div class=\"wp-block-columns is-layout-flex wp-container-core-columns-is-layout-9d6595d7 wp-block-columns-is-layout-flex\">\n<div class=\"wp-block-column is-layout-flow wp-block-column-is-layout-flow\">\n<p class=\"has-cyan-bluish-gray-background-color has-background has-normal-font-size\" id=\"g\u00e9n\u00e9rique\">texte<br><strong>Aiat Fayez<\/strong><br>mise en sc\u00e8ne <br><strong>Christine Letailleur<\/strong><br>lumi\u00e8re<br><strong>Gr\u00e9goire de Lafond<\/strong> <br><br>avec<br><strong>Marco Caraffa<\/strong><\/p>\n\n\n\n<p><strong>PETITE FORME ITINERANTE<br>POUR LE HORS-LES-MURS &amp; LES PETITS PLATEAUX<\/strong><\/p>\n<\/div>\n\n\n\n<div class=\"wp-block-column is-layout-flow wp-block-column-is-layout-flow\">\n<p class=\"has-normal-font-size\" id=\"r\u00e9sum\u00e9\"><strong>Dans le cadre de son travail sur les \u00e9critures contemporaines, Christine Letailleur a travaill\u00e9,&nbsp;pendant le confinement, avec les \u00e9l\u00e8ves apprentis de l&rsquo;ESCA \u2013 Studio d&rsquo;Asni\u00e8re sur plusieurs textes de l&rsquo;auteur et dramaturge Aiat Fayez. A la suite de ce travail, elle lui passe commande d&rsquo;un texte&nbsp;&nbsp;pour mettre en sc\u00e8ne une petite forme, l\u00e8g\u00e8re, destin\u00e9e \u00e0 \u00eatre jou\u00e9e en itin\u00e9rance (m\u00e9diath\u00e8ques, biblioth\u00e8ques, centres associatifs, milieu carc\u00e9ral et appartements) afin d&rsquo;aller \u00e0 la rencontres des publics \u00e9loign\u00e9s des th\u00e9\u00e2tres.&nbsp;<\/strong><br><strong>En plus de la forme itin\u00e9rante, une forme l\u00e9g\u00e8re avec un petit d\u00e9cor, une cr\u00e9ation lumi\u00e8re et sonore sera \u00e9galement disponible pour de petits plateaux.<br><\/strong><br><strong><em>Carnets&nbsp;de&nbsp;gal\u00e8re<\/em>&nbsp;est donc le r\u00e9cit d&rsquo;un jeune afghan, Gulam Muhammad Abdul Hassan Kabouli, qui arrive de Kaboul pour faire des \u00e9tudes de lettres modernes en France. Epris de la langue fran\u00e7aise, il souhaite devenir traducteur litt\u00e9raire. Aiat Fayez s&rsquo;est \u00e0 la fois inspir\u00e9 de sa propre exp\u00e9rience de l&rsquo;exil et de l&rsquo;histoire contemporaine, celle de l&rsquo;Afghanistan. C&rsquo;est en confrontant ses propres souvenirs au r\u00e9el qu&rsquo;il compose le portrait du h\u00e9ros de sa pi\u00e8ce : celui&nbsp;d&rsquo;un jeune \u00e9tudiant afghan, Kabouli, qui a quitt\u00e9 sa terre natale pour vivre en Europe.&nbsp;<\/strong><\/p>\n\n\n\n<p><\/p>\n<\/div>\n\n\n\n<div class=\"wp-block-column is-layout-flow wp-block-column-is-layout-flow\">\n<p class=\"has-white-color has-cyan-bluish-gray-background-color has-text-color has-background has-small-font-size\"><strong>production  <\/strong>Fabrik Th\u00e9\u00e2tre<br>Partenariat R\u00e9sidence artistique de la Fili\u00e8re (CFPTS) et L\u2019Esca-Studio d\u2019Asni\u00e8res<\/p>\n\n\n\n<p class=\"has-text-color\" style=\"color:#a60b15\"><strong>DUREE 1H00<\/strong><\/p>\n\n\n\n<p class=\"has-white-color has-cyan-bluish-gray-background-color has-text-color has-background has-small-font-size\"><strong>contacts <br>&gt; diffusion <br>Estelle Delorme&nbsp;&#8211; 06 77 13 30 88<br>estelle.delorme@collectifetcie.fr&nbsp;<br>G\u00e9raldine Morier-Genoud&nbsp;&#8211; 06 20 41 41 25<br>geraldine.moriergenoud@collectifetcie.fr<\/strong><br><br><strong>administration Bruno Viguier<br>fabriktheatre1@gmail.com \/ +33 (0)6 31 50 07 20<\/strong><\/p>\n<\/div>\n<\/div>\n\n\n\n<div class=\"wp-block-buttons is-horizontal is-content-justification-space-between is-layout-flex wp-container-core-buttons-is-layout-9262d1ff wp-block-buttons-is-layout-flex\">\n<div class=\"wp-block-button is-style-fill\"><a class=\"wp-block-button__link has-cyan-bluish-gray-color has-text-color\" href=\"https:\/\/www.collectifetcie.fr\/wp-content\/uploads\/2022\/03\/Dossier-Carnets-de-gale\u0300re-dAiat-Fayez-07-10-21.pdf\">dossier de diffusion<\/a><\/div>\n<\/div>\n\n\n\n<div style=\"height:11px\" aria-hidden=\"true\" class=\"wp-block-spacer\"><\/div>\n\n\n\n<p class=\"has-white-color has-text-color has-background has-medium-font-size\" style=\"background-color:#a60b15\"><strong>CALENDRIER TOURNEE 2021\/22<\/strong><\/p>\n\n\n\n<p class=\"has-text-align-left\" style=\"font-size:14px\"><strong><a href=\"https:\/\/www.cfpts.com\/espaces-et-materiels-pedagogiques\/theatre\/\">R\u00e9sidence artistique de la Fili\u00e8re &#8211; CFPTS &#8211; Bagnolet (93)<\/a><\/strong><br><strong><strong>mardi 24 mai <strong><strong><strong><strong><strong>2022 &#8211; 15h00<\/strong><\/strong><br><strong><strong><strong>m<\/strong><\/strong><\/strong><\/strong><\/strong>ercredi 25 mai 2022<strong><strong><strong><strong><strong> &#8211; 15h00<\/strong><\/strong><\/strong><\/strong><\/strong><\/strong><\/strong><\/strong><\/p>\n\n\n\n<p class=\"has-white-color has-text-color has-background has-medium-font-size\" style=\"background-color:#a60b15\"><strong>DISPONIBLE SAISON 2022\/2<\/strong>3<\/p>\n\n\n\n<div class=\"wp-block-buttons is-layout-flex wp-block-buttons-is-layout-flex\"><\/div>\n\n\n\n<div class=\"wp-block-columns is-layout-flex wp-container-core-columns-is-layout-9d6595d7 wp-block-columns-is-layout-flex\">\n<div class=\"wp-block-column is-layout-flow wp-block-column-is-layout-flow\"><\/div>\n\n\n\n<div class=\"wp-block-column is-layout-flow wp-block-column-is-layout-flow\"><\/div>\n<\/div>\n\n\n\n<p><\/p>\n","protected":false},"excerpt":{"rendered":"<p>G\u00e9n\u00e9rique \/ R\u00e9sum\u00e9 \/ Dossier \/ Calendrier texteAiat Fayezmise en sc\u00e8ne Christine Letailleurlumi\u00e8reGr\u00e9goire de Lafond avecMarco Caraffa PETITE FORME ITINERANTEPOUR LE HORS-LES-MURS &amp; LES PETITS PLATEAUX Dans le cadre de son travail sur les \u00e9critures contemporaines, Christine Letailleur a travaill\u00e9,&nbsp;pendant le confinement, avec les \u00e9l\u00e8ves apprentis de l&rsquo;ESCA \u2013 Studio d&rsquo;Asni\u00e8re sur plusieurs textes de [&hellip;]<\/p>\n","protected":false},"author":1,"featured_media":0,"parent":819,"menu_order":1,"comment_status":"closed","ping_status":"closed","template":"template-full.php","meta":{"footnotes":""},"class_list":["post-1623","page","type-page","status-publish","hentry"],"yoast_head":"<!-- This site is optimized with the Yoast SEO plugin v27.3 - https:\/\/yoast.com\/product\/yoast-seo-wordpress\/ -->\n<title>CARNETS DE GALERE - collectif et compagnie<\/title>\n<meta name=\"description\" content=\"Carnet de gal\u00e8re est donc le r\u00e9cit d&#039;un jeune afghan, Gulam Muhammad Abdul Hassan Kabouli, qui arrive de Kaboul pour faire des \u00e9tudes de lettres modernes en France.\" \/>\n<meta name=\"robots\" content=\"index, follow, max-snippet:-1, max-image-preview:large, max-video-preview:-1\" \/>\n<link rel=\"canonical\" href=\"https:\/\/www.collectifetcie.fr\/index.php\/les-artistes\/christine-letailleur-fabrik-theatre-2\/carnets-de-galere\/\" \/>\n<meta property=\"og:locale\" content=\"fr_FR\" \/>\n<meta property=\"og:type\" content=\"article\" \/>\n<meta property=\"og:title\" content=\"CARNETS DE GALERE - collectif et compagnie\" \/>\n<meta property=\"og:description\" content=\"Carnet de gal\u00e8re est donc le r\u00e9cit d&#039;un jeune afghan, Gulam Muhammad Abdul Hassan Kabouli, qui arrive de Kaboul pour faire des \u00e9tudes de lettres modernes en France.\" \/>\n<meta property=\"og:url\" content=\"https:\/\/www.collectifetcie.fr\/index.php\/les-artistes\/christine-letailleur-fabrik-theatre-2\/carnets-de-galere\/\" \/>\n<meta property=\"og:site_name\" content=\"collectif et compagnie\" \/>\n<meta property=\"article:modified_time\" content=\"2022-03-18T10:56:23+00:00\" \/>\n<meta property=\"og:image\" content=\"https:\/\/www.collectifetcie.fr\/wp-content\/uploads\/2022\/03\/IMG_4949-choix-Christine-recadre\u0301-light.jpg\" \/>\n<meta name=\"twitter:card\" content=\"summary_large_image\" \/>\n<meta name=\"twitter:label1\" content=\"Dur\u00e9e de lecture estim\u00e9e\" \/>\n\t<meta name=\"twitter:data1\" content=\"3 minutes\" \/>\n<script type=\"application\/ld+json\" class=\"yoast-schema-graph\">{\"@context\":\"https:\\\/\\\/schema.org\",\"@graph\":[{\"@type\":\"WebPage\",\"@id\":\"https:\\\/\\\/www.collectifetcie.fr\\\/index.php\\\/les-artistes\\\/christine-letailleur-fabrik-theatre-2\\\/carnets-de-galere\\\/\",\"url\":\"https:\\\/\\\/www.collectifetcie.fr\\\/index.php\\\/les-artistes\\\/christine-letailleur-fabrik-theatre-2\\\/carnets-de-galere\\\/\",\"name\":\"CARNETS DE GALERE - collectif et compagnie\",\"isPartOf\":{\"@id\":\"https:\\\/\\\/www.collectifetcie.fr\\\/#website\"},\"primaryImageOfPage\":{\"@id\":\"https:\\\/\\\/www.collectifetcie.fr\\\/index.php\\\/les-artistes\\\/christine-letailleur-fabrik-theatre-2\\\/carnets-de-galere\\\/#primaryimage\"},\"image\":{\"@id\":\"https:\\\/\\\/www.collectifetcie.fr\\\/index.php\\\/les-artistes\\\/christine-letailleur-fabrik-theatre-2\\\/carnets-de-galere\\\/#primaryimage\"},\"thumbnailUrl\":\"https:\\\/\\\/www.collectifetcie.fr\\\/wp-content\\\/uploads\\\/2022\\\/03\\\/7c4be524-3a59-40df-b641-100343bfeeeb-1024x768.jpg\",\"datePublished\":\"2022-03-17T18:13:34+00:00\",\"dateModified\":\"2022-03-18T10:56:23+00:00\",\"description\":\"Carnet de gal\u00e8re est donc le r\u00e9cit d'un jeune afghan, Gulam Muhammad Abdul Hassan Kabouli, qui arrive de Kaboul pour faire des \u00e9tudes de lettres modernes en France.\",\"breadcrumb\":{\"@id\":\"https:\\\/\\\/www.collectifetcie.fr\\\/index.php\\\/les-artistes\\\/christine-letailleur-fabrik-theatre-2\\\/carnets-de-galere\\\/#breadcrumb\"},\"inLanguage\":\"fr-FR\",\"potentialAction\":[{\"@type\":\"ReadAction\",\"target\":[\"https:\\\/\\\/www.collectifetcie.fr\\\/index.php\\\/les-artistes\\\/christine-letailleur-fabrik-theatre-2\\\/carnets-de-galere\\\/\"]}]},{\"@type\":\"ImageObject\",\"inLanguage\":\"fr-FR\",\"@id\":\"https:\\\/\\\/www.collectifetcie.fr\\\/index.php\\\/les-artistes\\\/christine-letailleur-fabrik-theatre-2\\\/carnets-de-galere\\\/#primaryimage\",\"url\":\"https:\\\/\\\/www.collectifetcie.fr\\\/wp-content\\\/uploads\\\/2022\\\/03\\\/7c4be524-3a59-40df-b641-100343bfeeeb.jpg\",\"contentUrl\":\"https:\\\/\\\/www.collectifetcie.fr\\\/wp-content\\\/uploads\\\/2022\\\/03\\\/7c4be524-3a59-40df-b641-100343bfeeeb.jpg\",\"width\":1600,\"height\":1200},{\"@type\":\"BreadcrumbList\",\"@id\":\"https:\\\/\\\/www.collectifetcie.fr\\\/index.php\\\/les-artistes\\\/christine-letailleur-fabrik-theatre-2\\\/carnets-de-galere\\\/#breadcrumb\",\"itemListElement\":[{\"@type\":\"ListItem\",\"position\":1,\"name\":\"Accueil\",\"item\":\"https:\\\/\\\/www.collectifetcie.fr\\\/\"},{\"@type\":\"ListItem\",\"position\":2,\"name\":\"Artistes et compagnies\",\"item\":\"https:\\\/\\\/www.collectifetcie.fr\\\/index.php\\\/les-artistes\\\/\"},{\"@type\":\"ListItem\",\"position\":3,\"name\":\"Christine Letailleur > Fabrik Theatre\",\"item\":\"https:\\\/\\\/www.collectifetcie.fr\\\/index.php\\\/les-artistes\\\/christine-letailleur-fabrik-theatre-2\\\/\"},{\"@type\":\"ListItem\",\"position\":4,\"name\":\"CARNETS DE GALERE\"}]},{\"@type\":\"WebSite\",\"@id\":\"https:\\\/\\\/www.collectifetcie.fr\\\/#website\",\"url\":\"https:\\\/\\\/www.collectifetcie.fr\\\/\",\"name\":\"collectif et compagnie\",\"description\":\"\",\"publisher\":{\"@id\":\"https:\\\/\\\/www.collectifetcie.fr\\\/#organization\"},\"potentialAction\":[{\"@type\":\"SearchAction\",\"target\":{\"@type\":\"EntryPoint\",\"urlTemplate\":\"https:\\\/\\\/www.collectifetcie.fr\\\/?s={search_term_string}\"},\"query-input\":{\"@type\":\"PropertyValueSpecification\",\"valueRequired\":true,\"valueName\":\"search_term_string\"}}],\"inLanguage\":\"fr-FR\"},{\"@type\":\"Organization\",\"@id\":\"https:\\\/\\\/www.collectifetcie.fr\\\/#organization\",\"name\":\"collectif et compagnie\",\"url\":\"https:\\\/\\\/www.collectifetcie.fr\\\/\",\"logo\":{\"@type\":\"ImageObject\",\"inLanguage\":\"fr-FR\",\"@id\":\"https:\\\/\\\/www.collectifetcie.fr\\\/#\\\/schema\\\/logo\\\/image\\\/\",\"url\":\"https:\\\/\\\/www.collectifetcie.fr\\\/wp-content\\\/uploads\\\/2025\\\/09\\\/cropped-Bandeau-Site-04-09-25-OK.jpg\",\"contentUrl\":\"https:\\\/\\\/www.collectifetcie.fr\\\/wp-content\\\/uploads\\\/2025\\\/09\\\/cropped-Bandeau-Site-04-09-25-OK.jpg\",\"width\":1616,\"height\":234,\"caption\":\"collectif et compagnie\"},\"image\":{\"@id\":\"https:\\\/\\\/www.collectifetcie.fr\\\/#\\\/schema\\\/logo\\\/image\\\/\"}}]}<\/script>\n<!-- \/ Yoast SEO plugin. -->","yoast_head_json":{"title":"CARNETS DE GALERE - collectif et compagnie","description":"Carnet de gal\u00e8re est donc le r\u00e9cit d'un jeune afghan, Gulam Muhammad Abdul Hassan Kabouli, qui arrive de Kaboul pour faire des \u00e9tudes de lettres modernes en France.","robots":{"index":"index","follow":"follow","max-snippet":"max-snippet:-1","max-image-preview":"max-image-preview:large","max-video-preview":"max-video-preview:-1"},"canonical":"https:\/\/www.collectifetcie.fr\/index.php\/les-artistes\/christine-letailleur-fabrik-theatre-2\/carnets-de-galere\/","og_locale":"fr_FR","og_type":"article","og_title":"CARNETS DE GALERE - collectif et compagnie","og_description":"Carnet de gal\u00e8re est donc le r\u00e9cit d'un jeune afghan, Gulam Muhammad Abdul Hassan Kabouli, qui arrive de Kaboul pour faire des \u00e9tudes de lettres modernes en France.","og_url":"https:\/\/www.collectifetcie.fr\/index.php\/les-artistes\/christine-letailleur-fabrik-theatre-2\/carnets-de-galere\/","og_site_name":"collectif et compagnie","article_modified_time":"2022-03-18T10:56:23+00:00","og_image":[{"url":"https:\/\/www.collectifetcie.fr\/wp-content\/uploads\/2022\/03\/IMG_4949-choix-Christine-recadre\u0301-light.jpg","type":"","width":"","height":""}],"twitter_card":"summary_large_image","twitter_misc":{"Dur\u00e9e de lecture estim\u00e9e":"3 minutes"},"schema":{"@context":"https:\/\/schema.org","@graph":[{"@type":"WebPage","@id":"https:\/\/www.collectifetcie.fr\/index.php\/les-artistes\/christine-letailleur-fabrik-theatre-2\/carnets-de-galere\/","url":"https:\/\/www.collectifetcie.fr\/index.php\/les-artistes\/christine-letailleur-fabrik-theatre-2\/carnets-de-galere\/","name":"CARNETS DE GALERE - collectif et compagnie","isPartOf":{"@id":"https:\/\/www.collectifetcie.fr\/#website"},"primaryImageOfPage":{"@id":"https:\/\/www.collectifetcie.fr\/index.php\/les-artistes\/christine-letailleur-fabrik-theatre-2\/carnets-de-galere\/#primaryimage"},"image":{"@id":"https:\/\/www.collectifetcie.fr\/index.php\/les-artistes\/christine-letailleur-fabrik-theatre-2\/carnets-de-galere\/#primaryimage"},"thumbnailUrl":"https:\/\/www.collectifetcie.fr\/wp-content\/uploads\/2022\/03\/7c4be524-3a59-40df-b641-100343bfeeeb-1024x768.jpg","datePublished":"2022-03-17T18:13:34+00:00","dateModified":"2022-03-18T10:56:23+00:00","description":"Carnet de gal\u00e8re est donc le r\u00e9cit d'un jeune afghan, Gulam Muhammad Abdul Hassan Kabouli, qui arrive de Kaboul pour faire des \u00e9tudes de lettres modernes en France.","breadcrumb":{"@id":"https:\/\/www.collectifetcie.fr\/index.php\/les-artistes\/christine-letailleur-fabrik-theatre-2\/carnets-de-galere\/#breadcrumb"},"inLanguage":"fr-FR","potentialAction":[{"@type":"ReadAction","target":["https:\/\/www.collectifetcie.fr\/index.php\/les-artistes\/christine-letailleur-fabrik-theatre-2\/carnets-de-galere\/"]}]},{"@type":"ImageObject","inLanguage":"fr-FR","@id":"https:\/\/www.collectifetcie.fr\/index.php\/les-artistes\/christine-letailleur-fabrik-theatre-2\/carnets-de-galere\/#primaryimage","url":"https:\/\/www.collectifetcie.fr\/wp-content\/uploads\/2022\/03\/7c4be524-3a59-40df-b641-100343bfeeeb.jpg","contentUrl":"https:\/\/www.collectifetcie.fr\/wp-content\/uploads\/2022\/03\/7c4be524-3a59-40df-b641-100343bfeeeb.jpg","width":1600,"height":1200},{"@type":"BreadcrumbList","@id":"https:\/\/www.collectifetcie.fr\/index.php\/les-artistes\/christine-letailleur-fabrik-theatre-2\/carnets-de-galere\/#breadcrumb","itemListElement":[{"@type":"ListItem","position":1,"name":"Accueil","item":"https:\/\/www.collectifetcie.fr\/"},{"@type":"ListItem","position":2,"name":"Artistes et compagnies","item":"https:\/\/www.collectifetcie.fr\/index.php\/les-artistes\/"},{"@type":"ListItem","position":3,"name":"Christine Letailleur > Fabrik Theatre","item":"https:\/\/www.collectifetcie.fr\/index.php\/les-artistes\/christine-letailleur-fabrik-theatre-2\/"},{"@type":"ListItem","position":4,"name":"CARNETS DE GALERE"}]},{"@type":"WebSite","@id":"https:\/\/www.collectifetcie.fr\/#website","url":"https:\/\/www.collectifetcie.fr\/","name":"collectif et compagnie","description":"","publisher":{"@id":"https:\/\/www.collectifetcie.fr\/#organization"},"potentialAction":[{"@type":"SearchAction","target":{"@type":"EntryPoint","urlTemplate":"https:\/\/www.collectifetcie.fr\/?s={search_term_string}"},"query-input":{"@type":"PropertyValueSpecification","valueRequired":true,"valueName":"search_term_string"}}],"inLanguage":"fr-FR"},{"@type":"Organization","@id":"https:\/\/www.collectifetcie.fr\/#organization","name":"collectif et compagnie","url":"https:\/\/www.collectifetcie.fr\/","logo":{"@type":"ImageObject","inLanguage":"fr-FR","@id":"https:\/\/www.collectifetcie.fr\/#\/schema\/logo\/image\/","url":"https:\/\/www.collectifetcie.fr\/wp-content\/uploads\/2025\/09\/cropped-Bandeau-Site-04-09-25-OK.jpg","contentUrl":"https:\/\/www.collectifetcie.fr\/wp-content\/uploads\/2025\/09\/cropped-Bandeau-Site-04-09-25-OK.jpg","width":1616,"height":234,"caption":"collectif et compagnie"},"image":{"@id":"https:\/\/www.collectifetcie.fr\/#\/schema\/logo\/image\/"}}]}},"_links":{"self":[{"href":"https:\/\/www.collectifetcie.fr\/index.php\/wp-json\/wp\/v2\/pages\/1623","targetHints":{"allow":["GET"]}}],"collection":[{"href":"https:\/\/www.collectifetcie.fr\/index.php\/wp-json\/wp\/v2\/pages"}],"about":[{"href":"https:\/\/www.collectifetcie.fr\/index.php\/wp-json\/wp\/v2\/types\/page"}],"author":[{"embeddable":true,"href":"https:\/\/www.collectifetcie.fr\/index.php\/wp-json\/wp\/v2\/users\/1"}],"replies":[{"embeddable":true,"href":"https:\/\/www.collectifetcie.fr\/index.php\/wp-json\/wp\/v2\/comments?post=1623"}],"version-history":[{"count":17,"href":"https:\/\/www.collectifetcie.fr\/index.php\/wp-json\/wp\/v2\/pages\/1623\/revisions"}],"predecessor-version":[{"id":1653,"href":"https:\/\/www.collectifetcie.fr\/index.php\/wp-json\/wp\/v2\/pages\/1623\/revisions\/1653"}],"up":[{"embeddable":true,"href":"https:\/\/www.collectifetcie.fr\/index.php\/wp-json\/wp\/v2\/pages\/819"}],"wp:attachment":[{"href":"https:\/\/www.collectifetcie.fr\/index.php\/wp-json\/wp\/v2\/media?parent=1623"}],"curies":[{"name":"wp","href":"https:\/\/api.w.org\/{rel}","templated":true}]}}