{"id":1325,"date":"2021-11-11T11:27:11","date_gmt":"2021-11-11T10:27:11","guid":{"rendered":"https:\/\/www.collectifetcie.fr\/?page_id=1325"},"modified":"2023-09-21T15:41:29","modified_gmt":"2023-09-21T13:41:29","slug":"la-terre-entre-les-mondes","status":"publish","type":"page","link":"https:\/\/www.collectifetcie.fr\/index.php\/les-artistes\/jean-boillot-cie-la-spirale\/la-terre-entre-les-mondes\/","title":{"rendered":"LA TERRE ENTRE LES MONDES"},"content":{"rendered":"\n<p class=\"has-text-align-center\">dans le cadre des Th\u00e9\u00e2trales Charles Dullin &#8211; \u00e9dition 2022<\/p>\n\n\n\n<figure class=\"wp-block-embed alignleft is-type-video is-provider-youtube wp-block-embed-youtube wp-embed-aspect-16-9 wp-has-aspect-ratio\"><div class=\"wp-block-embed__wrapper\">\n<iframe loading=\"lazy\" title=\"La terre entre les mondes - Teaser\" width=\"640\" height=\"360\" src=\"https:\/\/www.youtube.com\/embed\/34n4n5BPjPk?feature=oembed\" frameborder=\"0\" allow=\"accelerometer; autoplay; clipboard-write; encrypted-media; gyroscope; picture-in-picture; web-share\" referrerpolicy=\"strict-origin-when-cross-origin\" allowfullscreen><\/iframe>\n<\/div><\/figure>\n\n\n\n<figure class=\"wp-block-gallery has-nested-images columns-default is-cropped wp-block-gallery-1 is-layout-flex wp-block-gallery-is-layout-flex\">\n<figure class=\"wp-block-image size-large\"><img loading=\"lazy\" decoding=\"async\" width=\"1024\" height=\"682\" data-id=\"2450\" src=\"https:\/\/www.collectifetcie.fr\/wp-content\/uploads\/2022\/11\/TEM-013-1024x682.jpg\" alt=\"\" class=\"wp-image-2450\" srcset=\"https:\/\/www.collectifetcie.fr\/wp-content\/uploads\/2022\/11\/TEM-013-1024x682.jpg 1024w, https:\/\/www.collectifetcie.fr\/wp-content\/uploads\/2022\/11\/TEM-013-300x200.jpg 300w, https:\/\/www.collectifetcie.fr\/wp-content\/uploads\/2022\/11\/TEM-013-768x512.jpg 768w, https:\/\/www.collectifetcie.fr\/wp-content\/uploads\/2022\/11\/TEM-013.jpg 1265w\" sizes=\"auto, (max-width: 1024px) 100vw, 1024px\" \/><figcaption class=\"wp-element-caption\">\u00a9 Sylvain Martin<\/figcaption><\/figure>\n\n\n\n<figure class=\"wp-block-image size-large\"><img loading=\"lazy\" decoding=\"async\" width=\"1024\" height=\"683\" data-id=\"2446\" src=\"https:\/\/www.collectifetcie.fr\/wp-content\/uploads\/2022\/11\/TEM-012-1024x683.jpg\" alt=\"\" class=\"wp-image-2446\" srcset=\"https:\/\/www.collectifetcie.fr\/wp-content\/uploads\/2022\/11\/TEM-012-1024x683.jpg 1024w, https:\/\/www.collectifetcie.fr\/wp-content\/uploads\/2022\/11\/TEM-012-300x200.jpg 300w, https:\/\/www.collectifetcie.fr\/wp-content\/uploads\/2022\/11\/TEM-012-768x512.jpg 768w, https:\/\/www.collectifetcie.fr\/wp-content\/uploads\/2022\/11\/TEM-012.jpg 1348w\" sizes=\"auto, (max-width: 1024px) 100vw, 1024px\" \/><figcaption class=\"wp-element-caption\">\u00a9 Sylvain Martin<\/figcaption><\/figure>\n<\/figure>\n\n\n\n<div style=\"height:27px\" aria-hidden=\"true\" class=\"wp-block-spacer\"><\/div>\n\n\n\n<p class=\"has-text-align-center has-white-color has-text-color has-background has-normal-font-size\" style=\"background-color:#a60b15\"><strong>G\u00e9n\u00e9rique \/ R\u00e9sum\u00e9 \/ Dossier \/ Calendrier <\/strong><\/p>\n\n\n\n<div class=\"wp-block-columns is-layout-flex wp-container-core-columns-is-layout-9d6595d7 wp-block-columns-is-layout-flex\">\n<div class=\"wp-block-column is-layout-flow wp-block-column-is-layout-flow\">\n<p class=\"has-cyan-bluish-gray-background-color has-background has-normal-font-size\" id=\"g\u00e9n\u00e9rique\">texte de <br><strong>M\u00e9tie Navajo<\/strong><br>Editions <strong>Espace 34<br><\/strong>mise en sc\u00e8ne<br><strong>Jean Boillot<br><\/strong>assistant \u00e0 mise en sc\u00e8ne <br><strong>Philippe Lardaud <br><\/strong>conseil dramaturgie <strong>David Duran Camacho <\/strong>sc\u00e9nographie<br><strong>Laurence Villerot <\/strong>cr\u00e9ation lumi\u00e8re<br><strong>Ivan Mathis<br><\/strong>cr\u00e9ation costume <strong>Virginie Br\u00e9guer <\/strong>cr\u00e9ation sonore <strong>Christophe Hauser <\/strong>R\u00e9gie g\u00e9n\u00e9rale<br><strong>Perceval Sanchez<\/strong><br><br><br>avec&nbsp;<br><strong>Lya Bonilla<\/strong><br><strong>Sophia Fabian<\/strong><br><strong>Christine Muller<\/strong><br><strong>Giovanni Ortega<\/strong><br><strong>Cyrielle Rayet&nbsp;<\/strong><br><strong>St\u00e9phanie Schwartzbrod<\/strong><br><br><br><\/p>\n\n\n\n<p><em>\u00ab\u00a0<strong>Si le texte d\u00e9nonce ce pillage de la nature, il fait appel au myst\u00e8re, \u00e0 l\u2019onirique, la po\u00e9sie, les r\u00eaves et les morts venant hanter les vivants.&nbsp;Un univers tr\u00e8s fort et singulier.<\/strong>\u00a0\u00bb&nbsp;<\/em><br>Laurence Cazaux, Le Matricule des Anges, n\u00b0224, juin 2021<\/p>\n\n\n\n<p><\/p>\n\n\n\n<p><strong><em>A la fa\u00e7on d\u2019un conte acidul\u00e9 d\u2019enfance \u00e0 destination de tous, un spectacle qu\u2019on aimerait voir se r\u00e9p\u00e9ter sur les sc\u00e8nes, pr\u00f4nant l\u2019\u00e9veil des consciences existentielles et leur d\u00e9sir d\u2019\u00e9lucidation.<\/em><\/strong>\u00ab\u00a0<br>V\u00e9ronique Hotte &#8211; Hottello<\/p>\n<\/div>\n\n\n\n<div class=\"wp-block-column is-layout-flow wp-block-column-is-layout-flow\">\n<p style=\"font-size:17px\"><strong><em>La terre entre les mondes<\/em><\/strong>&nbsp;est le r\u00e9cit bouleversant d\u2019une rencontre entre 2 tr\u00e8s jeunes femmes&nbsp;: C\u00e9cilia est Maya, elle vit avec son p\u00e8re et le fant\u00f4me de sa grand-m\u00e8re. Elle travaille comme journali\u00e8re pour des propri\u00e9taire terriens&nbsp;mennonites qui cultivent du soja transg\u00e9nique sur les terres ancestrales maya, for\u00eats devenues champs immenses.<br>Amalia est la fille de ces agriculteurs mennonites: corset\u00e9e dans les r\u00e8gles strictes de sa communaut\u00e9 religieuse (des anabaptistes radicaux), ses croyances sont en grand questionnement (comment croire que la terre est plate dans un monde domin\u00e9 par la science et la technique\u2026) Sa rencontre avec C\u00e9cilia sera un chemin de lib\u00e9ration.<\/p>\n\n\n\n<p style=\"font-size:17px\">A travers de ce conte th\u00e9\u00e2tral simple se dessine un portrait de notre monde vu au travers d\u2019un petit village du Yucatan : il y est question d\u2019agriculture intensive, de droits \u00e0 la terre, de langues et de cultures indig\u00e8nes, de croyances et surtout de transmission f\u00e9minine.<\/p>\n\n\n\n<p>\u00ab\u00a0<b> Fable ing\u00e9nieuse, harmonieusement po\u00e9tique, \u00adporteuse de th\u00e8mes essentiels sur la lutte des langues et des classes, la nature bafou\u00e9e, l\u2019\u00eatre f\u00e9minin en \u00addiverses conditions\u2026 <\/b><strong style=\"font-weight: bold;\">Jean Boillot et son \u00e9quipe cr\u00e9ent un univers plastique d\u2019une irr\u00e9futable \u00adbeaut\u00e9.<\/strong>\u00ab\u00a0<br>Jean-Pierre L\u00e9onardini &#8211; L&rsquo;Humanit\u00e9<\/p>\n\n\n\n<p>\u00ab\u00a0<strong>Des th\u00e9matiques contemporaines qui s\u2019entrelacent et \u00e9clairent la situation d\u2019un pays souvent m\u00e9connu dans des r\u00e9sonances qui le d\u00e9passent<\/strong><em>, <strong>la terre entre les mondes<\/strong><\/em><strong> est un spectacle politique et po\u00e9tique parfaitement abouti, jamais d\u00e9monstratif, tout en affleurements et en sensibilit\u00e9.<\/strong>\u00ab\u00a0<br>Eric Demey &#8211; Sceneweb<\/p>\n<\/div>\n\n\n\n<div class=\"wp-block-column is-layout-flow wp-block-column-is-layout-flow\">\n<p class=\"has-white-color has-cyan-bluish-gray-background-color has-text-color has-background has-small-font-size\">production  La Spirale &#8211; Compagnie Jean Boillot- Compagnie conventionn\u00e9e par le minist\u00e8re de la Culture.<br>Coproduction : Th\u00e9\u00e2tre Jean Vilar- Vitry sur Seine, Bords 2 sc\u00e8nes \u2013 Vitry le Fran\u00e7ois, EMC- &nbsp;Saint Michel Sur Orge. &nbsp;CDN de Sartrouville. Cr\u00e9ation soutenue par la R\u00e9gion Grand Est, le D\u00e9partement du Val de Marne, le Nest \u2013 CDN de Thionville et le Studio Th\u00e9\u00e2tre de Vitry sur Seine (accueil en r\u00e9sidence).<\/p>\n\n\n\n<p class=\"has-text-color\" style=\"color:#a60b15\"><strong>DUREE 1h50<\/strong><br>CAPTATION SUR DEMANDE<\/p>\n\n\n\n<p>Spectacle tout public &gt; <br>\u00e0 partir de 14 ans<\/p>\n\n\n\n<p class=\"has-white-color has-cyan-bluish-gray-background-color has-text-color has-background has-small-font-size\"><meta charset=\"utf-8\"><strong>contacts<\/strong><br><strong>&gt; production<br>Mireille Regler &#8211; (33) &nbsp;(0)6 08 58 14 66&nbsp;<br><a href=\"mailto:production.laspirale@gmail.com\">production.laspirale@gmail.com<\/a><\/strong><br><br><strong>&gt; diffusion<br>Estelle Delorme&nbsp;\u2013 <meta charset=\"utf-8\">(33) &nbsp;(0)6 77 13 30 88<br><a href=\"mailto:estelle.delorme@collectifetcie.fr\">estelle.delorme@collectifetcie.fr&nbsp;<\/a><br>G\u00e9raldine Morier-Genoud&nbsp;\u2013 06 20 41 41 25<br><a href=\"mailto:geraldine.moriergenoud@collectifetcie.fr\">geraldine.moriergenoud@collectifetcie.fr<\/a><\/strong><\/p>\n\n\n\n<p><strong>\u00ab\u00a0M\u00e9tie Navaro et Jean Boillot offrent une partition th\u00e9\u00e2trale entre alerte et espoir, entre fantasme d\u2019un monde perdu, dont on ne sait plus grand-chose, et d\u00e9sir d\u2019un monde meilleur, dont on peine \u00e0 dessiner encore les contours : une pi\u00e8ce de et pour notre \u00e9poque incertaine\u00a0\u00bb<\/strong>&nbsp;Catherine Robert &#8211; La Terrasse&nbsp;<\/p>\n\n\n\n<p>\u00a0\u00bb <strong>Dans cette sorte de conte moderne, M\u00e9tie Navajo par son texte et Jean Boillot par sa mise en sc\u00e8ne nous offrent une lecture plurielle et complexe de l\u2019identit\u00e9 aujourd\u2019hui : avec des personnages adolescents jamais \u00e0 leur place, enferm\u00e9s dans des cat\u00e9gories sociales fig\u00e9es, \u00e9pris d\u2019un d\u00e9sir de libert\u00e9 tout en gardant un pied dans leur culture, la pi\u00e8ce nous ouvre de nouveaux horizons, de nouvelles pistes de r\u00e9flexion et beaucoup d\u2019espoir.<\/strong>\u00a0\u00bb Toute la Culture &#8211; Rachel Rudloff<\/p>\n<\/div>\n<\/div>\n\n\n\n<div class=\"wp-block-buttons is-horizontal is-content-justification-space-between is-layout-flex wp-container-core-buttons-is-layout-9262d1ff wp-block-buttons-is-layout-flex\">\n<div class=\"wp-block-button is-style-fill\"><a class=\"wp-block-button__link has-cyan-bluish-gray-color has-text-color wp-element-button\" href=\"https:\/\/www.collectifetcie.fr\/wp-content\/uploads\/2022\/09\/Dossier-TEM-BV-1.pdf\">dossier de diffusion<\/a><\/div>\n\n\n\n<div class=\"wp-block-button is-style-fill\"><a class=\"wp-block-button__link has-white-color has-vivid-red-background-color has-text-color has-background wp-element-button\" href=\"https:\/\/www.collectifetcie.fr\/wp-content\/uploads\/2022\/11\/Revue-de-presse-OK.pdf\">Revue de presse<\/a><\/div>\n<\/div>\n\n\n\n<div style=\"height:40px\" aria-hidden=\"true\" class=\"wp-block-spacer\"><\/div>\n\n\n\n<p class=\"has-white-color has-text-color has-background has-medium-font-size\" style=\"background-color:#a60b15\"><strong>DIFFUSION SAISON 2023\/24<\/strong><\/p>\n\n\n\n<p style=\"font-size:14px\"><strong><a href=\"https:\/\/lechangeur.org\/\">L&rsquo;Echangeur &#8211; Bagnolet <\/a><\/strong><br><strong>lundi 2 octobre <\/strong>2023 &#8211; 20H30<br><strong>mardi 3 octobre <\/strong>2023<strong> &#8211; <\/strong>20H30<br><strong>mercredi 4 octobre <\/strong>2023 &#8211; 20H30<br><strong>Jeudi 5 octobre <\/strong>2023 &#8211; 20H30<strong><br>vendredi 6 octobre <\/strong>2023 &#8211; 20H30<strong><br>samedi 7 octobre <\/strong>2023 &#8211; 18h00<br><strong>lundi 8 octobre <\/strong>2023 &#8211; 20H30<br><strong>mardi 9 octobre <\/strong>2023 &#8211; 20H30<br><strong>mercredi 10 octobre <\/strong>2023 &#8211; 20H30<br><strong>Jeudi 11 octobre <\/strong>2023 &#8211; 20H30<\/p>\n\n\n\n<p style=\"font-size:14px\"><strong><a href=\"https:\/\/www.theatrejoliette.fr\/programmation\/23-24\/la-terre-entre-les-mondes\">Th\u00e9\u00e2tre de la Joliette &#8211; Marseille<\/a><br>mercredi 18 octobre <\/strong>2023 &#8211; 19h<br><strong>jeudi 19 octobre<\/strong> 2023 &#8211; 14h30 et 20H<br><strong>vendredi 20 octobre<\/strong> 2023 &#8211; 20h<br><strong>samedi 21 octobre<\/strong> 2023 &#8211; 19h<br><br><strong><a href=\"https:\/\/www.culture.fontenay.fr\/-2178.html\">Fontenay en sc\u00e8ne<\/a><\/strong> Th\u00e9\u00e2tre Jean Fran\u00e7ois Voguet, &#8211; Fontenay sous Bois<br><strong>samedi 4 mai <\/strong>2024<br><br><strong><a href=\"https:\/\/www.londe.fr\/\">L&rsquo;Onde<\/a><\/strong> &#8211; Velizy Villacoublay<br><strong>mardi 14 mai <\/strong>2024<br><\/p>\n\n\n\n<p style=\"font-size:14px\"><br><\/p>\n\n\n\n<p class=\"has-white-color has-cyan-bluish-gray-background-color has-text-color has-background has-medium-font-size\"><strong>CREATION  ET DIFFUSION SAISON 2022\/2<\/strong>3<\/p>\n\n\n\n<div class=\"wp-block-columns is-layout-flex wp-container-core-columns-is-layout-9d6595d7 wp-block-columns-is-layout-flex\">\n<div class=\"wp-block-column is-layout-flow wp-block-column-is-layout-flow\">\n<p style=\"font-size:14px\"><strong>CREATION &gt;&gt;&gt; <a href=\"https:\/\/www.theatrejeanvilar.com\/\">Th\u00e9\u00e2tre Jean VIlar &#8211; Vitry-sur-Seine<\/a><\/strong><br><strong>Mardi 8 novembre 2022 &#8211; 14H30 <\/strong><br><strong>Mercredi 9 novembre 2022 &#8211; 20h00 <\/strong><br><strong>Jeudi 10 novembre 2022 &#8211; 14H30 <\/strong><br><strong>Vendredi 11 novembre 2022 &#8211; 15h00 <\/strong><\/p>\n\n\n\n<p style=\"font-size:14px\"><a href=\"https:\/\/www.nest-theatre.fr\/\"><strong>NEST &#8211; CDN Thionville<\/strong><\/a><br><strong>mercredi 16 novembre &#8211; 19h<br>jeudi 17 novembre 2022 &#8211; 20h<br>Vendredi 18 novembre 2022 &#8211; 20h<\/strong><\/p>\n\n\n\n<p style=\"font-size:14px\"><strong><a href=\"https:\/\/bords2scenes.fr\/\">Bords 2 Sc\u00e8nes &#8211; Vitry le Fran\u00e7ois<\/a><br>Jeudi 1er d\u00e9cembre 2022 \u2013 20h30<\/strong><\/p>\n\n\n\n<p style=\"font-size:14px\"><strong><a href=\"http:\/\/www.emc91.org\">Espace Marcel Carn\u00e9 &#8211; Saint Michel sur orge<br><\/a>jeudi 8 d\u00e9cembre 2022 &#8211; 20H30<\/strong><\/p>\n<\/div>\n<\/div>\n\n\n\n<p><\/p>\n","protected":false},"excerpt":{"rendered":"<p>dans le cadre des Th\u00e9\u00e2trales Charles Dullin &#8211; \u00e9dition 2022 G\u00e9n\u00e9rique \/ R\u00e9sum\u00e9 \/ Dossier \/ Calendrier texte de M\u00e9tie NavajoEditions Espace 34mise en sc\u00e8neJean Boillotassistant \u00e0 mise en sc\u00e8ne Philippe Lardaud conseil dramaturgie David Duran Camacho sc\u00e9nographieLaurence Villerot cr\u00e9ation lumi\u00e8reIvan Mathiscr\u00e9ation costume Virginie Br\u00e9guer cr\u00e9ation sonore Christophe Hauser R\u00e9gie g\u00e9n\u00e9ralePerceval Sanchez avec&nbsp;Lya BonillaSophia FabianChristine [&hellip;]<\/p>\n","protected":false},"author":1,"featured_media":0,"parent":32,"menu_order":2,"comment_status":"closed","ping_status":"closed","template":"template-full.php","meta":{"footnotes":""},"class_list":["post-1325","page","type-page","status-publish","hentry"],"yoast_head":"<!-- This site is optimized with the Yoast SEO plugin v27.5 - https:\/\/yoast.com\/product\/yoast-seo-wordpress\/ -->\n<title>LA TERRE ENTRE LES MONDES - collectif et compagnie<\/title>\n<meta name=\"description\" content=\"Cr\u00e9ation de Jean Boillot du texte de M\u00e9tie Navajo, conte th\u00e9\u00e2tral qui se d\u00e9roule dans un village du Yuacatan\" \/>\n<meta name=\"robots\" content=\"index, follow, max-snippet:-1, max-image-preview:large, max-video-preview:-1\" \/>\n<link rel=\"canonical\" href=\"https:\/\/www.collectifetcie.fr\/index.php\/les-artistes\/jean-boillot-cie-la-spirale\/la-terre-entre-les-mondes\/\" \/>\n<meta property=\"og:locale\" content=\"fr_FR\" \/>\n<meta property=\"og:type\" content=\"article\" \/>\n<meta property=\"og:title\" content=\"LA TERRE ENTRE LES MONDES - collectif et compagnie\" \/>\n<meta property=\"og:description\" content=\"Cr\u00e9ation de Jean Boillot du texte de M\u00e9tie Navajo, conte th\u00e9\u00e2tral qui se d\u00e9roule dans un village du Yuacatan\" \/>\n<meta property=\"og:url\" content=\"https:\/\/www.collectifetcie.fr\/index.php\/les-artistes\/jean-boillot-cie-la-spirale\/la-terre-entre-les-mondes\/\" \/>\n<meta property=\"og:site_name\" content=\"collectif et compagnie\" \/>\n<meta property=\"article:modified_time\" content=\"2023-09-21T13:41:29+00:00\" \/>\n<meta property=\"og:image\" content=\"https:\/\/www.collectifetcie.fr\/wp-content\/uploads\/2022\/11\/TEM-013-1024x682.jpg\" \/>\n<meta name=\"twitter:card\" content=\"summary_large_image\" \/>\n<meta name=\"twitter:label1\" content=\"Dur\u00e9e de lecture estim\u00e9e\" \/>\n\t<meta name=\"twitter:data1\" content=\"3 minutes\" \/>\n<script type=\"application\/ld+json\" class=\"yoast-schema-graph\">{\"@context\":\"https:\\\/\\\/schema.org\",\"@graph\":[{\"@type\":\"WebPage\",\"@id\":\"https:\\\/\\\/www.collectifetcie.fr\\\/index.php\\\/les-artistes\\\/jean-boillot-cie-la-spirale\\\/la-terre-entre-les-mondes\\\/\",\"url\":\"https:\\\/\\\/www.collectifetcie.fr\\\/index.php\\\/les-artistes\\\/jean-boillot-cie-la-spirale\\\/la-terre-entre-les-mondes\\\/\",\"name\":\"LA TERRE ENTRE LES MONDES - collectif et compagnie\",\"isPartOf\":{\"@id\":\"https:\\\/\\\/www.collectifetcie.fr\\\/#website\"},\"primaryImageOfPage\":{\"@id\":\"https:\\\/\\\/www.collectifetcie.fr\\\/index.php\\\/les-artistes\\\/jean-boillot-cie-la-spirale\\\/la-terre-entre-les-mondes\\\/#primaryimage\"},\"image\":{\"@id\":\"https:\\\/\\\/www.collectifetcie.fr\\\/index.php\\\/les-artistes\\\/jean-boillot-cie-la-spirale\\\/la-terre-entre-les-mondes\\\/#primaryimage\"},\"thumbnailUrl\":\"https:\\\/\\\/www.collectifetcie.fr\\\/wp-content\\\/uploads\\\/2022\\\/11\\\/TEM-013-1024x682.jpg\",\"datePublished\":\"2021-11-11T10:27:11+00:00\",\"dateModified\":\"2023-09-21T13:41:29+00:00\",\"description\":\"Cr\u00e9ation de Jean Boillot du texte de M\u00e9tie Navajo, conte th\u00e9\u00e2tral qui se d\u00e9roule dans un village du Yuacatan\",\"breadcrumb\":{\"@id\":\"https:\\\/\\\/www.collectifetcie.fr\\\/index.php\\\/les-artistes\\\/jean-boillot-cie-la-spirale\\\/la-terre-entre-les-mondes\\\/#breadcrumb\"},\"inLanguage\":\"fr-FR\",\"potentialAction\":[{\"@type\":\"ReadAction\",\"target\":[\"https:\\\/\\\/www.collectifetcie.fr\\\/index.php\\\/les-artistes\\\/jean-boillot-cie-la-spirale\\\/la-terre-entre-les-mondes\\\/\"]}]},{\"@type\":\"ImageObject\",\"inLanguage\":\"fr-FR\",\"@id\":\"https:\\\/\\\/www.collectifetcie.fr\\\/index.php\\\/les-artistes\\\/jean-boillot-cie-la-spirale\\\/la-terre-entre-les-mondes\\\/#primaryimage\",\"url\":\"https:\\\/\\\/www.collectifetcie.fr\\\/wp-content\\\/uploads\\\/2022\\\/11\\\/TEM-013.jpg\",\"contentUrl\":\"https:\\\/\\\/www.collectifetcie.fr\\\/wp-content\\\/uploads\\\/2022\\\/11\\\/TEM-013.jpg\",\"width\":1265,\"height\":843},{\"@type\":\"BreadcrumbList\",\"@id\":\"https:\\\/\\\/www.collectifetcie.fr\\\/index.php\\\/les-artistes\\\/jean-boillot-cie-la-spirale\\\/la-terre-entre-les-mondes\\\/#breadcrumb\",\"itemListElement\":[{\"@type\":\"ListItem\",\"position\":1,\"name\":\"Accueil\",\"item\":\"https:\\\/\\\/www.collectifetcie.fr\\\/\"},{\"@type\":\"ListItem\",\"position\":2,\"name\":\"Artistes et compagnies\",\"item\":\"https:\\\/\\\/www.collectifetcie.fr\\\/index.php\\\/les-artistes\\\/\"},{\"@type\":\"ListItem\",\"position\":3,\"name\":\"Jean Boillot > Cie La Spirale\",\"item\":\"https:\\\/\\\/www.collectifetcie.fr\\\/index.php\\\/les-artistes\\\/jean-boillot-cie-la-spirale\\\/\"},{\"@type\":\"ListItem\",\"position\":4,\"name\":\"LA TERRE ENTRE LES MONDES\"}]},{\"@type\":\"WebSite\",\"@id\":\"https:\\\/\\\/www.collectifetcie.fr\\\/#website\",\"url\":\"https:\\\/\\\/www.collectifetcie.fr\\\/\",\"name\":\"collectif et compagnie\",\"description\":\"\",\"publisher\":{\"@id\":\"https:\\\/\\\/www.collectifetcie.fr\\\/#organization\"},\"potentialAction\":[{\"@type\":\"SearchAction\",\"target\":{\"@type\":\"EntryPoint\",\"urlTemplate\":\"https:\\\/\\\/www.collectifetcie.fr\\\/?s={search_term_string}\"},\"query-input\":{\"@type\":\"PropertyValueSpecification\",\"valueRequired\":true,\"valueName\":\"search_term_string\"}}],\"inLanguage\":\"fr-FR\"},{\"@type\":\"Organization\",\"@id\":\"https:\\\/\\\/www.collectifetcie.fr\\\/#organization\",\"name\":\"collectif et compagnie\",\"url\":\"https:\\\/\\\/www.collectifetcie.fr\\\/\",\"logo\":{\"@type\":\"ImageObject\",\"inLanguage\":\"fr-FR\",\"@id\":\"https:\\\/\\\/www.collectifetcie.fr\\\/#\\\/schema\\\/logo\\\/image\\\/\",\"url\":\"https:\\\/\\\/www.collectifetcie.fr\\\/wp-content\\\/uploads\\\/2025\\\/09\\\/cropped-Bandeau-Site-04-09-25-OK.jpg\",\"contentUrl\":\"https:\\\/\\\/www.collectifetcie.fr\\\/wp-content\\\/uploads\\\/2025\\\/09\\\/cropped-Bandeau-Site-04-09-25-OK.jpg\",\"width\":1616,\"height\":234,\"caption\":\"collectif et compagnie\"},\"image\":{\"@id\":\"https:\\\/\\\/www.collectifetcie.fr\\\/#\\\/schema\\\/logo\\\/image\\\/\"}}]}<\/script>\n<!-- \/ Yoast SEO plugin. -->","yoast_head_json":{"title":"LA TERRE ENTRE LES MONDES - collectif et compagnie","description":"Cr\u00e9ation de Jean Boillot du texte de M\u00e9tie Navajo, conte th\u00e9\u00e2tral qui se d\u00e9roule dans un village du Yuacatan","robots":{"index":"index","follow":"follow","max-snippet":"max-snippet:-1","max-image-preview":"max-image-preview:large","max-video-preview":"max-video-preview:-1"},"canonical":"https:\/\/www.collectifetcie.fr\/index.php\/les-artistes\/jean-boillot-cie-la-spirale\/la-terre-entre-les-mondes\/","og_locale":"fr_FR","og_type":"article","og_title":"LA TERRE ENTRE LES MONDES - collectif et compagnie","og_description":"Cr\u00e9ation de Jean Boillot du texte de M\u00e9tie Navajo, conte th\u00e9\u00e2tral qui se d\u00e9roule dans un village du Yuacatan","og_url":"https:\/\/www.collectifetcie.fr\/index.php\/les-artistes\/jean-boillot-cie-la-spirale\/la-terre-entre-les-mondes\/","og_site_name":"collectif et compagnie","article_modified_time":"2023-09-21T13:41:29+00:00","og_image":[{"url":"https:\/\/www.collectifetcie.fr\/wp-content\/uploads\/2022\/11\/TEM-013-1024x682.jpg","type":"","width":"","height":""}],"twitter_card":"summary_large_image","twitter_misc":{"Dur\u00e9e de lecture estim\u00e9e":"3 minutes"},"schema":{"@context":"https:\/\/schema.org","@graph":[{"@type":"WebPage","@id":"https:\/\/www.collectifetcie.fr\/index.php\/les-artistes\/jean-boillot-cie-la-spirale\/la-terre-entre-les-mondes\/","url":"https:\/\/www.collectifetcie.fr\/index.php\/les-artistes\/jean-boillot-cie-la-spirale\/la-terre-entre-les-mondes\/","name":"LA TERRE ENTRE LES MONDES - collectif et compagnie","isPartOf":{"@id":"https:\/\/www.collectifetcie.fr\/#website"},"primaryImageOfPage":{"@id":"https:\/\/www.collectifetcie.fr\/index.php\/les-artistes\/jean-boillot-cie-la-spirale\/la-terre-entre-les-mondes\/#primaryimage"},"image":{"@id":"https:\/\/www.collectifetcie.fr\/index.php\/les-artistes\/jean-boillot-cie-la-spirale\/la-terre-entre-les-mondes\/#primaryimage"},"thumbnailUrl":"https:\/\/www.collectifetcie.fr\/wp-content\/uploads\/2022\/11\/TEM-013-1024x682.jpg","datePublished":"2021-11-11T10:27:11+00:00","dateModified":"2023-09-21T13:41:29+00:00","description":"Cr\u00e9ation de Jean Boillot du texte de M\u00e9tie Navajo, conte th\u00e9\u00e2tral qui se d\u00e9roule dans un village du Yuacatan","breadcrumb":{"@id":"https:\/\/www.collectifetcie.fr\/index.php\/les-artistes\/jean-boillot-cie-la-spirale\/la-terre-entre-les-mondes\/#breadcrumb"},"inLanguage":"fr-FR","potentialAction":[{"@type":"ReadAction","target":["https:\/\/www.collectifetcie.fr\/index.php\/les-artistes\/jean-boillot-cie-la-spirale\/la-terre-entre-les-mondes\/"]}]},{"@type":"ImageObject","inLanguage":"fr-FR","@id":"https:\/\/www.collectifetcie.fr\/index.php\/les-artistes\/jean-boillot-cie-la-spirale\/la-terre-entre-les-mondes\/#primaryimage","url":"https:\/\/www.collectifetcie.fr\/wp-content\/uploads\/2022\/11\/TEM-013.jpg","contentUrl":"https:\/\/www.collectifetcie.fr\/wp-content\/uploads\/2022\/11\/TEM-013.jpg","width":1265,"height":843},{"@type":"BreadcrumbList","@id":"https:\/\/www.collectifetcie.fr\/index.php\/les-artistes\/jean-boillot-cie-la-spirale\/la-terre-entre-les-mondes\/#breadcrumb","itemListElement":[{"@type":"ListItem","position":1,"name":"Accueil","item":"https:\/\/www.collectifetcie.fr\/"},{"@type":"ListItem","position":2,"name":"Artistes et compagnies","item":"https:\/\/www.collectifetcie.fr\/index.php\/les-artistes\/"},{"@type":"ListItem","position":3,"name":"Jean Boillot > Cie La Spirale","item":"https:\/\/www.collectifetcie.fr\/index.php\/les-artistes\/jean-boillot-cie-la-spirale\/"},{"@type":"ListItem","position":4,"name":"LA TERRE ENTRE LES MONDES"}]},{"@type":"WebSite","@id":"https:\/\/www.collectifetcie.fr\/#website","url":"https:\/\/www.collectifetcie.fr\/","name":"collectif et compagnie","description":"","publisher":{"@id":"https:\/\/www.collectifetcie.fr\/#organization"},"potentialAction":[{"@type":"SearchAction","target":{"@type":"EntryPoint","urlTemplate":"https:\/\/www.collectifetcie.fr\/?s={search_term_string}"},"query-input":{"@type":"PropertyValueSpecification","valueRequired":true,"valueName":"search_term_string"}}],"inLanguage":"fr-FR"},{"@type":"Organization","@id":"https:\/\/www.collectifetcie.fr\/#organization","name":"collectif et compagnie","url":"https:\/\/www.collectifetcie.fr\/","logo":{"@type":"ImageObject","inLanguage":"fr-FR","@id":"https:\/\/www.collectifetcie.fr\/#\/schema\/logo\/image\/","url":"https:\/\/www.collectifetcie.fr\/wp-content\/uploads\/2025\/09\/cropped-Bandeau-Site-04-09-25-OK.jpg","contentUrl":"https:\/\/www.collectifetcie.fr\/wp-content\/uploads\/2025\/09\/cropped-Bandeau-Site-04-09-25-OK.jpg","width":1616,"height":234,"caption":"collectif et compagnie"},"image":{"@id":"https:\/\/www.collectifetcie.fr\/#\/schema\/logo\/image\/"}}]}},"_links":{"self":[{"href":"https:\/\/www.collectifetcie.fr\/index.php\/wp-json\/wp\/v2\/pages\/1325","targetHints":{"allow":["GET"]}}],"collection":[{"href":"https:\/\/www.collectifetcie.fr\/index.php\/wp-json\/wp\/v2\/pages"}],"about":[{"href":"https:\/\/www.collectifetcie.fr\/index.php\/wp-json\/wp\/v2\/types\/page"}],"author":[{"embeddable":true,"href":"https:\/\/www.collectifetcie.fr\/index.php\/wp-json\/wp\/v2\/users\/1"}],"replies":[{"embeddable":true,"href":"https:\/\/www.collectifetcie.fr\/index.php\/wp-json\/wp\/v2\/comments?post=1325"}],"version-history":[{"count":60,"href":"https:\/\/www.collectifetcie.fr\/index.php\/wp-json\/wp\/v2\/pages\/1325\/revisions"}],"predecessor-version":[{"id":3275,"href":"https:\/\/www.collectifetcie.fr\/index.php\/wp-json\/wp\/v2\/pages\/1325\/revisions\/3275"}],"up":[{"embeddable":true,"href":"https:\/\/www.collectifetcie.fr\/index.php\/wp-json\/wp\/v2\/pages\/32"}],"wp:attachment":[{"href":"https:\/\/www.collectifetcie.fr\/index.php\/wp-json\/wp\/v2\/media?parent=1325"}],"curies":[{"name":"wp","href":"https:\/\/api.w.org\/{rel}","templated":true}]}}